{"id":773714,"date":"2025-08-28T16:26:04","date_gmt":"2025-08-28T13:26:04","guid":{"rendered":"https:\/\/roveyayinevi.com.tr\/index.php\/urun\/tahtakurusu\/"},"modified":"2026-04-15T03:39:54","modified_gmt":"2026-04-15T00:39:54","slug":"tahtakurusu","status":"publish","type":"product","link":"https:\/\/roveyayinevi.com.tr\/index.php\/urun\/tahtakurusu\/","title":{"rendered":"Tahtakurusu"},"content":{"rendered":"<p>Pris\u0131pkin, bir zamanlar devrimin simgesi, elleri nas\u0131r ba\u011flam\u0131\u015f bir i\u015f\u00e7i ve sendika \u00fcyesidir. U\u011fruna sava\u015f\u0131lan devrim, NEP politikalar\u0131yla birlikte, devrimin diliyle konu\u015fan ancak yaln\u0131zca kendi y\u00fckseli\u015fine kulak kesilen bu \u201cyeni insan\u201d tipinin esiri h\u00e2line gelir.   Pris\u0131pkin, kendi s\u0131n\u0131f\u0131ndan b\u00fcsb\u00fct\u00fcn nefret eden, bir zamanlar eme\u011fiyle kazand\u0131\u011f\u0131 sendika kart\u0131n\u0131 menfaat arac\u0131 olarak kullanan burjuva \u00f6zentisi bir parazit h\u00e2line gelir. Bu u\u011furda s\u0131n\u0131f\u0131n\u0131, kendisine deliler gibi \u00e2\u015f\u0131k sevgilisini ve hatta ad\u0131n\u0131-soyad\u0131n\u0131 dahi ezip ge\u00e7er. Acaba b\u00f6ylesi bir parazit, ironik bi\u00e7imde idealize edilen gelece\u011fin Sovyet topraklar\u0131nda var olmay\u0131 ba\u015farabilecek midir?   Pris\u0131pkin\u2019in donduktan elli y\u0131l sonra \u00e7\u00f6z\u00fclmesi, zaman yolculu\u011fundan \u00e7ok, bir vicdan muhasebesi niteli\u011fi ta\u015f\u0131r. \u00c7\u00fcnk\u00fc Pris\u0131pkin\u2019i \u00e7\u00f6zen bu \u201cideal\u201d toplumun da kendisinden a\u015fa\u011f\u0131 kal\u0131r yan\u0131 yoktur.   Mayakovski, bu insan tipini sergilerken yaln\u0131zca devrimin o g\u00fcnk\u00fc suretini de\u011fil, genel olarak insanl\u0131\u011f\u0131n da bir panoramas\u0131n\u0131 g\u00f6zler \u00f6n\u00fcne sermektedir. O zamanlara kadar devrimin g\u00fcr\u00fclt\u00fcl\u00fc kalemi, Sovyetler\u2019in b\u00fcy\u00fck \u015fairi olarak an\u0131lan Mayakovski, Tahtakurusu oyunuyla bu \u201cyeni insan\u201d tipini sert\u00e7e ele\u015ftirir ve Sovyet h\u00fck\u00fbmetinin i\u00e7ten \u00e7\u00fcr\u00fcmeye ba\u015flad\u0131\u011f\u0131n\u0131 ilan eder.   Felix Kitap taraf\u0131ndan T\u00fcrk\u00e7eye, \u00f6zg\u00fcn dilinden ilk kez \u00e7evrilen bu eser, Gizem Eke&#8217;nin il\u00fcstrasyonlar\u0131, Evgheni Batu&#8217;nun kapak tasar\u0131m\u0131yla Felix Kitap etiketiyle sizlerle! <\/p>\n","protected":false},"excerpt":{"rendered":"<p>Pris\u0131pkin, bir zamanlar devrimin simgesi, elleri nas\u0131r ba\u011flam\u0131\u015f bir i\u015f\u00e7i ve sendika \u00fcyesidir. U\u011fruna sava\u015f\u0131lan devrim, NEP politikalar\u0131yla birlikte, devrimin diliyle konu\u015fan ancak yaln\u0131zca kendi y\u00fckseli\u015fine<span class=\"excerpt-hellip\"> [\u2026]<\/span><\/p>\n","protected":false},"featured_media":0,"template":"","meta":{"_monsterinsights_skip_tracking":false,"_monsterinsights_sitenote_active":false,"_monsterinsights_sitenote_note":"","_monsterinsights_sitenote_category":0},"product_brand":[],"product_cat":[12291,15566],"product_tag":[],"class_list":{"0":"post-773714","1":"product","2":"type-product","3":"status-publish","5":"product_cat-edebiyat","6":"product_cat-oyun","7":"pa_cilt-ciltsiz","8":"pa_tur-kitap","9":"pa_yayinevi-felix-kitap","10":"pa_yazar-vladimir-mayakovski","12":"first","13":"instock","14":"sale","15":"shipping-taxable","16":"purchasable","17":"product-type-simple"},"_links":{"self":[{"href":"https:\/\/roveyayinevi.com.tr\/index.php\/wp-json\/wp\/v2\/product\/773714","targetHints":{"allow":["GET"]}}],"collection":[{"href":"https:\/\/roveyayinevi.com.tr\/index.php\/wp-json\/wp\/v2\/product"}],"about":[{"href":"https:\/\/roveyayinevi.com.tr\/index.php\/wp-json\/wp\/v2\/types\/product"}],"wp:attachment":[{"href":"https:\/\/roveyayinevi.com.tr\/index.php\/wp-json\/wp\/v2\/media?parent=773714"}],"wp:term":[{"taxonomy":"product_brand","embeddable":true,"href":"https:\/\/roveyayinevi.com.tr\/index.php\/wp-json\/wp\/v2\/product_brand?post=773714"},{"taxonomy":"product_cat","embeddable":true,"href":"https:\/\/roveyayinevi.com.tr\/index.php\/wp-json\/wp\/v2\/product_cat?post=773714"},{"taxonomy":"product_tag","embeddable":true,"href":"https:\/\/roveyayinevi.com.tr\/index.php\/wp-json\/wp\/v2\/product_tag?post=773714"}],"curies":[{"name":"wp","href":"https:\/\/api.w.org\/{rel}","templated":true}]}}