{"id":773713,"date":"2025-08-28T16:26:03","date_gmt":"2025-08-28T13:26:03","guid":{"rendered":"https:\/\/roveyayinevi.com.tr\/index.php\/urun\/baskanligin-riskleri\/"},"modified":"2026-04-15T03:39:54","modified_gmt":"2026-04-15T00:39:54","slug":"baskanligin-riskleri","status":"publish","type":"product","link":"https:\/\/roveyayinevi.com.tr\/index.php\/urun\/baskanligin-riskleri\/","title":{"rendered":"Ba\u015fkanl\u0131\u011f\u0131n Riskleri"},"content":{"rendered":"<p>Juan J. Linz bu \u00e7al\u0131\u015fmas\u0131yla, istikrarl\u0131 demokratik y\u00f6netimlerin in\u015fa edilmesinde, var olan demokratik kurumlar\u0131n rolleri hakk\u0131nda bir tart\u0131\u015fma a\u00e7mak istemektedir. Ba\u015fkanl\u0131k sisteminin bar\u0131nd\u0131rm\u0131\u015f oldu\u011fu risklerin her yerde ve her durumda kesin olarak ortaya \u00e7\u0131kaca\u011f\u0131n\u0131 s\u00f6ylemenin m\u00fcmk\u00fcn olmad\u0131\u011f\u0131n\u0131 a\u00e7\u0131k\u00e7a belirten Linz\u2019in as\u0131l vurgusu, \u00f6zellikle siyas\u00ee ayr\u0131\u015fmalar\u0131n derin oldu\u011fu \u00fclkelerde parlamenter sistemin demokrasiyi geli\u015ftirme noktas\u0131nda \u00e7ok daha elveri\u015fli oldu\u011fu y\u00f6n\u00fcndedir. <\/p>\n","protected":false},"excerpt":{"rendered":"<p>Juan J. Linz bu \u00e7al\u0131\u015fmas\u0131yla, istikrarl\u0131 demokratik y\u00f6netimlerin in\u015fa edilmesinde, var olan demokratik kurumlar\u0131n rolleri hakk\u0131nda bir tart\u0131\u015fma a\u00e7mak istemektedir. Ba\u015fkanl\u0131k sisteminin bar\u0131nd\u0131rm\u0131\u015f oldu\u011fu risklerin her<span class=\"excerpt-hellip\"> [\u2026]<\/span><\/p>\n","protected":false},"featured_media":0,"template":"","meta":{"_monsterinsights_skip_tracking":false,"_monsterinsights_sitenote_active":false,"_monsterinsights_sitenote_note":"","_monsterinsights_sitenote_category":0},"product_brand":[],"product_cat":[13590,12337],"product_tag":[],"class_list":{"0":"post-773713","1":"product","2":"type-product","3":"status-publish","5":"product_cat-arastirma-inceleme-politika-siyaset","6":"product_cat-politika-siyaset","7":"pa_cilt-ciltsiz","8":"pa_tur-kitap","9":"pa_yayinevi-episteme-yayinlari","10":"pa_yazar-juan-j-linz","12":"first","13":"instock","14":"sale","15":"shipping-taxable","16":"purchasable","17":"product-type-simple"},"_links":{"self":[{"href":"https:\/\/roveyayinevi.com.tr\/index.php\/wp-json\/wp\/v2\/product\/773713","targetHints":{"allow":["GET"]}}],"collection":[{"href":"https:\/\/roveyayinevi.com.tr\/index.php\/wp-json\/wp\/v2\/product"}],"about":[{"href":"https:\/\/roveyayinevi.com.tr\/index.php\/wp-json\/wp\/v2\/types\/product"}],"wp:attachment":[{"href":"https:\/\/roveyayinevi.com.tr\/index.php\/wp-json\/wp\/v2\/media?parent=773713"}],"wp:term":[{"taxonomy":"product_brand","embeddable":true,"href":"https:\/\/roveyayinevi.com.tr\/index.php\/wp-json\/wp\/v2\/product_brand?post=773713"},{"taxonomy":"product_cat","embeddable":true,"href":"https:\/\/roveyayinevi.com.tr\/index.php\/wp-json\/wp\/v2\/product_cat?post=773713"},{"taxonomy":"product_tag","embeddable":true,"href":"https:\/\/roveyayinevi.com.tr\/index.php\/wp-json\/wp\/v2\/product_tag?post=773713"}],"curies":[{"name":"wp","href":"https:\/\/api.w.org\/{rel}","templated":true}]}}