{"id":773710,"date":"2025-08-28T16:25:55","date_gmt":"2025-08-28T13:25:55","guid":{"rendered":"https:\/\/roveyayinevi.com.tr\/index.php\/urun\/ibrahimce-siirler\/"},"modified":"2026-04-15T03:39:54","modified_gmt":"2026-04-15T00:39:54","slug":"ibrahimce-siirler","status":"publish","type":"product","link":"https:\/\/roveyayinevi.com.tr\/index.php\/urun\/ibrahimce-siirler\/","title":{"rendered":"\u0130brahimce \u015eiirler"},"content":{"rendered":"<p>Her \u015fiir, bir iz\u2026 Her dize, bir ses\u2026 Bu kitap; bazen bir sabah ezan\u0131n\u0131n serinli\u011finde, bazen gece yar\u0131s\u0131 i\u00e7e g\u00f6m\u00fclen bir s\u00fck\u00fbnetin tam ortas\u0131nda yaz\u0131lm\u0131\u015f m\u0131sralardan olu\u015fuyor. Bir hik\u00e2ye anlatm\u0131yor belki, ama nice hik\u00e2yenin i\u00e7inden s\u00fcz\u00fclen duygulara dokunuyor. Hayat\u0131n karma\u015fas\u0131nda kimi zaman bir soluk, kimi zaman bir ayna olan bu \u015fiirler; a\u015fktan ayr\u0131l\u0131\u011fa, umutla bekleyi\u015ften teslimiyete kadar geni\u015f bir yelpazede geziniyor. Bazen \u00e7ocuklu\u011fa \u00f6zlemle, bazen zamana sitemle, bazen de Rabb\u2019e a\u00e7\u0131lan bir dua gibi sessiz ve derinden&#8230; Her sayfa ba\u015fka bir h\u00e2li anlat\u0131yor, her \u015fiir ba\u015fka bir an\u0131 f\u0131s\u0131ld\u0131yor. Bu y\u00fczden elinize ald\u0131\u011f\u0131n\u0131zda ba\u015ftan sona de\u011fil, kalbinizin sesine g\u00f6re bir yerden ba\u015flay\u0131n. Belki arad\u0131\u011f\u0131n\u0131z kelime tam da orada sizi bekliyordur. Okuyacaklar\u0131n\u0131z sadece \u015fiir de\u011fil; kalpten kalbe g\u00f6nderilen mektuplard\u0131r. <\/p>\n","protected":false},"excerpt":{"rendered":"<p>Her \u015fiir, bir iz\u2026 Her dize, bir ses\u2026 Bu kitap; bazen bir sabah ezan\u0131n\u0131n serinli\u011finde, bazen gece yar\u0131s\u0131 i\u00e7e g\u00f6m\u00fclen bir s\u00fck\u00fbnetin tam ortas\u0131nda yaz\u0131lm\u0131\u015f m\u0131sralardan<span class=\"excerpt-hellip\"> [\u2026]<\/span><\/p>\n","protected":false},"featured_media":0,"template":"","meta":{"_monsterinsights_skip_tracking":false,"_monsterinsights_sitenote_active":false,"_monsterinsights_sitenote_note":"","_monsterinsights_sitenote_category":0},"product_brand":[],"product_cat":[12291,12509],"product_tag":[],"class_list":{"0":"post-773710","1":"product","2":"type-product","3":"status-publish","5":"product_cat-edebiyat","6":"product_cat-siir","7":"pa_cilt-ciltsiz","8":"pa_tur-kitap","9":"pa_yayinevi-iye-kitap","10":"pa_yazar-ibrahim-abdulhalik-canbaz","12":"first","13":"instock","14":"sale","15":"shipping-taxable","16":"purchasable","17":"product-type-simple"},"_links":{"self":[{"href":"https:\/\/roveyayinevi.com.tr\/index.php\/wp-json\/wp\/v2\/product\/773710","targetHints":{"allow":["GET"]}}],"collection":[{"href":"https:\/\/roveyayinevi.com.tr\/index.php\/wp-json\/wp\/v2\/product"}],"about":[{"href":"https:\/\/roveyayinevi.com.tr\/index.php\/wp-json\/wp\/v2\/types\/product"}],"wp:attachment":[{"href":"https:\/\/roveyayinevi.com.tr\/index.php\/wp-json\/wp\/v2\/media?parent=773710"}],"wp:term":[{"taxonomy":"product_brand","embeddable":true,"href":"https:\/\/roveyayinevi.com.tr\/index.php\/wp-json\/wp\/v2\/product_brand?post=773710"},{"taxonomy":"product_cat","embeddable":true,"href":"https:\/\/roveyayinevi.com.tr\/index.php\/wp-json\/wp\/v2\/product_cat?post=773710"},{"taxonomy":"product_tag","embeddable":true,"href":"https:\/\/roveyayinevi.com.tr\/index.php\/wp-json\/wp\/v2\/product_tag?post=773710"}],"curies":[{"name":"wp","href":"https:\/\/api.w.org\/{rel}","templated":true}]}}