{"id":773706,"date":"2025-08-28T16:25:48","date_gmt":"2025-08-28T13:25:48","guid":{"rendered":"https:\/\/roveyayinevi.com.tr\/index.php\/urun\/ruhcu-safsata\/"},"modified":"2026-04-15T03:39:54","modified_gmt":"2026-04-15T00:39:54","slug":"ruhcu-safsata","status":"publish","type":"product","link":"https:\/\/roveyayinevi.com.tr\/index.php\/urun\/ruhcu-safsata\/","title":{"rendered":"Ruh\u00e7u Safsata"},"content":{"rendered":"<p>Ruh\u00e7uluk, 19. y\u00fczy\u0131l\u0131n ortalar\u0131nda Amerika Birle\u015fik Devletleri\u2019nde ortaya \u00e7\u0131km\u0131\u015f, k\u0131sa s\u00fcrede Avrupa\u2019ya yay\u0131lm\u0131\u015f ve kimi zaman \u201c\u00f6l\u00fclerle irtibat\u201d, kimi zaman \u201creenkarnasyon\u201d ve \u201catalar k\u00fclt\u00fc\u201d gibi inan\u00e7larla i\u00e7 i\u00e7e ge\u00e7mi\u015f bir fenomen h\u00e2line gelmi\u015ftir. Bir yandan bilimsel terminolojiyle konu\u015fmay\u0131 denerken, di\u011fer yandan modern toplumun manevi bo\u015flu\u011funa s\u00f6zde mistik bir cevap sunma iddias\u0131nda bulunan ruh\u00e7uluk, teosofizm ba\u015fta olmak \u00fczere pek \u00e7ok \u201cneo-din\u00ee\u201d ak\u0131m\u0131 da etkilemi\u015ftir. Ren\u00e9 Gu\u00e9non, Ruh\u00e7u Safsata adl\u0131 bu eserinde, sadece ruh\u00e7ulu\u011fun g\u00f6zle g\u00f6r\u00fcl\u00fcr tezah\u00fcrlerine de\u011fil, onun ard\u0131nda yatan modern zihniyet sapmas\u0131na da dikkat \u00e7eker. Ona g\u00f6re ruh\u00e7uluk, ne kadim geleneklerin miras\u00e7\u0131s\u0131d\u0131r ne de sahici bir metafizik nosyona sahiptir. Tam aksine, Gu\u00e9non bu hareketi derinlemesine analiz ederken ok\u00fcltizmin, medyumlu\u011fun, reenkarnasyonculu\u011fun ve \u201cs\u00f6zde-bilimsel deneylerin\u201d maskesini d\u00fc\u015f\u00fcr\u00fcr. Bu eser, \u00e7a\u011fda\u015f sahte maneviyat ak\u0131mlar\u0131na kar\u015f\u0131 hakikatin saf ve doktriner m\u00fcdafaas\u0131n\u0131 sunan nadir metinlerden biridir.<\/p>\n","protected":false},"excerpt":{"rendered":"<p>Ruh\u00e7uluk, 19. y\u00fczy\u0131l\u0131n ortalar\u0131nda Amerika Birle\u015fik Devletleri\u2019nde ortaya \u00e7\u0131km\u0131\u015f, k\u0131sa s\u00fcrede Avrupa\u2019ya yay\u0131lm\u0131\u015f ve kimi zaman \u201c\u00f6l\u00fclerle irtibat\u201d, kimi zaman \u201creenkarnasyon\u201d ve \u201catalar k\u00fclt\u00fc\u201d gibi inan\u00e7larla<span class=\"excerpt-hellip\"> [\u2026]<\/span><\/p>\n","protected":false},"featured_media":0,"template":"","meta":{"_monsterinsights_skip_tracking":false,"_monsterinsights_sitenote_active":false,"_monsterinsights_sitenote_note":"","_monsterinsights_sitenote_category":0},"product_brand":[],"product_cat":[19998,12388],"product_tag":[],"class_list":{"0":"post-773706","1":"product","2":"type-product","3":"status-publish","5":"product_cat-din-felsefesi","6":"product_cat-felsefe","7":"pa_cilt-ciltsiz","8":"pa_tur-kitap","9":"pa_yayinevi-paradigma-yayinlari","10":"pa_yazar-rene-guenon","12":"first","13":"instock","14":"sale","15":"shipping-taxable","16":"purchasable","17":"product-type-simple"},"_links":{"self":[{"href":"https:\/\/roveyayinevi.com.tr\/index.php\/wp-json\/wp\/v2\/product\/773706","targetHints":{"allow":["GET"]}}],"collection":[{"href":"https:\/\/roveyayinevi.com.tr\/index.php\/wp-json\/wp\/v2\/product"}],"about":[{"href":"https:\/\/roveyayinevi.com.tr\/index.php\/wp-json\/wp\/v2\/types\/product"}],"wp:attachment":[{"href":"https:\/\/roveyayinevi.com.tr\/index.php\/wp-json\/wp\/v2\/media?parent=773706"}],"wp:term":[{"taxonomy":"product_brand","embeddable":true,"href":"https:\/\/roveyayinevi.com.tr\/index.php\/wp-json\/wp\/v2\/product_brand?post=773706"},{"taxonomy":"product_cat","embeddable":true,"href":"https:\/\/roveyayinevi.com.tr\/index.php\/wp-json\/wp\/v2\/product_cat?post=773706"},{"taxonomy":"product_tag","embeddable":true,"href":"https:\/\/roveyayinevi.com.tr\/index.php\/wp-json\/wp\/v2\/product_tag?post=773706"}],"curies":[{"name":"wp","href":"https:\/\/api.w.org\/{rel}","templated":true}]}}