{"id":773705,"date":"2025-08-28T16:25:46","date_gmt":"2025-08-28T13:25:46","guid":{"rendered":"https:\/\/roveyayinevi.com.tr\/index.php\/urun\/mulahazalar-2\/"},"modified":"2026-04-15T03:39:54","modified_gmt":"2026-04-15T00:39:54","slug":"mulahazalar-2","status":"publish","type":"product","link":"https:\/\/roveyayinevi.com.tr\/index.php\/urun\/mulahazalar-2\/","title":{"rendered":"M\u00fclahazalar"},"content":{"rendered":"<p>Elinizdeki kitap, Ren\u00e9 Gu\u00e9non\u2019un muhtelif mecralarda ne\u015fredilmi\u015f, bir\u00e7o\u011fu kitapla\u015fmam\u0131\u015f yahut g\u00f6zden ka\u00e7m\u0131\u015f makalelerinden yap\u0131lan titiz bir se\u00e7kidir. M\u00fclahazalar, yaln\u0131zca bir araya getirilmi\u015f yaz\u0131lardan ibaret de\u011fildir; Gu\u00e9non\u2019un d\u00fc\u015f\u00fcnce sistemini olu\u015fturan metafizik, kozmoloji, geleneksel sanatlar, inisiyasyon, sembolizm, modern zihniyet ele\u015ftirisi gibi temel meselelerin belli bir disiplin alt\u0131nda tasnif edilerek yeniden in\u015fa edildi\u011fi bir derinlik arz eder. Her biri, tek ba\u015f\u0131na bir sistemin anahtar\u0131 olabilecek yo\u011funlukta metinlerden olu\u015fan bu eser, hakikatin pe\u015findeki okuyucular i\u00e7in benzersiz bir m\u00fcracaat kayna\u011f\u0131d\u0131r. Gu\u00e9non\u2019un yaln\u0131zca metafizik doktrinlerde de\u011fil, geleneksel kozmolojiden matematiksel sembollerin manas\u0131na, sanat\u0131n ruhani k\u00f6keninden Mormonluk gibi modern inan\u00e7 sistemlerinin tahliline kadar pek \u00e7ok sahada ortaya koydu\u011fu ihtisas, bu metinlerde a\u00e7\u0131k\u00e7a g\u00f6r\u00fcl\u00fcr. M\u00fclahazalar, da\u011f\u0131n\u0131k kalm\u0131\u015f bir k\u00fclliyat\u0131 sahih bir d\u00fczenle okuyucuya sunarken, Gu\u00e9non\u2019un b\u00fct\u00fcnc\u00fcl gelene\u011fi yeniden kurma gayretine de sadakatle e\u015flik eder.<\/p>\n","protected":false},"excerpt":{"rendered":"<p>Elinizdeki kitap, Ren\u00e9 Gu\u00e9non\u2019un muhtelif mecralarda ne\u015fredilmi\u015f, bir\u00e7o\u011fu kitapla\u015fmam\u0131\u015f yahut g\u00f6zden ka\u00e7m\u0131\u015f makalelerinden yap\u0131lan titiz bir se\u00e7kidir. M\u00fclahazalar, yaln\u0131zca bir araya getirilmi\u015f yaz\u0131lardan ibaret de\u011fildir; Gu\u00e9non\u2019un<span class=\"excerpt-hellip\"> [\u2026]<\/span><\/p>\n","protected":false},"featured_media":0,"template":"","meta":{"_monsterinsights_skip_tracking":false,"_monsterinsights_sitenote_active":false,"_monsterinsights_sitenote_note":"","_monsterinsights_sitenote_category":0},"product_brand":[],"product_cat":[19998,12388],"product_tag":[],"class_list":{"0":"post-773705","1":"product","2":"type-product","3":"status-publish","5":"product_cat-din-felsefesi","6":"product_cat-felsefe","7":"pa_cilt-ciltsiz","8":"pa_tur-kitap","9":"pa_yayinevi-paradigma-yayinlari","10":"pa_yazar-rene-guenon","12":"first","13":"instock","14":"sale","15":"shipping-taxable","16":"purchasable","17":"product-type-simple"},"_links":{"self":[{"href":"https:\/\/roveyayinevi.com.tr\/index.php\/wp-json\/wp\/v2\/product\/773705","targetHints":{"allow":["GET"]}}],"collection":[{"href":"https:\/\/roveyayinevi.com.tr\/index.php\/wp-json\/wp\/v2\/product"}],"about":[{"href":"https:\/\/roveyayinevi.com.tr\/index.php\/wp-json\/wp\/v2\/types\/product"}],"wp:attachment":[{"href":"https:\/\/roveyayinevi.com.tr\/index.php\/wp-json\/wp\/v2\/media?parent=773705"}],"wp:term":[{"taxonomy":"product_brand","embeddable":true,"href":"https:\/\/roveyayinevi.com.tr\/index.php\/wp-json\/wp\/v2\/product_brand?post=773705"},{"taxonomy":"product_cat","embeddable":true,"href":"https:\/\/roveyayinevi.com.tr\/index.php\/wp-json\/wp\/v2\/product_cat?post=773705"},{"taxonomy":"product_tag","embeddable":true,"href":"https:\/\/roveyayinevi.com.tr\/index.php\/wp-json\/wp\/v2\/product_tag?post=773705"}],"curies":[{"name":"wp","href":"https:\/\/api.w.org\/{rel}","templated":true}]}}