{"id":773704,"date":"2025-08-28T16:25:45","date_gmt":"2025-08-28T13:25:45","guid":{"rendered":"https:\/\/roveyayinevi.com.tr\/index.php\/urun\/islam-ezoterizmi-ve-taoculuk\/"},"modified":"2026-04-15T03:39:54","modified_gmt":"2026-04-15T00:39:54","slug":"islam-ezoterizmi-ve-taoculuk","status":"publish","type":"product","link":"https:\/\/roveyayinevi.com.tr\/index.php\/urun\/islam-ezoterizmi-ve-taoculuk\/","title":{"rendered":"\u0130slam Ezoterizmi ve Taoculuk"},"content":{"rendered":"<p>Bu eser, Ren\u00e9 Gu\u00e9non\u2019un metafizik d\u00fc\u015f\u00fcncesinin en derin ve titiz \u00f6rneklerinden biri olarak, hem \u0130sl\u00e2m tasavvufunun b\u00e2t\u0131n\u00ee y\u00f6n\u00fcn\u00fc hem de Uzak Do\u011fu\u2019nun geleneksel hikmetini incelemektedir. \u201cZ\u00e2hir\u201d ile \u201cb\u00e2t\u0131n\u201d, \u201c\u015feriat\u201d ile \u201chakikat\u201d, \u201ctefekk\u00fcr\u201d ile \u201cfen\u00e2\u201d gibi merkez\u00ee kavramlar etraf\u0131nda \u00f6r\u00fclen metinler; tasavvufun yaln\u0131zca ahl\u00e2k\u00ee bir yol de\u011fil, ayn\u0131 zamanda saf bir metafizik doktrin ve inisiyatik bir yap\u0131 ta\u015f\u0131d\u0131\u011f\u0131n\u0131 ortaya koymaktad\u0131r. Gu\u00e9non, \u0130sl\u00e2m\u2019\u0131n \u00f6z\u00fcndeki ezoterik \u00f6geleri kendi terminolojisiyle a\u00e7\u0131klarken, sahte mistisizmlerle kar\u0131\u015ft\u0131r\u0131lan b\u00e2t\u0131n yolun ger\u00e7ek mahiyetine de dikkat \u00e7ekmektedir. Kitab\u0131n ikinci k\u0131sm\u0131nda, Taoculuk ve Konf\u00fc\u00e7yanizm aras\u0131ndaki farklar, merkez ve \u00e7evre kavramlar\u0131, sembolizmin ontolojik temelleri gibi konular \u00fczerinden Do\u011fu metafizi\u011fiyle kurulan derinlemesine bir kar\u015f\u0131la\u015ft\u0131rma yer almaktad\u0131r. Gu\u00e9non; harf ve say\u0131 ilmi, kozmolojik d\u00fczen, ruhun tecell\u00ee mahiyetleri, y\u0131ld\u0131zlar ve gezegenlerle ili\u015fkilendirilen peygamberler gibi temalar\u0131 e\u015fsiz sentez kabiliyetiyle ele al\u0131rken tasavvuf ile Taoculu\u011fun, ayn\u0131 evrensel hakikate a\u00e7\u0131lan fakat birbirinden ba\u011f\u0131ms\u0131z yollar oldu\u011funu g\u00f6stermektedir. Bu kitap, metafizi\u011fin hem teorik temelini hem de sembolik ifadesini arayanlar i\u00e7in vazge\u00e7ilmez bir rehberdir&#8230; <\/p>\n","protected":false},"excerpt":{"rendered":"<p>Bu eser, Ren\u00e9 Gu\u00e9non\u2019un metafizik d\u00fc\u015f\u00fcncesinin en derin ve titiz \u00f6rneklerinden biri olarak, hem \u0130sl\u00e2m tasavvufunun b\u00e2t\u0131n\u00ee y\u00f6n\u00fcn\u00fc hem de Uzak Do\u011fu\u2019nun geleneksel hikmetini incelemektedir. \u201cZ\u00e2hir\u201d<span class=\"excerpt-hellip\"> [\u2026]<\/span><\/p>\n","protected":false},"featured_media":0,"template":"","meta":{"_monsterinsights_skip_tracking":false,"_monsterinsights_sitenote_active":false,"_monsterinsights_sitenote_note":"","_monsterinsights_sitenote_category":0},"product_brand":[],"product_cat":[19998,12388],"product_tag":[],"class_list":{"0":"post-773704","1":"product","2":"type-product","3":"status-publish","5":"product_cat-din-felsefesi","6":"product_cat-felsefe","7":"pa_cilt-ciltsiz","8":"pa_tur-kitap","9":"pa_yayinevi-paradigma-yayinlari","10":"pa_yazar-rene-guenon","12":"first","13":"instock","14":"sale","15":"shipping-taxable","16":"purchasable","17":"product-type-simple"},"_links":{"self":[{"href":"https:\/\/roveyayinevi.com.tr\/index.php\/wp-json\/wp\/v2\/product\/773704","targetHints":{"allow":["GET"]}}],"collection":[{"href":"https:\/\/roveyayinevi.com.tr\/index.php\/wp-json\/wp\/v2\/product"}],"about":[{"href":"https:\/\/roveyayinevi.com.tr\/index.php\/wp-json\/wp\/v2\/types\/product"}],"wp:attachment":[{"href":"https:\/\/roveyayinevi.com.tr\/index.php\/wp-json\/wp\/v2\/media?parent=773704"}],"wp:term":[{"taxonomy":"product_brand","embeddable":true,"href":"https:\/\/roveyayinevi.com.tr\/index.php\/wp-json\/wp\/v2\/product_brand?post=773704"},{"taxonomy":"product_cat","embeddable":true,"href":"https:\/\/roveyayinevi.com.tr\/index.php\/wp-json\/wp\/v2\/product_cat?post=773704"},{"taxonomy":"product_tag","embeddable":true,"href":"https:\/\/roveyayinevi.com.tr\/index.php\/wp-json\/wp\/v2\/product_tag?post=773704"}],"curies":[{"name":"wp","href":"https:\/\/api.w.org\/{rel}","templated":true}]}}