{"id":773703,"date":"2025-08-28T16:25:44","date_gmt":"2025-08-28T13:25:44","guid":{"rendered":"https:\/\/roveyayinevi.com.tr\/index.php\/urun\/teosofizm-duzmece-bir-inancin-tarihi\/"},"modified":"2026-04-15T03:39:54","modified_gmt":"2026-04-15T00:39:54","slug":"teosofizm-duzmece-bir-inancin-tarihi","status":"publish","type":"product","link":"https:\/\/roveyayinevi.com.tr\/index.php\/urun\/teosofizm-duzmece-bir-inancin-tarihi\/","title":{"rendered":"Teosofizm D\u00fczmece Bir \u0130nanc\u0131n Tarihi"},"content":{"rendered":"<p>Teosofizm, ekseriyetle \u201cDo\u011fu ve Bat\u0131 doktrinlerini birle\u015ftiren bir ezoterik hikmet sistemi\u201d olarak tan\u0131mlan\u0131r; kimi \u00e7evrelerde kadim bilgeliklerin modern bir yank\u0131s\u0131 olarak takdim edilir. Bu iddian\u0131n merkezinde, 1875 y\u0131l\u0131nda kurulan Teosofi Cemiyeti ve onun tart\u0131\u015fmal\u0131 kurucusu Madam Blavatsky yer al\u0131r. Hindistan mistisizmi, Budist telakkiler, ruh\u00e7uluk ve Bat\u0131 ok\u00fcltizminin par\u00e7alar\u0131n\u0131 bir potada eritti\u011fini \u00f6ne s\u00fcren bu cemiyet, zamanla Mah\u00e2tm\u00e2lar, astral fenomenler ve sahte inisiyasyonlar etraf\u0131nda \u015fekillenen geni\u015f bir inan\u00e7 sistemine d\u00f6n\u00fc\u015fm\u00fc\u015ft\u00fcr. Ren\u00e9 Gu\u00e9non, Teosofizm: D\u00fczmece Bir \u0130nanc\u0131n Tarihi adl\u0131 bu eserinde Teosofi Cemiyeti\u2019ne y\u00f6neltti\u011fi tenkitleri, kadim ve sahih ezoterizmi mikyas alarak temellendirmi\u015ftir. Gu\u00e9non, teosofizmin ne geleneksel Do\u011fu hikmetine ne de Bat\u0131\u2019n\u0131n hakiki ezoterik miras\u0131na ba\u011flanabildi\u011fini; aksine, sahte otoriteler, \u00e7eli\u015fkili doktrinler ve mistifikasyonla \u00f6r\u00fclm\u00fc\u015f bir kurmaca oldu\u011funu ortaya koymaktad\u0131r. Bu eser, modern \u201cs\u00f6zde\u201d maneviyat aray\u0131\u015flar\u0131n\u0131n en dikkat \u00e7ekici ve yan\u0131lt\u0131c\u0131 \u00f6rneklerinden birine kar\u015f\u0131 ciddi bir ikaz ve ihtar mahiyetindedir.<\/p>\n","protected":false},"excerpt":{"rendered":"<p>Teosofizm, ekseriyetle \u201cDo\u011fu ve Bat\u0131 doktrinlerini birle\u015ftiren bir ezoterik hikmet sistemi\u201d olarak tan\u0131mlan\u0131r; kimi \u00e7evrelerde kadim bilgeliklerin modern bir yank\u0131s\u0131 olarak takdim edilir. Bu iddian\u0131n merkezinde,<span class=\"excerpt-hellip\"> [\u2026]<\/span><\/p>\n","protected":false},"featured_media":0,"template":"","meta":{"_monsterinsights_skip_tracking":false,"_monsterinsights_sitenote_active":false,"_monsterinsights_sitenote_note":"","_monsterinsights_sitenote_category":0},"product_brand":[],"product_cat":[19998,12388],"product_tag":[],"class_list":{"0":"post-773703","1":"product","2":"type-product","3":"status-publish","5":"product_cat-din-felsefesi","6":"product_cat-felsefe","7":"pa_cilt-ciltsiz","8":"pa_tur-kitap","9":"pa_yayinevi-paradigma-yayinlari","10":"pa_yazar-rene-guenon","12":"first","13":"instock","14":"sale","15":"shipping-taxable","16":"purchasable","17":"product-type-simple"},"_links":{"self":[{"href":"https:\/\/roveyayinevi.com.tr\/index.php\/wp-json\/wp\/v2\/product\/773703","targetHints":{"allow":["GET"]}}],"collection":[{"href":"https:\/\/roveyayinevi.com.tr\/index.php\/wp-json\/wp\/v2\/product"}],"about":[{"href":"https:\/\/roveyayinevi.com.tr\/index.php\/wp-json\/wp\/v2\/types\/product"}],"wp:attachment":[{"href":"https:\/\/roveyayinevi.com.tr\/index.php\/wp-json\/wp\/v2\/media?parent=773703"}],"wp:term":[{"taxonomy":"product_brand","embeddable":true,"href":"https:\/\/roveyayinevi.com.tr\/index.php\/wp-json\/wp\/v2\/product_brand?post=773703"},{"taxonomy":"product_cat","embeddable":true,"href":"https:\/\/roveyayinevi.com.tr\/index.php\/wp-json\/wp\/v2\/product_cat?post=773703"},{"taxonomy":"product_tag","embeddable":true,"href":"https:\/\/roveyayinevi.com.tr\/index.php\/wp-json\/wp\/v2\/product_tag?post=773703"}],"curies":[{"name":"wp","href":"https:\/\/api.w.org\/{rel}","templated":true}]}}