{"id":773702,"date":"2025-08-28T16:25:42","date_gmt":"2025-08-28T13:25:42","guid":{"rendered":"https:\/\/roveyayinevi.com.tr\/index.php\/urun\/yatirim-tesviklerini-yeniden-dusunmek\/"},"modified":"2026-04-15T03:39:54","modified_gmt":"2026-04-15T00:39:54","slug":"yatirim-tesviklerini-yeniden-dusunmek","status":"publish","type":"product","link":"https:\/\/roveyayinevi.com.tr\/index.php\/urun\/yatirim-tesviklerini-yeniden-dusunmek\/","title":{"rendered":"Yat\u0131r\u0131m Te\u015fviklerini Yeniden D\u00fc\u015f\u00fcnmek"},"content":{"rendered":"<p>H\u00fck\u00fcmetler, yat\u0131r\u0131m\u0131 te\u015fvik etmek ve ekonomik b\u00fcy\u00fcmeyle di\u011fer kalk\u0131nma hedeflerini desteklemek amac\u0131yla genellikle do\u011frudan s\u00fcbvansiyonlar veya vergi indirimleri gibi te\u015fvikler kullan\u0131r. Do\u011fru \u015fekilde tasarlan\u0131p uyguland\u0131\u011f\u0131nda, bu te\u015fvikler istihdam\u0131 art\u0131rmak, s\u00fcrd\u00fcr\u00fclebilirli\u011fi te\u015fvik etmek ve e\u015fitsizli\u011fi azaltmak gibi \u00e7ok \u00e7e\u015fitli politika hedeflerine katk\u0131 sa\u011flayabilir. Ancak, tasar\u0131m ve uygulama s\u00fcre\u00e7leri karma\u015f\u0131k oldu\u011fundan, te\u015fvikler zaman zaman rant aray\u0131\u015f\u0131 ve israf niteli\u011findeki kamu harcamalar\u0131yla ili\u015fkilendirilmektedir. Bu kitap, d\u00fcnyadaki farkl\u0131 te\u015fvik t\u00fcrlerini ve kullan\u0131m alanlar\u0131n\u0131 g\u00f6zler \u00f6n\u00fcne sererken, bu te\u015fviklerin de\u011ferini art\u0131ran kurumsal ad\u0131mlar\u0131 da incelemektedir. Ekonomik analiz ile kalk\u0131nma etkileri, d\u00fczenleyici meseleler ve politika se\u00e7eneklerini birle\u015ftiren bu yaz\u0131lar, sadece \u015fehirlerin, eyaletlerin, \u00fclkelerin ve b\u00f6lgelerin yat\u0131r\u0131mlar\u0131 daha iyi \u00e7ekmesini, y\u00f6nlendirmesinive elde tutmas\u0131n\u0131 sa\u011flayacak sermaye hareketlili\u011finin nas\u0131l art\u0131r\u0131laca\u011f\u0131n\u0131 g\u00f6stermekle kalm\u0131yor; ayn\u0131 zamanda te\u015fviklerin kal\u0131c\u0131l\u0131\u011f\u0131n\u0131 sa\u011flamak i\u00e7in nas\u0131l politika geli\u015ftirilece\u011fini ve uzla\u015fma sa\u011flanaca\u011f\u0131n\u0131 da ortaya koyuyor.<\/p>\n","protected":false},"excerpt":{"rendered":"<p>H\u00fck\u00fcmetler, yat\u0131r\u0131m\u0131 te\u015fvik etmek ve ekonomik b\u00fcy\u00fcmeyle di\u011fer kalk\u0131nma hedeflerini desteklemek amac\u0131yla genellikle do\u011frudan s\u00fcbvansiyonlar veya vergi indirimleri gibi te\u015fvikler kullan\u0131r. Do\u011fru \u015fekilde tasarlan\u0131p uyguland\u0131\u011f\u0131nda, bu<span class=\"excerpt-hellip\"> [\u2026]<\/span><\/p>\n","protected":false},"featured_media":0,"template":"","meta":{"_monsterinsights_skip_tracking":false,"_monsterinsights_sitenote_active":false,"_monsterinsights_sitenote_note":"","_monsterinsights_sitenote_category":0},"product_brand":[],"product_cat":[14841,13043],"product_tag":[],"class_list":{"0":"post-773702","1":"product","2":"type-product","3":"status-publish","5":"product_cat-arastirma-inceleme-kuram","6":"product_cat-ekonomi","7":"pa_cilt-ciltsiz","8":"pa_tur-kitap","9":"pa_yayinevi-efil-yayinevi","10":"pa_yazar-kolektif","12":"first","13":"instock","14":"sale","15":"shipping-taxable","16":"purchasable","17":"product-type-simple"},"_links":{"self":[{"href":"https:\/\/roveyayinevi.com.tr\/index.php\/wp-json\/wp\/v2\/product\/773702","targetHints":{"allow":["GET"]}}],"collection":[{"href":"https:\/\/roveyayinevi.com.tr\/index.php\/wp-json\/wp\/v2\/product"}],"about":[{"href":"https:\/\/roveyayinevi.com.tr\/index.php\/wp-json\/wp\/v2\/types\/product"}],"wp:attachment":[{"href":"https:\/\/roveyayinevi.com.tr\/index.php\/wp-json\/wp\/v2\/media?parent=773702"}],"wp:term":[{"taxonomy":"product_brand","embeddable":true,"href":"https:\/\/roveyayinevi.com.tr\/index.php\/wp-json\/wp\/v2\/product_brand?post=773702"},{"taxonomy":"product_cat","embeddable":true,"href":"https:\/\/roveyayinevi.com.tr\/index.php\/wp-json\/wp\/v2\/product_cat?post=773702"},{"taxonomy":"product_tag","embeddable":true,"href":"https:\/\/roveyayinevi.com.tr\/index.php\/wp-json\/wp\/v2\/product_tag?post=773702"}],"curies":[{"name":"wp","href":"https:\/\/api.w.org\/{rel}","templated":true}]}}