{"id":773691,"date":"2025-08-28T16:25:21","date_gmt":"2025-08-28T13:25:21","guid":{"rendered":"https:\/\/roveyayinevi.com.tr\/index.php\/urun\/josee-kaplan-ve-balik-cilt-1\/"},"modified":"2026-04-15T03:39:54","modified_gmt":"2026-04-15T00:39:54","slug":"josee-kaplan-ve-balik-cilt-1","status":"publish","type":"product","link":"https:\/\/roveyayinevi.com.tr\/index.php\/urun\/josee-kaplan-ve-balik-cilt-1\/","title":{"rendered":"Josee, Kaplan ve Bal\u0131k Cilt 1"},"content":{"rendered":"<p>Josee, Kaplan ve Bal\u0131k hayallere, sevgiye ve engelleri a\u015fmaya dair duygusal bir hik\u00e2ye sunuyor. Josee, d\u0131\u015f d\u00fcnyay\u0131 b\u00fcy\u00fck \u00f6l\u00e7\u00fcde s\u0131n\u0131rl\u0131 bir \u015fekilde ya\u015fayan ancak kendi hayal d\u00fcnyas\u0131nda \u00f6zg\u00fcrl\u00fc\u011f\u00fc bulan bir gen\u00e7 bir k\u0131z. Hayallerine giden yolda Tsuneo ona destek veriyor ve birlikte zorluklar\u0131n \u00fcstesinden gelmeye \u00e7al\u0131\u015f\u0131yorlar. A\u015fk, \u00f6zg\u00fcrl\u00fck ve umut dolu yolculuk bu ciltte ba\u015fl\u0131yor!<\/p>\n","protected":false},"excerpt":{"rendered":"<p>Josee, Kaplan ve Bal\u0131k hayallere, sevgiye ve engelleri a\u015fmaya dair duygusal bir hik\u00e2ye sunuyor. Josee, d\u0131\u015f d\u00fcnyay\u0131 b\u00fcy\u00fck \u00f6l\u00e7\u00fcde s\u0131n\u0131rl\u0131 bir \u015fekilde ya\u015fayan ancak kendi hayal<span class=\"excerpt-hellip\"> [\u2026]<\/span><\/p>\n","protected":false},"featured_media":0,"template":"","meta":{"_monsterinsights_skip_tracking":false,"_monsterinsights_sitenote_active":false,"_monsterinsights_sitenote_note":"","_monsterinsights_sitenote_category":0},"product_brand":[],"product_cat":[12416,12291],"product_tag":[],"class_list":{"0":"post-773691","1":"product","2":"type-product","3":"status-publish","5":"product_cat-cizgi-roman","6":"product_cat-edebiyat","7":"pa_cilt-ciltsiz","8":"pa_tur-kitap","9":"pa_yayinevi-kayip-kita-yayinlari","10":"pa_yazar-seiko-tanabe","12":"first","13":"instock","14":"sale","15":"shipping-taxable","16":"purchasable","17":"product-type-simple"},"_links":{"self":[{"href":"https:\/\/roveyayinevi.com.tr\/index.php\/wp-json\/wp\/v2\/product\/773691","targetHints":{"allow":["GET"]}}],"collection":[{"href":"https:\/\/roveyayinevi.com.tr\/index.php\/wp-json\/wp\/v2\/product"}],"about":[{"href":"https:\/\/roveyayinevi.com.tr\/index.php\/wp-json\/wp\/v2\/types\/product"}],"wp:attachment":[{"href":"https:\/\/roveyayinevi.com.tr\/index.php\/wp-json\/wp\/v2\/media?parent=773691"}],"wp:term":[{"taxonomy":"product_brand","embeddable":true,"href":"https:\/\/roveyayinevi.com.tr\/index.php\/wp-json\/wp\/v2\/product_brand?post=773691"},{"taxonomy":"product_cat","embeddable":true,"href":"https:\/\/roveyayinevi.com.tr\/index.php\/wp-json\/wp\/v2\/product_cat?post=773691"},{"taxonomy":"product_tag","embeddable":true,"href":"https:\/\/roveyayinevi.com.tr\/index.php\/wp-json\/wp\/v2\/product_tag?post=773691"}],"curies":[{"name":"wp","href":"https:\/\/api.w.org\/{rel}","templated":true}]}}