{"id":773687,"date":"2025-08-28T16:25:13","date_gmt":"2025-08-28T13:25:13","guid":{"rendered":"https:\/\/roveyayinevi.com.tr\/index.php\/urun\/turkce-sozluk-5\/"},"modified":"2026-04-15T03:39:53","modified_gmt":"2026-04-15T00:39:53","slug":"turkce-sozluk-5","status":"publish","type":"product","link":"https:\/\/roveyayinevi.com.tr\/index.php\/urun\/turkce-sozluk-5\/","title":{"rendered":"T\u00fcrk\u00e7e S\u00f6zl\u00fck"},"content":{"rendered":"<p>Bu s\u00f6zl\u00fckte s\u0131k kullan\u0131lan kelimelerin anlamlar\u0131 ve a\u00e7\u0131klamalar\u0131 yer almaktad\u0131r. <\/p>\n","protected":false},"excerpt":{"rendered":"<p>Bu s\u00f6zl\u00fckte s\u0131k kullan\u0131lan kelimelerin anlamlar\u0131 ve a\u00e7\u0131klamalar\u0131 yer almaktad\u0131r.<\/p>\n","protected":false},"featured_media":0,"template":"","meta":{"_monsterinsights_skip_tracking":false,"_monsterinsights_sitenote_active":false,"_monsterinsights_sitenote_note":"","_monsterinsights_sitenote_category":0},"product_brand":[],"product_cat":[12566,13611],"product_tag":[],"class_list":{"0":"post-773687","1":"product","2":"type-product","3":"status-publish","5":"product_cat-egitim","6":"product_cat-sozlukler-ve-konusma-kilavuzlari","7":"pa_cilt-ciltsiz","8":"pa_tur-kitap","9":"pa_yayinevi-baris-kitap","10":"pa_yazar-vedat-ozkan","12":"first","13":"instock","14":"sale","15":"shipping-taxable","16":"purchasable","17":"product-type-simple"},"_links":{"self":[{"href":"https:\/\/roveyayinevi.com.tr\/index.php\/wp-json\/wp\/v2\/product\/773687","targetHints":{"allow":["GET"]}}],"collection":[{"href":"https:\/\/roveyayinevi.com.tr\/index.php\/wp-json\/wp\/v2\/product"}],"about":[{"href":"https:\/\/roveyayinevi.com.tr\/index.php\/wp-json\/wp\/v2\/types\/product"}],"wp:attachment":[{"href":"https:\/\/roveyayinevi.com.tr\/index.php\/wp-json\/wp\/v2\/media?parent=773687"}],"wp:term":[{"taxonomy":"product_brand","embeddable":true,"href":"https:\/\/roveyayinevi.com.tr\/index.php\/wp-json\/wp\/v2\/product_brand?post=773687"},{"taxonomy":"product_cat","embeddable":true,"href":"https:\/\/roveyayinevi.com.tr\/index.php\/wp-json\/wp\/v2\/product_cat?post=773687"},{"taxonomy":"product_tag","embeddable":true,"href":"https:\/\/roveyayinevi.com.tr\/index.php\/wp-json\/wp\/v2\/product_tag?post=773687"}],"curies":[{"name":"wp","href":"https:\/\/api.w.org\/{rel}","templated":true}]}}