{"id":773683,"date":"2025-08-28T16:25:04","date_gmt":"2025-08-28T13:25:04","guid":{"rendered":"https:\/\/roveyayinevi.com.tr\/index.php\/urun\/hayatin-icinden\/"},"modified":"2026-04-15T03:39:53","modified_gmt":"2026-04-15T00:39:53","slug":"hayatin-icinden","status":"publish","type":"product","link":"https:\/\/roveyayinevi.com.tr\/index.php\/urun\/hayatin-icinden\/","title":{"rendered":"Hayat\u0131n \u0130\u00e7inden"},"content":{"rendered":"<p>Yetkin Asil\u2019in \u015eiir, \u00f6yk\u00fc, makale ve deneme yaz\u0131lar\u0131n\u0131n yer ald\u0131\u011f\u0131 yeni kitab\u0131. \u2026 Yazar\u0131n, 40 y\u0131l\u0131 a\u015fk\u0131n birikimlerini, engin deneyimleriyle s\u00fczge\u00e7ten ge\u00e7irerek kaleme ald\u0131\u011f\u0131; hepsi de birbirinden anlaml\u0131 \u015fiir, \u00f6yk\u00fc, makale ve deneme tarz\u0131ndaki yaz\u0131lardan olu\u015fan bu de\u011ferli kitab\u0131n, HAYATIN \u0130\u00c7\u0130NDEN ge\u00e7mekte olan t\u00fcm okuyucular\u0131n yollar\u0131n\u0131 ayd\u0131nlataca\u011f\u0131na inan\u0131yorum. Ayd\u0131nl\u0131\u011fa giden yolda keyifli okumalar dile\u011fiyle&#8230;     Dr. Nafi YAZICIO\u011eLU                     &#8212;&#8212;&#8212;&#8211; Ya\u015fam\u0131n i\u00e7inden gelen sade bir d\u00fc\u015f\u00fcnce yolculu\u011fu\u2026 Bu kitap; ki\u015fisel geli\u015fim maskesi takmadan geli\u015fimi, \u00f6\u011f\u00fct vermeden fark\u0131ndal\u0131\u011f\u0131, iddia etmeden d\u00fcr\u00fcstl\u00fc\u011f\u00fc anlat\u0131yor. Hayat\u0131n i\u00e7inde ak\u0131p giderken durmaya, d\u00fc\u015f\u00fcnmeye ve ger\u00e7eklikle y\u00fczle\u015fmeye cesaret edenler i\u00e7in yaz\u0131ld\u0131. Sat\u0131rlar\u0131nda, dostun yumu\u015fak sesi kadar samimi bir anlat\u0131m; Zaman zaman bir filozofun dinginli\u011fiyle yap\u0131lan tespitler; Ve her \u015feyden \u00f6nemlisi: insana, insanca bakan bir bak\u0131\u015f a\u00e7\u0131s\u0131. Kendini tan\u0131mak isteyen, ya\u015fama farkl\u0131 g\u00f6zle bakma cesareti olan, i\u00e7tenli\u011fe de\u011fer veren herkes i\u00e7in\u2026 \u201c\u0130nsan\u0131n kendisini de\u011fi\u015ftirme yolculu\u011fu ba\u015fkalar\u0131n\u0131 anlamakla de\u011fil, \u00f6nce kendisini anlamakla ba\u015flar.\u201d                                                                                                Cemil KURT <\/p>\n","protected":false},"excerpt":{"rendered":"<p>Yetkin Asil\u2019in \u015eiir, \u00f6yk\u00fc, makale ve deneme yaz\u0131lar\u0131n\u0131n yer ald\u0131\u011f\u0131 yeni kitab\u0131. \u2026 Yazar\u0131n, 40 y\u0131l\u0131 a\u015fk\u0131n birikimlerini, engin deneyimleriyle s\u00fczge\u00e7ten ge\u00e7irerek kaleme ald\u0131\u011f\u0131; hepsi de<span class=\"excerpt-hellip\"> [\u2026]<\/span><\/p>\n","protected":false},"featured_media":0,"template":"","meta":{"_monsterinsights_skip_tracking":false,"_monsterinsights_sitenote_active":false,"_monsterinsights_sitenote_note":"","_monsterinsights_sitenote_category":0},"product_brand":[],"product_cat":[12777,12291],"product_tag":[],"class_list":{"0":"post-773683","1":"product","2":"type-product","3":"status-publish","5":"product_cat-deneme","6":"product_cat-edebiyat","7":"pa_cilt-ciltsiz","8":"pa_tur-kitap","9":"pa_yayinevi-nitelik-kitap","10":"pa_yazar-yetkin-asil","12":"first","13":"instock","14":"sale","15":"shipping-taxable","16":"purchasable","17":"product-type-simple"},"_links":{"self":[{"href":"https:\/\/roveyayinevi.com.tr\/index.php\/wp-json\/wp\/v2\/product\/773683","targetHints":{"allow":["GET"]}}],"collection":[{"href":"https:\/\/roveyayinevi.com.tr\/index.php\/wp-json\/wp\/v2\/product"}],"about":[{"href":"https:\/\/roveyayinevi.com.tr\/index.php\/wp-json\/wp\/v2\/types\/product"}],"wp:attachment":[{"href":"https:\/\/roveyayinevi.com.tr\/index.php\/wp-json\/wp\/v2\/media?parent=773683"}],"wp:term":[{"taxonomy":"product_brand","embeddable":true,"href":"https:\/\/roveyayinevi.com.tr\/index.php\/wp-json\/wp\/v2\/product_brand?post=773683"},{"taxonomy":"product_cat","embeddable":true,"href":"https:\/\/roveyayinevi.com.tr\/index.php\/wp-json\/wp\/v2\/product_cat?post=773683"},{"taxonomy":"product_tag","embeddable":true,"href":"https:\/\/roveyayinevi.com.tr\/index.php\/wp-json\/wp\/v2\/product_tag?post=773683"}],"curies":[{"name":"wp","href":"https:\/\/api.w.org\/{rel}","templated":true}]}}