{"id":773680,"date":"2025-08-28T16:24:57","date_gmt":"2025-08-28T13:24:57","guid":{"rendered":"https:\/\/roveyayinevi.com.tr\/index.php\/urun\/degisim-zamani-2\/"},"modified":"2026-04-08T03:36:41","modified_gmt":"2026-04-08T00:36:41","slug":"degisim-zamani-2","status":"publish","type":"product","link":"https:\/\/roveyayinevi.com.tr\/index.php\/urun\/degisim-zamani-2\/","title":{"rendered":"De\u011fi\u015fim Zaman\u0131"},"content":{"rendered":"<p>\u201cSen harika bir insans\u0131n ama art\u0131k birlikte olmamal\u0131y\u0131z.\u201dSesli mesaj sona erdi\u011finde oturdu\u011fum koltukta donup kald\u0131m\u2026 Canl\u0131 yay\u0131nlanan bir radyo program\u0131nda terk edilmi\u015ftim!En yak\u0131n arkada\u015f\u0131m hemen benim i\u00e7in bir liste olu\u015fturdu. Belki de hayat\u0131m\u0131 de\u011fi\u015ftirmem i\u00e7in ihtiyac\u0131m olan \u015fey tam da buydu:Fl\u00f6rt etmeyi b\u0131rak. (Erkekler berbat!)Kilo vermeyi denemekten vazge\u00e7. (\u00c7ikolatadan asla vazge\u00e7mem!)Bu kadar yo\u011fun \u00e7al\u0131\u015fmana gerek yok. (Zaten i\u015fimi pek sevmiyorum.)Kusursuz olmak i\u00e7in u\u011fra\u015fma. (Hayat\u0131m\u0131 en g\u00fczel \u015fekilde ya\u015famal\u0131y\u0131m.)Anneni memnun etmeye \u00e7al\u0131\u015fma. (Bu zaten imk\u00e2ns\u0131z!)Ancak gel g\u00f6r ki annem, eski erkek arkada\u015f\u0131mla bir araya gelmem i\u00e7in t\u00fcm g\u00fcc\u00fcyle u\u011fra\u015f\u0131yordu. Anla\u015f\u0131lan, be\u015finci maddemi ger\u00e7ekle\u015ftirmek o kadar da kolay olmayacakt\u0131. Hemen bir \u00e7\u00f6z\u00fcm bulmal\u0131yd\u0131m: Hayali bir erkek arkada\u015f. Kula\u011fa ho\u015f geliyor, \u00f6yle de\u011fil mi? Erkek arkada\u015f\u0131m olarak yak\u0131\u015f\u0131kl\u0131 kom\u015fumuz Nate\u2019in ad\u0131n\u0131 a\u011fz\u0131mdan ka\u00e7\u0131rana dek benim i\u00e7in de \u00f6yleydi\u2026\u015eimdi tek yapmam gereken erkek arkada\u015f\u0131m oldu\u011fundan habersiz olan kom\u015fum Nate\u2019i ailemden uzak tutmaya \u00e7al\u0131\u015fmak ve listeye ba\u011fl\u0131 kalmak. Kolay g\u00f6r\u00fcn\u00fcyor, \u00f6yle de\u011fil mi?Ke\u015fke ger\u00e7ekte de \u00f6yle olsayd\u0131\u2026  \u201cUzun zamand\u0131r bir kitaba kendimi bu kadar kapt\u0131rd\u0131\u011f\u0131m\u0131 hat\u0131rlam\u0131yorum. Resmen elimden b\u0131rakamad\u0131m. Tek kelimeyle harika!\u201d\u2212Kristan Higgins \u201cKitab\u0131 okurken o kadar keyif ald\u0131m ki\u2026 Bu sene okudu\u011fum en e\u011flenceli kitap.  Nas\u0131l bitti\u011fini bile anlamad\u0131m!\u201d\u2212@bookworm86 \u201cHEMEN bu kitab\u0131 al\u0131n ve okuyun! Daha ilk b\u00f6l\u00fcmden sizi i\u00e7ine \u00e7ekiyor. K\u0131sa s\u00fcrede favori kitaplar\u0131m aras\u0131na girdi.\u201d\u2212@pink.bibliophile \u201cBu kitab\u0131 ne kadar \u00f6vsem az kal\u0131r. Hayat\u0131n ini\u015f \u00e7\u0131k\u0131\u015flar\u0131n\u0131, a\u015fk\u0131n karma\u015fas\u0131n\u0131 ve  kay\u0131plar\u0131n derinli\u011fini anlatan bu hik\u00e2ye; bir yandan sizi ne\u015feyle sar\u0131p sarmalarken,  di\u011fer yandan kalbinizin en gizli k\u00f6\u015fesine dokunacak.\u201d\u2212@irish_booklover89<\/p>\n","protected":false},"excerpt":{"rendered":"<p>\u201cSen harika bir insans\u0131n ama art\u0131k birlikte olmamal\u0131y\u0131z.\u201dSesli mesaj sona erdi\u011finde oturdu\u011fum koltukta donup kald\u0131m\u2026 Canl\u0131 yay\u0131nlanan bir radyo program\u0131nda terk edilmi\u015ftim!En yak\u0131n arkada\u015f\u0131m hemen benim<span class=\"excerpt-hellip\"> [\u2026]<\/span><\/p>\n","protected":false},"featured_media":0,"template":"","meta":{"_monsterinsights_skip_tracking":false,"_monsterinsights_sitenote_active":false,"_monsterinsights_sitenote_note":"","_monsterinsights_sitenote_category":0},"product_brand":[],"product_cat":[12291,12711],"product_tag":[],"class_list":{"0":"post-773680","1":"product","2":"type-product","3":"status-publish","5":"product_cat-edebiyat","6":"product_cat-roman-oyku","7":"pa_cilt-ciltsiz","8":"pa_tur-kitap","9":"pa_yayinevi-yabanci-yayinevi","10":"pa_yazar-sharon-m-peterson","12":"first","13":"instock","14":"sale","15":"shipping-taxable","16":"purchasable","17":"product-type-simple"},"_links":{"self":[{"href":"https:\/\/roveyayinevi.com.tr\/index.php\/wp-json\/wp\/v2\/product\/773680","targetHints":{"allow":["GET"]}}],"collection":[{"href":"https:\/\/roveyayinevi.com.tr\/index.php\/wp-json\/wp\/v2\/product"}],"about":[{"href":"https:\/\/roveyayinevi.com.tr\/index.php\/wp-json\/wp\/v2\/types\/product"}],"wp:attachment":[{"href":"https:\/\/roveyayinevi.com.tr\/index.php\/wp-json\/wp\/v2\/media?parent=773680"}],"wp:term":[{"taxonomy":"product_brand","embeddable":true,"href":"https:\/\/roveyayinevi.com.tr\/index.php\/wp-json\/wp\/v2\/product_brand?post=773680"},{"taxonomy":"product_cat","embeddable":true,"href":"https:\/\/roveyayinevi.com.tr\/index.php\/wp-json\/wp\/v2\/product_cat?post=773680"},{"taxonomy":"product_tag","embeddable":true,"href":"https:\/\/roveyayinevi.com.tr\/index.php\/wp-json\/wp\/v2\/product_tag?post=773680"}],"curies":[{"name":"wp","href":"https:\/\/api.w.org\/{rel}","templated":true}]}}