{"id":773677,"date":"2025-08-28T16:24:50","date_gmt":"2025-08-28T13:24:50","guid":{"rendered":"https:\/\/roveyayinevi.com.tr\/index.php\/urun\/bicicinin-kasirgasi-malazan-yitikler-kitabi-7-ciltli\/"},"modified":"2026-04-15T03:39:53","modified_gmt":"2026-04-15T00:39:53","slug":"bicicinin-kasirgasi-malazan-yitikler-kitabi-7-ciltli","status":"publish","type":"product","link":"https:\/\/roveyayinevi.com.tr\/index.php\/urun\/bicicinin-kasirgasi-malazan-yitikler-kitabi-7-ciltli\/","title":{"rendered":"Bi\u00e7icinin Kas\u0131rgas\u0131 \/ Malazan Yitikler Kitab\u0131 7 (Ciltli)"},"content":{"rendered":"<p>\u201cB\u0130R S\u00d6ZC\u00dc\u011e\u00dcN ANLAMINI G\u00d6LGEN\u0130N HANG\u0130 TARAFINDA DURDU\u011eUN BEL\u0130RLER. S\u00d6ZC\u00dcKLER BA\u015eKALARINI HOR G\u00d6RENLER\u0130N KULLANDIKLARI S\u0130LAHLARDIR.\u201d Tiste Edur, Lether \u0130mparatorlu\u011fu\u2019nu fethetti ama bu zafer, fatihlerin elinde bir zehre d\u00f6nu\u0308\u015ftu\u0308. Tahtta, Sakat Tanr\u0131\u2019n\u0131n lanetli k\u0131l\u0131c\u0131yla sonsuz bir \u00f6l\u00fcm d\u00f6ng\u00fcs\u00fcne hapsolmu\u015f, delili\u011fin e\u015fi\u011findeki Bin \u00d6l\u00fcm \u0130mparatoru Rhulad Sengar oturuyor. Onun ac\u0131s\u0131 t\u00fcm imparatorlu\u011fu \u00e7\u00fcr\u00fct\u00fcrken, ger\u00e7ek g\u00fc\u00e7 g\u00f6lgelerde saklan\u0131yor: Sava\u015f alan\u0131nda yenilen Letheriiler, as\u0131l silahlar\u0131 olan para ve entrikay\u0131 kullanarak, fatihleri Tiste Edur\u2019u kendi imparatorluklar\u0131nda birer kuklaya d\u00f6n\u00fc\u015ft\u00fcr\u00fcyor.Ancak bu sinsi oyunu bozacak kas\u0131rga yakla\u015f\u0131yor. Bir d\u00e2hi rakamlarla bir devrim planlarken, efsanevi \u015fampiyonlar \u00f6l\u00fcms\u00fcz imparatora meydan okumaya geliyor. Kendi imparatorluklar\u0131n\u0131n ihanetine u\u011frayan Kemikavc\u0131lar, bat\u0131 k\u0131y\u0131lar\u0131na gizli bir ama\u00e7la ayak bas\u0131yor. Zaman\u0131n dokusunu bile sarsacak bir hesapla\u015fmayak\u0131nda.Askeri, ekonomik ve ilahi g\u00fc\u00e7lerin \u00e7arp\u0131\u015ft\u0131\u011f\u0131 Bi\u00e7icinin Kas\u0131rgas\u0131, g\u00fcc\u00fcn do\u011fas\u0131n\u0131, medeniyetin bedelini ve ac\u0131mas\u0131z bir d\u00fcnyadaki o en k\u0131r\u0131lgan merhamet anlar\u0131n\u0131 sorguluyor. \u201cMalazan serisi, epik fantastik kurgunun nadiren bas\u0131ld\u0131\u011f\u0131 y\u0131llar boyunca bizleri ayakta tutan seridir.\u201d\u2014BRANDON SANDERSON \u201cMuhtemelen \u015fimdiye kadar yaz\u0131lm\u0131\u015f en iyi fantastik seri. Bu elbette ki ki\u015fisel g\u00f6r\u00fc\u015flere t\u00e2bi bir yorum\u2026 fakat Malazan Yitikler Kitab\u0131\u2019n\u0131 olu\u015fturan on kitab\u0131n kalitesiyle ve h\u0131rs\u0131yla t\u00fcr dahilinde emsalsiz oldu\u011funu \u00e7ok az ki\u015fi ink\u00e2r edebilir.\u201d\u2014FANTASY BOOKREVIEW \u201cYap\u0131m a\u015famas\u0131ndaki bu ger\u00e7ek destan, kendi k\u00fclt\u00fcr\u00fcm\u00fczde bulduklar\u0131m\u0131z kadar zengin tarihler ve efsaneler yaratan bir fantezi olu\u015fumu.\u201d\u2014INTERZONE<\/p>\n","protected":false},"excerpt":{"rendered":"<p>\u201cB\u0130R S\u00d6ZC\u00dc\u011e\u00dcN ANLAMINI G\u00d6LGEN\u0130N HANG\u0130 TARAFINDA DURDU\u011eUN BEL\u0130RLER. S\u00d6ZC\u00dcKLER BA\u015eKALARINI HOR G\u00d6RENLER\u0130N KULLANDIKLARI S\u0130LAHLARDIR.\u201d Tiste Edur, Lether \u0130mparatorlu\u011fu\u2019nu fethetti ama bu zafer, fatihlerin elinde bir zehre<span class=\"excerpt-hellip\"> [\u2026]<\/span><\/p>\n","protected":false},"featured_media":0,"template":"","meta":{"_monsterinsights_skip_tracking":false,"_monsterinsights_sitenote_active":false,"_monsterinsights_sitenote_note":"","_monsterinsights_sitenote_category":0},"product_brand":[],"product_cat":[12291,14777],"product_tag":[],"class_list":{"0":"post-773677","1":"product","2":"type-product","3":"status-publish","5":"product_cat-edebiyat","6":"product_cat-fantastik","7":"pa_cilt-ciltli","8":"pa_tur-kitap","9":"pa_yayinevi-ithaki-yayinlari","10":"pa_yazar-steven-erikson","12":"first","13":"instock","14":"sale","15":"shipping-taxable","16":"purchasable","17":"product-type-simple"},"_links":{"self":[{"href":"https:\/\/roveyayinevi.com.tr\/index.php\/wp-json\/wp\/v2\/product\/773677","targetHints":{"allow":["GET"]}}],"collection":[{"href":"https:\/\/roveyayinevi.com.tr\/index.php\/wp-json\/wp\/v2\/product"}],"about":[{"href":"https:\/\/roveyayinevi.com.tr\/index.php\/wp-json\/wp\/v2\/types\/product"}],"wp:attachment":[{"href":"https:\/\/roveyayinevi.com.tr\/index.php\/wp-json\/wp\/v2\/media?parent=773677"}],"wp:term":[{"taxonomy":"product_brand","embeddable":true,"href":"https:\/\/roveyayinevi.com.tr\/index.php\/wp-json\/wp\/v2\/product_brand?post=773677"},{"taxonomy":"product_cat","embeddable":true,"href":"https:\/\/roveyayinevi.com.tr\/index.php\/wp-json\/wp\/v2\/product_cat?post=773677"},{"taxonomy":"product_tag","embeddable":true,"href":"https:\/\/roveyayinevi.com.tr\/index.php\/wp-json\/wp\/v2\/product_tag?post=773677"}],"curies":[{"name":"wp","href":"https:\/\/api.w.org\/{rel}","templated":true}]}}