{"id":773675,"date":"2025-08-28T16:24:46","date_gmt":"2025-08-28T13:24:46","guid":{"rendered":"https:\/\/roveyayinevi.com.tr\/index.php\/urun\/koyumun-sesi\/"},"modified":"2026-04-15T03:39:53","modified_gmt":"2026-04-15T00:39:53","slug":"koyumun-sesi","status":"publish","type":"product","link":"https:\/\/roveyayinevi.com.tr\/index.php\/urun\/koyumun-sesi\/","title":{"rendered":"K\u00f6y\u00fcm\u00fcn Sesi"},"content":{"rendered":"<p>\u201cK\u00f6y\u00fcm\u00fcn sesi\u201d g\u00f6steri\u015ften uzak, i\u00e7ten ve yal\u0131n bir anlat\u0131m\u0131n izini s\u00fcr\u00fcyor.Yedi ya\u015f\u0131nda bir \u00e7ocu\u011fun diliyle yaz\u0131lm\u0131\u015f bu metin, yaln\u0131zca ge\u00e7mi\u015fin sessiz bir tan\u0131kl\u0131\u011f\u0131 de\u011fil; ayn\u0131 zamanda ya\u015fam\u0131n \u00f6z\u00fcne, insan\u0131n en derin yerlerine uzanan bir bak\u0131\u015f sunuyor.<\/p>\n","protected":false},"excerpt":{"rendered":"<p>\u201cK\u00f6y\u00fcm\u00fcn sesi\u201d g\u00f6steri\u015ften uzak, i\u00e7ten ve yal\u0131n bir anlat\u0131m\u0131n izini s\u00fcr\u00fcyor.Yedi ya\u015f\u0131nda bir \u00e7ocu\u011fun diliyle yaz\u0131lm\u0131\u015f bu metin, yaln\u0131zca ge\u00e7mi\u015fin sessiz bir tan\u0131kl\u0131\u011f\u0131 de\u011fil; ayn\u0131 zamanda<span class=\"excerpt-hellip\"> [\u2026]<\/span><\/p>\n","protected":false},"featured_media":0,"template":"","meta":{"_monsterinsights_skip_tracking":false,"_monsterinsights_sitenote_active":false,"_monsterinsights_sitenote_note":"","_monsterinsights_sitenote_category":0},"product_brand":[],"product_cat":[12291,12711],"product_tag":[],"class_list":{"0":"post-773675","1":"product","2":"type-product","3":"status-publish","5":"product_cat-edebiyat","6":"product_cat-roman-oyku","7":"pa_cilt-ciltsiz","8":"pa_tur-kitap","9":"pa_yayinevi-baris-kitap","10":"pa_yazar-birol-guler","12":"first","13":"instock","14":"sale","15":"shipping-taxable","16":"purchasable","17":"product-type-simple"},"_links":{"self":[{"href":"https:\/\/roveyayinevi.com.tr\/index.php\/wp-json\/wp\/v2\/product\/773675","targetHints":{"allow":["GET"]}}],"collection":[{"href":"https:\/\/roveyayinevi.com.tr\/index.php\/wp-json\/wp\/v2\/product"}],"about":[{"href":"https:\/\/roveyayinevi.com.tr\/index.php\/wp-json\/wp\/v2\/types\/product"}],"wp:attachment":[{"href":"https:\/\/roveyayinevi.com.tr\/index.php\/wp-json\/wp\/v2\/media?parent=773675"}],"wp:term":[{"taxonomy":"product_brand","embeddable":true,"href":"https:\/\/roveyayinevi.com.tr\/index.php\/wp-json\/wp\/v2\/product_brand?post=773675"},{"taxonomy":"product_cat","embeddable":true,"href":"https:\/\/roveyayinevi.com.tr\/index.php\/wp-json\/wp\/v2\/product_cat?post=773675"},{"taxonomy":"product_tag","embeddable":true,"href":"https:\/\/roveyayinevi.com.tr\/index.php\/wp-json\/wp\/v2\/product_tag?post=773675"}],"curies":[{"name":"wp","href":"https:\/\/api.w.org\/{rel}","templated":true}]}}