{"id":773672,"date":"2025-08-28T16:24:40","date_gmt":"2025-08-28T13:24:40","guid":{"rendered":"https:\/\/roveyayinevi.com.tr\/index.php\/urun\/sihirli-agac-evi-cizgi-roman-6-amazon-macerasi\/"},"modified":"2026-04-15T03:39:53","modified_gmt":"2026-04-15T00:39:53","slug":"sihirli-agac-evi-cizgi-roman-6-amazon-macerasi","status":"publish","type":"product","link":"https:\/\/roveyayinevi.com.tr\/index.php\/urun\/sihirli-agac-evi-cizgi-roman-6-amazon-macerasi\/","title":{"rendered":"Sihirli A\u011fa\u00e7 Evi &#8211; \u00c7izgi Roman &#8211; 6: Amazon Maceras\u0131"},"content":{"rendered":"<p>D\u00fcnya \u00e7ocuklar\u0131n\u0131n sevgilisi Sihirli A\u011fa\u00e7 Evi \u015fimdi \u00e7izgi roman! DEV \u00d6R\u00dcMCEKLER VE T\u0130MSAHLAR VE DE P\u0130RANALAR\u2026 EYVAH EYVAH! Tim ve Lea bu kez Sihirli A\u011fa\u00e7 Evi\u2019yle Amazon ya\u011fmur ormanlar\u0131n\u0131n kalbine u\u00e7uyor! Maceras\u0131z duramayan ikilimiz, Morgan\u2019\u0131 kurtarmak i\u00e7in gereken par\u00e7alar\u0131n pe\u015findeler. Ama bu \u00e7ok kolay olmayacak: Katil kar\u0131ncalar, vampir yarasalar ve daha bir dolu vah\u015fi hayvan ormanda kol geziyor. Bakal\u0131m Tim ve Lea, eve d\u00f6nmek i\u00e7in Sihirli A\u011fa\u00e7 Evi\u2019ne giden yolu bulabilecekler mi?   Sihirli A\u011fa\u00e7 Evi serisi hakk\u0131nda: K\u00fc\u00e7\u00fck okurlar\u0131 hem okuma keyfi hem de tarihteki farkl\u0131 k\u00fclt\u00fcrlerle tan\u0131\u015ft\u0131ran Sihirli A\u011fa\u00e7 Evi serisi bu y\u00f6n\u00fcyle sadece d\u00fcnyan\u0131n d\u00f6rt bir yan\u0131ndaki \u00e7ocuklar\u0131n de\u011fil, anne babalar ve e\u011fitimcilerin de g\u00f6zdesi oldu. New York Times \u00e7oksatanlar listesinde bir numaraya kadar \u00e7\u0131k\u0131p be\u015f y\u0131ldan uzun bir s\u00fcre bu listede kalmay\u0131 ba\u015faran, 33 dilde 130 milyondan fazla satan bu \u00f6d\u00fcll\u00fc seri, \u015fimdi rengarenk ve soluksuz okutan \u00e7izimleriyle \u00e7izgi roman format\u0131nda okurunun kar\u015f\u0131s\u0131nda. <\/p>\n","protected":false},"excerpt":{"rendered":"<p>D\u00fcnya \u00e7ocuklar\u0131n\u0131n sevgilisi Sihirli A\u011fa\u00e7 Evi \u015fimdi \u00e7izgi roman! DEV \u00d6R\u00dcMCEKLER VE T\u0130MSAHLAR VE DE P\u0130RANALAR\u2026 EYVAH EYVAH! Tim ve Lea bu kez Sihirli A\u011fa\u00e7 Evi\u2019yle<span class=\"excerpt-hellip\"> [\u2026]<\/span><\/p>\n","protected":false},"featured_media":0,"template":"","meta":{"_monsterinsights_skip_tracking":false,"_monsterinsights_sitenote_active":false,"_monsterinsights_sitenote_note":"","_monsterinsights_sitenote_category":0},"product_brand":[],"product_cat":[12689,12274],"product_tag":[],"class_list":{"0":"post-773672","1":"product","2":"type-product","3":"status-publish","5":"product_cat-cizgi-roman-cocuk-ve-genclik-kitaplari","6":"product_cat-cocuk-ve-genclik-kitaplari","7":"pa_cilt-ciltsiz","8":"pa_tur-kitap","9":"pa_yayinevi-domingo-yayinevi","10":"pa_yazar-mary-pope-osborne","12":"first","13":"instock","14":"sale","15":"shipping-taxable","16":"purchasable","17":"product-type-simple"},"_links":{"self":[{"href":"https:\/\/roveyayinevi.com.tr\/index.php\/wp-json\/wp\/v2\/product\/773672","targetHints":{"allow":["GET"]}}],"collection":[{"href":"https:\/\/roveyayinevi.com.tr\/index.php\/wp-json\/wp\/v2\/product"}],"about":[{"href":"https:\/\/roveyayinevi.com.tr\/index.php\/wp-json\/wp\/v2\/types\/product"}],"wp:attachment":[{"href":"https:\/\/roveyayinevi.com.tr\/index.php\/wp-json\/wp\/v2\/media?parent=773672"}],"wp:term":[{"taxonomy":"product_brand","embeddable":true,"href":"https:\/\/roveyayinevi.com.tr\/index.php\/wp-json\/wp\/v2\/product_brand?post=773672"},{"taxonomy":"product_cat","embeddable":true,"href":"https:\/\/roveyayinevi.com.tr\/index.php\/wp-json\/wp\/v2\/product_cat?post=773672"},{"taxonomy":"product_tag","embeddable":true,"href":"https:\/\/roveyayinevi.com.tr\/index.php\/wp-json\/wp\/v2\/product_tag?post=773672"}],"curies":[{"name":"wp","href":"https:\/\/api.w.org\/{rel}","templated":true}]}}