{"id":773671,"date":"2025-08-28T16:24:37","date_gmt":"2025-08-28T13:24:37","guid":{"rendered":"https:\/\/roveyayinevi.com.tr\/index.php\/urun\/yasama-sevinci-tuslarla-bulusunca-altin-madalya-serisi\/"},"modified":"2026-04-15T03:39:53","modified_gmt":"2026-04-15T00:39:53","slug":"yasama-sevinci-tuslarla-bulusunca-altin-madalya-serisi","status":"publish","type":"product","link":"https:\/\/roveyayinevi.com.tr\/index.php\/urun\/yasama-sevinci-tuslarla-bulusunca-altin-madalya-serisi\/","title":{"rendered":"Ya\u015fama Sevinci Tu\u015flarla Bulu\u015funca &#8211; Alt\u0131n Madalya Serisi"},"content":{"rendered":"<p>Ya\u015fama Sevinci Tu\u015flarla Bulu\u015funca G\u00fclsin Onay. Bu kitapta;   Tu\u015flarla bulu\u015fan bir ya\u015fama sevincini ve &#8220;Bug\u00fcne kadar yapt\u0131klar\u0131ma bakarsak asl\u0131nda 100 ya\u015f\u0131nda olmam gerekiyor. Yapmak istediklerime bakarsak 500 y\u0131l ya\u015famam laz\u0131m&#8221; s\u00f6zleriyle piyanoya ve m\u00fczi\u011fe olan tutkuyu ifade eden bir ya\u015fam \u00f6yk\u00fcs\u00fc bulacaks\u0131n\u0131z. <\/p>\n","protected":false},"excerpt":{"rendered":"<p>Ya\u015fama Sevinci Tu\u015flarla Bulu\u015funca G\u00fclsin Onay. Bu kitapta; Tu\u015flarla bulu\u015fan bir ya\u015fama sevincini ve &#8220;Bug\u00fcne kadar yapt\u0131klar\u0131ma bakarsak asl\u0131nda 100 ya\u015f\u0131nda olmam gerekiyor. Yapmak istediklerime bakarsak<span class=\"excerpt-hellip\"> [\u2026]<\/span><\/p>\n","protected":false},"featured_media":0,"template":"","meta":{"_monsterinsights_skip_tracking":false,"_monsterinsights_sitenote_active":false,"_monsterinsights_sitenote_note":"","_monsterinsights_sitenote_category":0},"product_brand":[],"product_cat":[14009,12291],"product_tag":[],"class_list":{"0":"post-773671","1":"product","2":"type-product","3":"status-publish","5":"product_cat-biyografi-otobiyografi-edebiyat","6":"product_cat-edebiyat","7":"pa_cilt-ciltsiz","8":"pa_tur-kitap","9":"pa_yayinevi-sevda-cenap-and-muzik-vakfi-yayinlari","10":"pa_yazar-serhan-yedig","12":"first","13":"instock","14":"sale","15":"shipping-taxable","16":"purchasable","17":"product-type-simple"},"_links":{"self":[{"href":"https:\/\/roveyayinevi.com.tr\/index.php\/wp-json\/wp\/v2\/product\/773671","targetHints":{"allow":["GET"]}}],"collection":[{"href":"https:\/\/roveyayinevi.com.tr\/index.php\/wp-json\/wp\/v2\/product"}],"about":[{"href":"https:\/\/roveyayinevi.com.tr\/index.php\/wp-json\/wp\/v2\/types\/product"}],"wp:attachment":[{"href":"https:\/\/roveyayinevi.com.tr\/index.php\/wp-json\/wp\/v2\/media?parent=773671"}],"wp:term":[{"taxonomy":"product_brand","embeddable":true,"href":"https:\/\/roveyayinevi.com.tr\/index.php\/wp-json\/wp\/v2\/product_brand?post=773671"},{"taxonomy":"product_cat","embeddable":true,"href":"https:\/\/roveyayinevi.com.tr\/index.php\/wp-json\/wp\/v2\/product_cat?post=773671"},{"taxonomy":"product_tag","embeddable":true,"href":"https:\/\/roveyayinevi.com.tr\/index.php\/wp-json\/wp\/v2\/product_tag?post=773671"}],"curies":[{"name":"wp","href":"https:\/\/api.w.org\/{rel}","templated":true}]}}