{"id":773670,"date":"2025-08-28T16:24:36","date_gmt":"2025-08-28T13:24:36","guid":{"rendered":"https:\/\/roveyayinevi.com.tr\/index.php\/urun\/denemeler-12\/"},"modified":"2026-04-15T03:39:53","modified_gmt":"2026-04-15T00:39:53","slug":"denemeler-12","status":"publish","type":"product","link":"https:\/\/roveyayinevi.com.tr\/index.php\/urun\/denemeler-12\/","title":{"rendered":"Denemeler"},"content":{"rendered":"<p>KEMAL\u0130YE VE L\u00dcTF\u0130 \u00d6ZG\u00dcNAYDIN \u015e\u00f6yle anlat\u0131yor, \u201cben bu topraklarda do\u011fdum.Hep foto\u011frafta yer alan do\u011faya, da\u011flara bakt\u0131m.F\u0131rat\u2019\u0131n renk renk \u0131\u015f\u0131\u011f\u0131n\u0131n duygusunu y\u00fcre\u011fime doldurdum.\u00d6yk\u00fcleri ger\u00e7ek ya\u015fanm\u0131\u015flar\u0131n i\u00e7inden se\u00e7ip yazd\u0131m. <\/p>\n","protected":false},"excerpt":{"rendered":"<p>KEMAL\u0130YE VE L\u00dcTF\u0130 \u00d6ZG\u00dcNAYDIN \u015e\u00f6yle anlat\u0131yor, \u201cben bu topraklarda do\u011fdum.Hep foto\u011frafta yer alan do\u011faya, da\u011flara bakt\u0131m.F\u0131rat\u2019\u0131n renk renk \u0131\u015f\u0131\u011f\u0131n\u0131n duygusunu y\u00fcre\u011fime doldurdum.\u00d6yk\u00fcleri ger\u00e7ek ya\u015fanm\u0131\u015flar\u0131n i\u00e7inden se\u00e7ip<span class=\"excerpt-hellip\"> [\u2026]<\/span><\/p>\n","protected":false},"featured_media":0,"template":"","meta":{"_monsterinsights_skip_tracking":false,"_monsterinsights_sitenote_active":false,"_monsterinsights_sitenote_note":"","_monsterinsights_sitenote_category":0},"product_brand":[],"product_cat":[12409,12408],"product_tag":[],"class_list":{"0":"post-773670","1":"product","2":"type-product","3":"status-publish","5":"product_cat-fotograf-sinema-tiyatro","6":"product_cat-sanat","7":"pa_cilt-ciltsiz","8":"pa_tur-kitap","9":"pa_yayinevi-baris-kitap","10":"pa_yazar-lutfi-ozgunaydin","12":"first","13":"instock","14":"sale","15":"shipping-taxable","16":"purchasable","17":"product-type-simple"},"_links":{"self":[{"href":"https:\/\/roveyayinevi.com.tr\/index.php\/wp-json\/wp\/v2\/product\/773670","targetHints":{"allow":["GET"]}}],"collection":[{"href":"https:\/\/roveyayinevi.com.tr\/index.php\/wp-json\/wp\/v2\/product"}],"about":[{"href":"https:\/\/roveyayinevi.com.tr\/index.php\/wp-json\/wp\/v2\/types\/product"}],"wp:attachment":[{"href":"https:\/\/roveyayinevi.com.tr\/index.php\/wp-json\/wp\/v2\/media?parent=773670"}],"wp:term":[{"taxonomy":"product_brand","embeddable":true,"href":"https:\/\/roveyayinevi.com.tr\/index.php\/wp-json\/wp\/v2\/product_brand?post=773670"},{"taxonomy":"product_cat","embeddable":true,"href":"https:\/\/roveyayinevi.com.tr\/index.php\/wp-json\/wp\/v2\/product_cat?post=773670"},{"taxonomy":"product_tag","embeddable":true,"href":"https:\/\/roveyayinevi.com.tr\/index.php\/wp-json\/wp\/v2\/product_tag?post=773670"}],"curies":[{"name":"wp","href":"https:\/\/api.w.org\/{rel}","templated":true}]}}