{"id":773666,"date":"2025-08-28T16:24:26","date_gmt":"2025-08-28T13:24:26","guid":{"rendered":"https:\/\/roveyayinevi.com.tr\/index.php\/urun\/adeta-bir-roman\/"},"modified":"2026-04-15T03:39:53","modified_gmt":"2026-04-15T00:39:53","slug":"adeta-bir-roman","status":"publish","type":"product","link":"https:\/\/roveyayinevi.com.tr\/index.php\/urun\/adeta-bir-roman\/","title":{"rendered":"Adeta Bir Roman"},"content":{"rendered":"<p>\u00c7ok ak\u0131c\u0131 \u00fcslubu, ola\u011fan\u00fcst\u00fc kurgu yetene\u011fi, sat\u0131r aralar\u0131na yerle\u015ftirdi\u011fi ustaca mizah\u0131 ve ters k\u00f6\u015fe finalleriyle, son d\u00f6nem T\u00fcrk edebiyat\u0131n\u0131n en iyi \u00f6yk\u00fcc\u00fcleri aras\u0131nda g\u00f6sterilen Sezer Yorgun, yeni \u00f6yk\u00fclerini okurlara sunuyor Alt\u0131 y\u0131la \u00fc\u00e7 \u00f6yk\u00fc kitab\u0131 s\u0131\u011fd\u0131ran ve daha ilk \u00f6yk\u00fc kitab\u0131 \u201c BAY X\u2019\u0130N AJANI\u201d ile sekiz ayda \u00fc\u00e7 bask\u0131 yaparak b\u00fcy\u00fck ses getiren Sezer Yorgun, Orta Do\u011fu \u00fclkelerindeki T\u00fcrkleri anlatt\u0131\u011f\u0131 ikinci kitab\u0131 \u201cORTA DO\u011eU\u2019DA \u00c7\u0130LEKE\u015e T\u00dcRK\u0130YE\u2019DE KRAL\u201d ile okuru bir kez daha \u015fa\u015f\u0131rtarak r\u00fc\u015ft\u00fcn\u00fc ispatlam\u0131\u015ft\u0131. Elinizde tuttu\u011funuz bu son kitab\u0131 ile yazar adeta bir edebi ziyafet \u00e7ektiriyor okurlar\u0131na. Hasan Sabbah, \u00c7ak\u0131rcal\u0131 Mehmet Efe, Mevlana ve \u015eems-i Tebrizi gibi tarihi \u015fahsiyetlere de yer verdi\u011fi bu kitap, en az \u00f6nceki iki kitab\u0131 kadar ses getirecek. <\/p>\n","protected":false},"excerpt":{"rendered":"<p>\u00c7ok ak\u0131c\u0131 \u00fcslubu, ola\u011fan\u00fcst\u00fc kurgu yetene\u011fi, sat\u0131r aralar\u0131na yerle\u015ftirdi\u011fi ustaca mizah\u0131 ve ters k\u00f6\u015fe finalleriyle, son d\u00f6nem T\u00fcrk edebiyat\u0131n\u0131n en iyi \u00f6yk\u00fcc\u00fcleri aras\u0131nda g\u00f6sterilen Sezer Yorgun,<span class=\"excerpt-hellip\"> [\u2026]<\/span><\/p>\n","protected":false},"featured_media":0,"template":"","meta":{"_monsterinsights_skip_tracking":false,"_monsterinsights_sitenote_active":false,"_monsterinsights_sitenote_note":"","_monsterinsights_sitenote_category":0},"product_brand":[],"product_cat":[12291,18202],"product_tag":[],"class_list":{"0":"post-773666","1":"product","2":"type-product","3":"status-publish","5":"product_cat-edebiyat","6":"product_cat-hikaye","7":"pa_cilt-ciltsiz","8":"pa_tur-kitap","9":"pa_yayinevi-zet-yayinlari","10":"pa_yazar-sezer-yorgun","12":"first","13":"instock","14":"sale","15":"shipping-taxable","16":"purchasable","17":"product-type-simple"},"_links":{"self":[{"href":"https:\/\/roveyayinevi.com.tr\/index.php\/wp-json\/wp\/v2\/product\/773666","targetHints":{"allow":["GET"]}}],"collection":[{"href":"https:\/\/roveyayinevi.com.tr\/index.php\/wp-json\/wp\/v2\/product"}],"about":[{"href":"https:\/\/roveyayinevi.com.tr\/index.php\/wp-json\/wp\/v2\/types\/product"}],"wp:attachment":[{"href":"https:\/\/roveyayinevi.com.tr\/index.php\/wp-json\/wp\/v2\/media?parent=773666"}],"wp:term":[{"taxonomy":"product_brand","embeddable":true,"href":"https:\/\/roveyayinevi.com.tr\/index.php\/wp-json\/wp\/v2\/product_brand?post=773666"},{"taxonomy":"product_cat","embeddable":true,"href":"https:\/\/roveyayinevi.com.tr\/index.php\/wp-json\/wp\/v2\/product_cat?post=773666"},{"taxonomy":"product_tag","embeddable":true,"href":"https:\/\/roveyayinevi.com.tr\/index.php\/wp-json\/wp\/v2\/product_tag?post=773666"}],"curies":[{"name":"wp","href":"https:\/\/api.w.org\/{rel}","templated":true}]}}