{"id":773664,"date":"2025-08-28T16:24:21","date_gmt":"2025-08-28T13:24:21","guid":{"rendered":"https:\/\/roveyayinevi.com.tr\/index.php\/urun\/goksu\/"},"modified":"2026-04-15T03:39:53","modified_gmt":"2026-04-15T00:39:53","slug":"goksu","status":"publish","type":"product","link":"https:\/\/roveyayinevi.com.tr\/index.php\/urun\/goksu\/","title":{"rendered":"G\u00f6ksu"},"content":{"rendered":"<p>Kadim \u015eehrin Unutulmu\u015f Efsanesi Yerin yedi kat derininde, en y\u00fcksek g\u00f6kdelenin \u00fcst\u00fcnde, eski bir han\u0131n s\u00fctunlar\u0131 aras\u0131nda, su yollar\u0131ndaki her bir ta\u015f\u0131n alt\u0131nda, da\u011flar\u0131n\u0131n zirvesinde ya da ma\u011faralar\u0131n\u0131n dehlizlerinde\u2026 Bir \u015fehir sonsuz gizemler ta\u015f\u0131r. Eskiden a\u015fik\u00e2r olan ama as\u0131rlar ge\u00e7tik\u00e7e unutulmu\u015f s\u0131rlar yeniden canlan\u0131r. G\u00f6ksu hayat\u0131n\u0131n 23. y\u0131l\u0131nda, kar\u0131\u015f kar\u0131\u015f bildi\u011fini sand\u0131\u011f\u0131 \u015fehrinin g\u00f6r\u00fcnmeyenlerini g\u00f6rmeye ba\u015flar. Ba\u015fta ne oldu\u011funa anlam veremese de zamanla kendisine kalan zorlu miras\u0131 sahiplenir. Tan\u0131\u015ft\u0131\u011f\u0131 insanlar, pe\u015fine d\u00fc\u015ft\u00fc\u011f\u00fc ejderhalar ger\u00e7ekten de g\u00f6r\u00fcnd\u00fc\u011f\u00fc gibi midir? G\u00f6sterilen neye inanmal\u0131d\u0131r yoksa hislerine mi kulak verilmelidir? S\u0131n\u0131rlar somutla\u015ft\u0131k\u00e7a ger\u00e7e\u011fi de\u011fi\u015ftirmeye, \u015fehrin hayat\u0131n\u0131 etkilemeye ba\u015flar. A. Erkan Akay, fantastik d\u00fcnyan\u0131n kap\u0131lar\u0131n\u0131 ard\u0131na kadar a\u00e7arken aya\u011f\u0131n\u0131 ger\u00e7ek mek\u00e2nlara sa\u011flamca basan bu roman\u0131yla kadim bir \u015fehrin s\u0131rlar\u0131n\u0131 g\u00fcn y\u00fcz\u00fcne \u00e7\u0131kar\u0131yor. G\u00f6r\u00fcnenin ard\u0131ndaki gizemi kula\u011f\u0131n\u0131za f\u0131s\u0131ld\u0131yor. Bir ejderhan\u0131n s\u0131rt\u0131ndan d\u00fcnyaya ku\u015f bak\u0131\u015f\u0131 bakmay\u0131, r\u00fczg\u00e2r\u0131 sa\u00e7lar\u0131n\u0131zda hissetmeyi, \u015fehirlerin; binalardan, sokaklardan, caddelerden ve parklardan ibaret olmad\u0131\u011f\u0131n\u0131, en az insanlar kadar s\u0131r saklayabildi\u011fini \u00f6\u011fretiyor.<\/p>\n","protected":false},"excerpt":{"rendered":"<p>Kadim \u015eehrin Unutulmu\u015f Efsanesi Yerin yedi kat derininde, en y\u00fcksek g\u00f6kdelenin \u00fcst\u00fcnde, eski bir han\u0131n s\u00fctunlar\u0131 aras\u0131nda, su yollar\u0131ndaki her bir ta\u015f\u0131n alt\u0131nda, da\u011flar\u0131n\u0131n zirvesinde ya<span class=\"excerpt-hellip\"> [\u2026]<\/span><\/p>\n","protected":false},"featured_media":0,"template":"","meta":{"_monsterinsights_skip_tracking":false,"_monsterinsights_sitenote_active":false,"_monsterinsights_sitenote_note":"","_monsterinsights_sitenote_category":0},"product_brand":[],"product_cat":[12291,14777],"product_tag":[],"class_list":{"0":"post-773664","1":"product","2":"type-product","3":"status-publish","5":"product_cat-edebiyat","6":"product_cat-fantastik","7":"pa_cilt-ciltsiz","8":"pa_tur-kitap","9":"pa_yayinevi-tulu-kitap","10":"pa_yazar-a-erkan-akay","12":"first","13":"instock","14":"sale","15":"shipping-taxable","16":"purchasable","17":"product-type-simple"},"_links":{"self":[{"href":"https:\/\/roveyayinevi.com.tr\/index.php\/wp-json\/wp\/v2\/product\/773664","targetHints":{"allow":["GET"]}}],"collection":[{"href":"https:\/\/roveyayinevi.com.tr\/index.php\/wp-json\/wp\/v2\/product"}],"about":[{"href":"https:\/\/roveyayinevi.com.tr\/index.php\/wp-json\/wp\/v2\/types\/product"}],"wp:attachment":[{"href":"https:\/\/roveyayinevi.com.tr\/index.php\/wp-json\/wp\/v2\/media?parent=773664"}],"wp:term":[{"taxonomy":"product_brand","embeddable":true,"href":"https:\/\/roveyayinevi.com.tr\/index.php\/wp-json\/wp\/v2\/product_brand?post=773664"},{"taxonomy":"product_cat","embeddable":true,"href":"https:\/\/roveyayinevi.com.tr\/index.php\/wp-json\/wp\/v2\/product_cat?post=773664"},{"taxonomy":"product_tag","embeddable":true,"href":"https:\/\/roveyayinevi.com.tr\/index.php\/wp-json\/wp\/v2\/product_tag?post=773664"}],"curies":[{"name":"wp","href":"https:\/\/api.w.org\/{rel}","templated":true}]}}