{"id":773660,"date":"2025-08-28T16:24:13","date_gmt":"2025-08-28T13:24:13","guid":{"rendered":"https:\/\/roveyayinevi.com.tr\/index.php\/urun\/yangin-havasi\/"},"modified":"2026-04-15T03:39:52","modified_gmt":"2026-04-15T00:39:52","slug":"yangin-havasi","status":"publish","type":"product","link":"https:\/\/roveyayinevi.com.tr\/index.php\/urun\/yangin-havasi\/","title":{"rendered":"Yang\u0131n Havas\u0131"},"content":{"rendered":"<p>\u2022 New York Times En-\u00c7ok-Satan Kitaplar 1 Numaras\u0131 \u2022 Baillie Gifford \u00d6d\u00fcl\u00fc \u2022 Pulitzer  \u00d6d\u00fcl\u00fc Aday\u0131 \u2022 National Book \u00d6d\u00fcl\u00fc Aday\u0131 \u2022 Audie \u00d6d\u00fcl\u00fc Aday\u0131 \u2022 Shaughnessy Cohen \u00d6d\u00fcl\u00fc Aday\u0131 \u2022 OLA Evergreen \u00d6d\u00fcl\u00fc Aday\u0131 \u2022 Hilary Weston Yazarlar Vakf\u0131 \u00d6d\u00fcl\u00fc Aday\u0131 \u2022 PEN\/Galbraith \u00d6d\u00fcl\u00fc Aday\u0131 May\u0131s 2016&#8217;da, Kanada&#8217;n\u0131n petrol end\u00fcstrisinin merkezi ve ABD\u2019nin en b\u00fcy\u00fck d\u0131\u015f tedarik\u00e7isi olan Fort McMurray \u015fehri orman yang\u0131n\u0131yla kas\u0131p kavruldu. Milyarlarca dolarl\u0131k zarara yol a\u00e7an fel\u00e2ket, ara\u00e7lar\u0131 eritip t\u00fcm mah\u00e2lleleri yang\u0131n bombas\u0131na \u00e7evirip birka\u00e7 saat i\u00e7inde 88.000 ki\u015fiyi evlerinden etti. John Vaillant, Katrina Kas\u0131rgas\u0131&#8217;n\u0131n orman yang\u0131n\u0131 versiyonu olan bu k\u0131yametv\u00e2r\u00ee yang\u0131n\u0131 mercek alt\u0131na alarak, bunun benzersiz bir olay de\u011fil, daha s\u0131cak ve yan\u0131c\u0131 bir d\u00fcnyada nelere haz\u0131rl\u0131kl\u0131 olmam\u0131z gerekti\u011fine dair \u015fok edici bir \u00f6nizleme oldu\u011fu konusunda uyar\u0131yor.   Y\u00fczbinlerce y\u0131ld\u0131r ate\u015f, k\u00fclt\u00fcr\u00fcm\u00fcz\u00fc, uygarl\u0131\u011f\u0131m\u0131z\u0131 ve b\u00fcy\u00fck olas\u0131l\u0131kla beynimizi \u015fekillendirerek evrimimize ortak oldu. Ate\u015f, yiyeceklerimizi pi\u015firmemizi, kendimizi savunmam\u0131z\u0131, evlerimizi \u0131s\u0131tmam\u0131z\u0131 ve dev\u00e2sa ekonomimizi d\u00f6nd\u00fcren makinelere g\u00fc\u00e7 vermemizi sa\u011flad\u0131. Yine de bu dengesiz enerji kayna\u011f\u0131 her zaman kontrol\u00fcm\u00fczden \u00e7\u0131kma tehdidi ta\u015f\u0131m\u0131\u015ft\u0131r ve iklim de\u011fi\u015fikli\u011finin yo\u011funla\u015ft\u0131\u011f\u0131 yeni \u00e7a\u011f\u0131m\u0131zda, y\u0131k\u0131c\u0131 g\u00fcc\u00fcn\u00fcn daha \u00f6nce hay\u00e2l bile edilemeyecek \u015fekillerde a\u00e7\u0131\u011fa \u00e7\u0131kt\u0131\u011f\u0131n\u0131 g\u00f6r\u00fcyoruz.   Vaillant, ustaca bir anlat\u0131m ve sinematik bir g\u00f6zle bizi Kuzey Amerika&#8217;n\u0131n petrol end\u00fcstrisi ve iklim biliminin do\u011fu\u015funun i\u00e7 i\u00e7e ge\u00e7mi\u015f tarihlerine, modern orman yang\u0131nlar\u0131n\u0131n yol a\u00e7t\u0131\u011f\u0131 e\u015fi benzeri g\u00f6r\u00fclmemi\u015f y\u0131k\u0131ma ve bu fel\u00e2ketlerin sonsuza dek de\u011fi\u015ftirdi\u011fi hayatlara do\u011fru s\u00fcr\u00fckleyici bir yolculu\u011fa \u00e7\u0131kar\u0131yor.   John Vaillant\u2019\u0131n \u00e7ok say\u0131da \u00f6d\u00fcl kazanm\u0131\u015f bu \u00e7arp\u0131c\u0131 eseri, hen\u00fcz ba\u015flang\u0131c\u0131nda oldu\u011fumuz \u201cyang\u0131n y\u00fczy\u0131l\u0131\u201d i\u00e7in ve \u201cyang\u0131n y\u00fczy\u0131l\u0131nda\u201d yaz\u0131lm\u0131\u015f bir kitap.   Kitap hakk\u0131ndaki \u00f6vg\u00fclerden baz\u0131lar\u0131   \u201cS\u00fcr\u00fckleyici, b\u00fcy\u00fcleyici, her sayfas\u0131 \u015fa\u015fk\u0131nl\u0131k verici\u2026 John Vaillant do\u011fa d\u00fcnyas\u0131n\u0131n b\u00fcy\u00fck \u015f\u00e2ir-hik\u00e2yecilerinden biri; burada da do\u011fan\u0131n en b\u00fcy\u00fck fel\u00e2ketlerinden birinin ihti\u015fam\u0131n\u0131 ve deh\u015fetini, onu b\u00f6ylesine m\u00fcmk\u00fcn k\u0131lan unsurlarla birlikte, ustal\u0131kla yakal\u0131yor.\u201d \u2014David Wallace-Wells, The Uninhabitable Earth kitab\u0131n\u0131n 1 numaral\u0131 \u00e7oksatan yazar\u0131   \u201cYang\u0131n Havas\u0131, dev\u00e2sa bir ara\u015ft\u0131rma, d\u00fc\u015f\u00fcnce ve hay\u00e2l g\u00fcc\u00fc eme\u011fi; Antroposen \u00fczerine yaz\u0131lm\u0131\u015f kurgu d\u0131\u015f\u0131 metinler aras\u0131nda bir d\u00f6n\u00fcm noktas\u0131 olarak g\u00f6r\u00fclece\u011fine inan\u0131yorum. Vaillant\u2019\u0131n \u2018Petrosen\u2019 ad\u0131n\u0131 verdi\u011fi, insan eliyle k\u00f6r\u00fcklenen yanman\u0131n damgas\u0131n\u0131 vurdu\u011fu bu \u00e7a\u011f\u0131n kapsaml\u0131 ve etkileyici bir kayd\u0131. Kitap, hem geni\u015f ufuklu hem de \u00f6zenli i\u015flenmi\u015f diliyle, \u015fa\u015f\u0131rtan bir anlat\u0131ya s\u00e2hip. Felsef\u00ee bir gerilim roman\u0131 gibi s\u00fcr\u00fckl\u00fcyor, bir deniz feneri gibi uyar\u0131yor ve insan\u0131 sars\u0131yor.\u201d \u2014Robert Macfarlane, Underland yazar\u0131   \u201cBurada Elizabeth Kolbert d\u00fczeyinde ba\u015far\u0131l\u0131 bir pop\u00fcler bilim yaz\u0131m\u0131yla birlikte, bit\u00fcml\u00fc kumlar ve k\u0131ra\u00e7larda ge\u00e7imini sa\u011flayan insanlar\u0131n hayatlar\u0131na d\u00e2ir daha sert portreler de yer al\u0131yor. Vaillant ilgi \u00e7ekici sorular soruyor \u2014belki de en \u00f6nemlisi, g\u00f6r\u00fcnd\u00fc\u011f\u00fcnden \u00e7ok daha derin bir soru: \u2018Ate\u015f canl\u0131 m\u0131d\u0131r?\u2019 Tam zaman\u0131nda yay\u0131mlanm\u0131\u015f, iyi yaz\u0131lm\u0131\u015f bir iklim habercili\u011fi eseri.\u201d \u2014Kirkus   \u201cTam zaman\u0131nda yay\u0131mlanm\u0131\u015f bir eser\u2026 Buradaki as\u0131l ba\u015frol oyuncusu ate\u015fin kendisi: dizginlenemeyen ve korkutucu, doyumsuz bir g\u00fc\u00e7. Bu kitap hem ger\u00e7ek bir gerilim anlat\u0131s\u0131 hem de ne oldu\u011funun \u2014ve iklim de\u011fi\u015firken insanlar de\u011fi\u015fmedi\u011fi s\u00fcrece neden tekrar tekrar olaca\u011f\u0131n\u0131n\u2014 an be an kayd\u0131.\u201d \u2014The New York Times   \u201cYang\u0131n\u0131n y\u0131k\u0131c\u0131 seyrine d\u00e2ir s\u00fcr\u00fckleyici bir tasvir\u2026 Kitab\u0131n ger\u00e7ek ba\u015frol\u00fc ate\u015f; Vaillant onu ya\u015fayan, nefes alan bir varl\u0131k gibi ele al\u0131yor ve d\u00fcnya daha da yan\u0131c\u0131 h\u00e2le geldik\u00e7e, bu varl\u0131\u011f\u0131n daha da tehlikeli olaca\u011f\u0131na vurgu yap\u0131yor. Orman yang\u0131nlar\u0131n\u0131n g\u00fcndemi domine etti\u011fi bir d\u00f6nemde, Yang\u0131n Havas\u0131 yaln\u0131zca g\u00fcncel ve \u00e7arp\u0131c\u0131 bir tarih anlat\u0131s\u0131 de\u011fil ayn\u0131 zamanda yeni normalimiz olabilecek \u015feylere d\u00e2ir \u00fcrpertici bir \u00f6n g\u00f6sterim.\u201d \u2014Shannon Carlin, TIME Magazine   \u201c\u0130klim de\u011fi\u015fikli\u011fi \u00fczerine yaz\u0131lm\u0131\u015f az say\u0131daki kitab\u0131n y\u0131k\u0131m\u0131 bu kadar canl\u0131 anlatt\u0131\u011f\u0131 azd\u0131r\u2026 B\u00fcy\u00fcleyici ve korkutucu bir i\u00e7erik; \u00f6zellikle Vaillant\u2019\u0131n m\u00fcthi\u015f anlat\u0131m\u0131yla\u2026 Sanki bu paroksismal alevler son sayfaya kadar yanacakm\u0131\u015f gibi hissediyorsunuz.\u201d \u2014John Washington, New York Review of Books <\/p>\n","protected":false},"excerpt":{"rendered":"<p>\u2022 New York Times En-\u00c7ok-Satan Kitaplar 1 Numaras\u0131 \u2022 Baillie Gifford \u00d6d\u00fcl\u00fc \u2022 Pulitzer \u00d6d\u00fcl\u00fc Aday\u0131 \u2022 National Book \u00d6d\u00fcl\u00fc Aday\u0131 \u2022 Audie \u00d6d\u00fcl\u00fc Aday\u0131 \u2022<span class=\"excerpt-hellip\"> [\u2026]<\/span><\/p>\n","protected":false},"featured_media":0,"template":"","meta":{"_monsterinsights_skip_tracking":false,"_monsterinsights_sitenote_active":false,"_monsterinsights_sitenote_note":"","_monsterinsights_sitenote_category":0},"product_brand":[],"product_cat":[13005,13006],"product_tag":[],"class_list":{"0":"post-773660","1":"product","2":"type-product","3":"status-publish","5":"product_cat-bilim-muhendislik","6":"product_cat-populer-bilim","7":"pa_cilt-ciltsiz","8":"pa_tur-kitap","9":"pa_yayinevi-serbest-kitaplar","10":"pa_yazar-john-vaillant","12":"first","13":"instock","14":"sale","15":"shipping-taxable","16":"purchasable","17":"product-type-simple"},"_links":{"self":[{"href":"https:\/\/roveyayinevi.com.tr\/index.php\/wp-json\/wp\/v2\/product\/773660","targetHints":{"allow":["GET"]}}],"collection":[{"href":"https:\/\/roveyayinevi.com.tr\/index.php\/wp-json\/wp\/v2\/product"}],"about":[{"href":"https:\/\/roveyayinevi.com.tr\/index.php\/wp-json\/wp\/v2\/types\/product"}],"wp:attachment":[{"href":"https:\/\/roveyayinevi.com.tr\/index.php\/wp-json\/wp\/v2\/media?parent=773660"}],"wp:term":[{"taxonomy":"product_brand","embeddable":true,"href":"https:\/\/roveyayinevi.com.tr\/index.php\/wp-json\/wp\/v2\/product_brand?post=773660"},{"taxonomy":"product_cat","embeddable":true,"href":"https:\/\/roveyayinevi.com.tr\/index.php\/wp-json\/wp\/v2\/product_cat?post=773660"},{"taxonomy":"product_tag","embeddable":true,"href":"https:\/\/roveyayinevi.com.tr\/index.php\/wp-json\/wp\/v2\/product_tag?post=773660"}],"curies":[{"name":"wp","href":"https:\/\/api.w.org\/{rel}","templated":true}]}}