{"id":773659,"date":"2025-08-28T16:24:12","date_gmt":"2025-08-28T13:24:12","guid":{"rendered":"https:\/\/roveyayinevi.com.tr\/index.php\/urun\/kim-yazdi-kutu-oyunu\/"},"modified":"2026-04-15T03:39:52","modified_gmt":"2026-04-15T00:39:52","slug":"kim-yazdi-kutu-oyunu","status":"publish","type":"product","link":"https:\/\/roveyayinevi.com.tr\/index.php\/urun\/kim-yazdi-kutu-oyunu\/","title":{"rendered":"Kim Yazd\u0131 Kutu Oyunu"},"content":{"rendered":"<p>Kim Yazd\u0131? \u2013 Edebiyat\u0131n En E\u011flenceli H\u00e2li! Unutulmaz yazarlar\u0131 ve etkileyici c\u00fcmleleri tan\u0131maya haz\u0131r m\u0131s\u0131n? &#8220;Kim Yazd\u0131?&#8221;, T\u00fcrk edebiyat\u0131n\u0131n en \u00f6nemli yazarlar\u0131n\u0131 keyifli ve \u00f6\u011fretici bir formatta bir araya getiren e\u011flenceli bir kutu oyunudur. Oyuncular, kartlardaki ipu\u00e7lar\u0131ndan yazar\u0131n kim oldu\u011funu bulmaya \u00e7al\u0131\u015f\u0131r, ama dikkat! Kart \u00fczerindeki yasakl\u0131 kelimeleri kullanmak yok!  Ne Kazand\u0131r\u0131r? Yazarlar\u0131n diline, tarz\u0131na ve d\u00fcnyas\u0131na yarat\u0131c\u0131 bir yolculuk Haf\u0131za ve dikkat geli\u015fimi Edebiyata dair genel k\u00fclt\u00fcr art\u0131\u015f\u0131 Hem \u00e7ocuklar hem yeti\u015fkinler i\u00e7in kaliteli zaman Oyuncu Say\u0131s\u0131: 2\u20136 ki\u015fi Oyun Modu: 3 farkl\u0131 oyun modu Kutu \u0130\u00e7eri\u011fi: 52 adet \u00f6zel tasar\u0131ml\u0131 yazar kart\u0131 &#8211; 1 adet kum saati &#8211; Kolay oyun k\u0131lavuzu Yasakl\u0131 kelimelerle oyun dengesi Basit ve h\u0131zl\u0131 \u00f6\u011frenilen kurallar E\u011flenceli rekabet, bol kahkaha Kimler Oynayabilir? \u00d6\u011frenciler \u00d6\u011fretmenler Edebiyat tutkunlar\u0131 Ailece oyun keyfi arayan herkes! \u00d6zg\u00fcn, \u00f6\u011fretici ve e\u011flenceli bir deneyim i\u00e7in \u201cKim Yazd\u0131?\u201d tam size g\u00f6re! Bug\u00fcn edebiyatla oyun aras\u0131nda ba\u011f kurun, hem \u00f6\u011frenin hem e\u011flenin! <\/p>\n","protected":false},"excerpt":{"rendered":"<p>Kim Yazd\u0131? \u2013 Edebiyat\u0131n En E\u011flenceli H\u00e2li! Unutulmaz yazarlar\u0131 ve etkileyici c\u00fcmleleri tan\u0131maya haz\u0131r m\u0131s\u0131n? &#8220;Kim Yazd\u0131?&#8221;, T\u00fcrk edebiyat\u0131n\u0131n en \u00f6nemli yazarlar\u0131n\u0131 keyifli ve \u00f6\u011fretici bir<span class=\"excerpt-hellip\"> [\u2026]<\/span><\/p>\n","protected":false},"featured_media":0,"template":"","meta":{"_monsterinsights_skip_tracking":false,"_monsterinsights_sitenote_active":false,"_monsterinsights_sitenote_note":"","_monsterinsights_sitenote_category":0},"product_brand":[],"product_cat":[139410,15563],"product_tag":[],"class_list":{"0":"post-773659","1":"product","2":"type-product","3":"status-publish","5":"product_cat-buyukler-icin-oyun","6":"product_cat-hobi","7":"pa_tur-oyun","8":"pa_yayinevi-ulysses-yayinlari","9":"pa_yazar-kolektif","11":"first","12":"instock","13":"sale","14":"shipping-taxable","15":"purchasable","16":"product-type-simple"},"_links":{"self":[{"href":"https:\/\/roveyayinevi.com.tr\/index.php\/wp-json\/wp\/v2\/product\/773659","targetHints":{"allow":["GET"]}}],"collection":[{"href":"https:\/\/roveyayinevi.com.tr\/index.php\/wp-json\/wp\/v2\/product"}],"about":[{"href":"https:\/\/roveyayinevi.com.tr\/index.php\/wp-json\/wp\/v2\/types\/product"}],"wp:attachment":[{"href":"https:\/\/roveyayinevi.com.tr\/index.php\/wp-json\/wp\/v2\/media?parent=773659"}],"wp:term":[{"taxonomy":"product_brand","embeddable":true,"href":"https:\/\/roveyayinevi.com.tr\/index.php\/wp-json\/wp\/v2\/product_brand?post=773659"},{"taxonomy":"product_cat","embeddable":true,"href":"https:\/\/roveyayinevi.com.tr\/index.php\/wp-json\/wp\/v2\/product_cat?post=773659"},{"taxonomy":"product_tag","embeddable":true,"href":"https:\/\/roveyayinevi.com.tr\/index.php\/wp-json\/wp\/v2\/product_tag?post=773659"}],"curies":[{"name":"wp","href":"https:\/\/api.w.org\/{rel}","templated":true}]}}