{"id":773658,"date":"2025-08-28T16:24:10","date_gmt":"2025-08-28T13:24:10","guid":{"rendered":"https:\/\/roveyayinevi.com.tr\/index.php\/urun\/dort-ceyrek-1-hediyeli-kutu-ciltli\/"},"modified":"2026-04-12T03:31:20","modified_gmt":"2026-04-12T00:31:20","slug":"dort-ceyrek-1-hediyeli-kutu-ciltli","status":"publish","type":"product","link":"https:\/\/roveyayinevi.com.tr\/index.php\/urun\/dort-ceyrek-1-hediyeli-kutu-ciltli\/","title":{"rendered":"D\u00f6rt \u00c7eyrek 1 \u2013 Hediyeli Kutu (Ciltli)"},"content":{"rendered":"<p>\u0130\u00e7indekiler: D\u00f6rt \u00c7eyrek 1 (Ciltli) \u00d6zel Lak Detayl\u0131 Kutu \u00d6zel Tasar\u0131m K\u00f6\u015fe Ayra\u00e7 \u00d6zel Kesim Ayra\u00e7 \u00d6zel Tasar\u0131m Defter Poster Sticker<\/p>\n","protected":false},"excerpt":{"rendered":"<p>\u0130\u00e7indekiler: D\u00f6rt \u00c7eyrek 1 (Ciltli) \u00d6zel Lak Detayl\u0131 Kutu \u00d6zel Tasar\u0131m K\u00f6\u015fe Ayra\u00e7 \u00d6zel Kesim Ayra\u00e7 \u00d6zel Tasar\u0131m Defter Poster Sticker<\/p>\n","protected":false},"featured_media":0,"template":"","meta":{"_monsterinsights_skip_tracking":false,"_monsterinsights_sitenote_active":false,"_monsterinsights_sitenote_note":"","_monsterinsights_sitenote_category":0},"product_brand":[],"product_cat":[12291,12711],"product_tag":[],"class_list":{"0":"post-773658","1":"product","2":"type-product","3":"status-publish","5":"product_cat-edebiyat","6":"product_cat-roman-oyku","7":"pa_cilt-ciltli","8":"pa_tur-kitap","9":"pa_yayinevi-ephesus-travel-yayinlari","10":"pa_yazar-azra-izguner","12":"first","13":"instock","14":"sale","15":"shipping-taxable","16":"purchasable","17":"product-type-simple"},"_links":{"self":[{"href":"https:\/\/roveyayinevi.com.tr\/index.php\/wp-json\/wp\/v2\/product\/773658","targetHints":{"allow":["GET"]}}],"collection":[{"href":"https:\/\/roveyayinevi.com.tr\/index.php\/wp-json\/wp\/v2\/product"}],"about":[{"href":"https:\/\/roveyayinevi.com.tr\/index.php\/wp-json\/wp\/v2\/types\/product"}],"wp:attachment":[{"href":"https:\/\/roveyayinevi.com.tr\/index.php\/wp-json\/wp\/v2\/media?parent=773658"}],"wp:term":[{"taxonomy":"product_brand","embeddable":true,"href":"https:\/\/roveyayinevi.com.tr\/index.php\/wp-json\/wp\/v2\/product_brand?post=773658"},{"taxonomy":"product_cat","embeddable":true,"href":"https:\/\/roveyayinevi.com.tr\/index.php\/wp-json\/wp\/v2\/product_cat?post=773658"},{"taxonomy":"product_tag","embeddable":true,"href":"https:\/\/roveyayinevi.com.tr\/index.php\/wp-json\/wp\/v2\/product_tag?post=773658"}],"curies":[{"name":"wp","href":"https:\/\/api.w.org\/{rel}","templated":true}]}}