{"id":773657,"date":"2025-08-28T16:24:07","date_gmt":"2025-08-28T13:24:07","guid":{"rendered":"https:\/\/roveyayinevi.com.tr\/index.php\/urun\/dort-ceyrek-1-ciltli\/"},"modified":"2026-04-12T03:31:20","modified_gmt":"2026-04-12T00:31:20","slug":"dort-ceyrek-1-ciltli","status":"publish","type":"product","link":"https:\/\/roveyayinevi.com.tr\/index.php\/urun\/dort-ceyrek-1-ciltli\/","title":{"rendered":"D\u00f6rt \u00c7eyrek -1 (Ciltli)"},"content":{"rendered":"<p>Baz\u0131 tesad\u00fcfler, hayat\u0131n seyrini geri d\u00f6n\u00fc\u015f\u00fc olmayan bir \u015fekilde de\u011fi\u015ftirir. Bazen bu an, sokakta a\u011flayan bir yabanc\u0131n\u0131n g\u00f6lgesinde ya da bu\u011fulu bir kafede gizlenmi\u015f olur. Feza&#8217;n\u0131n hayat\u0131, \u00e7ok s\u0131radan diye d\u00fc\u015f\u00fcnd\u00fc\u011f\u00fc bir gecede de\u011fi\u015fecektir. Visal\u2019in \u00f6n\u00fcnde dizlerinin \u00fczerine \u00e7\u00f6km\u00fc\u015f bir \u00e7ocuk ve her \u015feyin ba\u015flang\u0131c\u0131 olan o soru: \u201c\u0130yi misiniz?\u201d Dorukhan Falay, altyap\u0131dan A tak\u0131ma y\u00fckselmeye \u00e7al\u0131\u015fan gen\u00e7 bir basketbolcudur. Elinde sadece bir top de\u011fil, ayn\u0131 zamanda umutlar\u0131 ve hayal k\u0131r\u0131kl\u0131klar\u0131 da vard\u0131r. Bu iki yabanc\u0131, bir sokak lambas\u0131n\u0131n alt\u0131nda hayalleri kadar g\u00fc\u00e7l\u00fc bir ba\u011f kurarlar. Art\u0131k zaman bamba\u015fka akacak, yeni umut ve heyecanlara yelken a\u00e7acaklard\u0131r. \u00c7\u00fcnk\u00fc baz\u0131 kar\u015f\u0131la\u015fmalar tesad\u00fcf de\u011fildir ve baz\u0131 insanlar, ilk anda hayat\u0131n\u0131zda derin izler b\u0131rak\u0131r. Azra Izg\u00fcner&#8217;in ilk roman\u0131 D\u00f6rt \u00c7eyrek, zaman zaman g\u00fcl\u00fcmseten, zaman zaman da y\u00fcrek burkan bir anlat\u0131mla a\u015fk\u0131n, hayallerin ve en g\u00fczel tesad\u00fcflerin izlerini okurlarla bulu\u015fturuyor.<\/p>\n","protected":false},"excerpt":{"rendered":"<p>Baz\u0131 tesad\u00fcfler, hayat\u0131n seyrini geri d\u00f6n\u00fc\u015f\u00fc olmayan bir \u015fekilde de\u011fi\u015ftirir. Bazen bu an, sokakta a\u011flayan bir yabanc\u0131n\u0131n g\u00f6lgesinde ya da bu\u011fulu bir kafede gizlenmi\u015f olur. Feza&#8217;n\u0131n<span class=\"excerpt-hellip\"> [\u2026]<\/span><\/p>\n","protected":false},"featured_media":0,"template":"","meta":{"_monsterinsights_skip_tracking":false,"_monsterinsights_sitenote_active":false,"_monsterinsights_sitenote_note":"","_monsterinsights_sitenote_category":0},"product_brand":[],"product_cat":[12291,12711],"product_tag":[],"class_list":{"0":"post-773657","1":"product","2":"type-product","3":"status-publish","5":"product_cat-edebiyat","6":"product_cat-roman-oyku","7":"pa_cilt-ciltli","8":"pa_tur-kitap","9":"pa_yayinevi-ephesus-yayinlari","10":"pa_yazar-azra-izguner","12":"first","13":"instock","14":"sale","15":"shipping-taxable","16":"purchasable","17":"product-type-simple"},"_links":{"self":[{"href":"https:\/\/roveyayinevi.com.tr\/index.php\/wp-json\/wp\/v2\/product\/773657","targetHints":{"allow":["GET"]}}],"collection":[{"href":"https:\/\/roveyayinevi.com.tr\/index.php\/wp-json\/wp\/v2\/product"}],"about":[{"href":"https:\/\/roveyayinevi.com.tr\/index.php\/wp-json\/wp\/v2\/types\/product"}],"wp:attachment":[{"href":"https:\/\/roveyayinevi.com.tr\/index.php\/wp-json\/wp\/v2\/media?parent=773657"}],"wp:term":[{"taxonomy":"product_brand","embeddable":true,"href":"https:\/\/roveyayinevi.com.tr\/index.php\/wp-json\/wp\/v2\/product_brand?post=773657"},{"taxonomy":"product_cat","embeddable":true,"href":"https:\/\/roveyayinevi.com.tr\/index.php\/wp-json\/wp\/v2\/product_cat?post=773657"},{"taxonomy":"product_tag","embeddable":true,"href":"https:\/\/roveyayinevi.com.tr\/index.php\/wp-json\/wp\/v2\/product_tag?post=773657"}],"curies":[{"name":"wp","href":"https:\/\/api.w.org\/{rel}","templated":true}]}}