{"id":773648,"date":"2025-08-28T16:23:47","date_gmt":"2025-08-28T13:23:47","guid":{"rendered":"https:\/\/roveyayinevi.com.tr\/index.php\/urun\/istanbulun-paranormal-mekanlari\/"},"modified":"2026-04-15T03:39:52","modified_gmt":"2026-04-15T00:39:52","slug":"istanbulun-paranormal-mekanlari","status":"publish","type":"product","link":"https:\/\/roveyayinevi.com.tr\/index.php\/urun\/istanbulun-paranormal-mekanlari\/","title":{"rendered":"\u0130stanbul\u2019un Paranormal Mekanlar\u0131"},"content":{"rendered":"<p>BU \u015eEH\u0130R SADECE \u201cYA\u015eAYANLARA\u201d EV SAH\u0130PL\u0130\u011e\u0130 YAPMIYOR   \u0130stanbul&#8230; Yirmi milyonluk \u201cger\u00e7ek\u00e7i\u201d bir kalabal\u0131\u011f\u0131n tam arkas\u0131nda, h\u00e2l\u00e2 var oldu\u011funa inan\u0131lan \u201cger\u00e7ekd\u0131\u015f\u0131\u201d bir \u015fehrin silueti&#8230; Y\u00fczlerce y\u0131ll\u0131k bir caminin as\u0131rlard\u0131r y\u00fckseldi\u011fi o kadim sokakta, yaln\u0131zca geceleri yank\u0131lanan \u00e7ocuk \u00e7\u0131\u011fl\u0131klar\u0131&#8230; Bo\u011faz\u2019a naz\u0131r ihti\u015faml\u0131 bir k\u00f6\u015fk\u00fcn penceresinde ans\u0131z\u0131n beliren siluet&#8230; Kilise duvarlar\u0131n\u0131n ard\u0131ndan duyulan, tarif edilemeyen nefes sesleri&#8230;Ve senede yaln\u0131zca bir kez, be\u015f saniyeli\u011fine ortadan kaybolan esrarengiz k\u00f6\u015fk.   Gazeteci-Yazar Neslihan Perker\u2019in muhabirlik y\u0131llar\u0131nda yapt\u0131\u011f\u0131 bir haber dosyas\u0131ndan yola \u00e7\u0131karak kaleme ald\u0131\u011f\u0131 \u0130stanbul\u2019un Paranormal Mek\u00e2nlar\u0131, tan\u0131klar\u0131n anlat\u0131mlar\u0131, \u015fehir efsaneleri ve bug\u00fcne dek gizli kalm\u0131\u015f s\u00f6ylentiler e\u015fli\u011finde \u015fehrin s\u0131rlar\u0131n\u0131 tek tek ortaya \u00e7\u0131kar\u0131yor. Bu kitap yaln\u0131zca bir derleme de\u011fil, \u0130stanbul\u2019un ta\u015flar\u0131n\u0131n aras\u0131na s\u0131k\u0131\u015fm\u0131\u015f, unutulmak istemeyen bir haf\u0131zan\u0131n iz s\u00fcr\u00fc\u015f\u00fc adeta.   Okurken baz\u0131 sayfalarda durup etraf\u0131n\u0131z\u0131 dinlemek isteyebilirsiniz. \u00c7\u00fcnk\u00fc belki biri de sizi izliyordur. <\/p>\n","protected":false},"excerpt":{"rendered":"<p>BU \u015eEH\u0130R SADECE \u201cYA\u015eAYANLARA\u201d EV SAH\u0130PL\u0130\u011e\u0130 YAPMIYOR \u0130stanbul&#8230; Yirmi milyonluk \u201cger\u00e7ek\u00e7i\u201d bir kalabal\u0131\u011f\u0131n tam arkas\u0131nda, h\u00e2l\u00e2 var oldu\u011funa inan\u0131lan \u201cger\u00e7ekd\u0131\u015f\u0131\u201d bir \u015fehrin silueti&#8230; Y\u00fczlerce y\u0131ll\u0131k bir<span class=\"excerpt-hellip\"> [\u2026]<\/span><\/p>\n","protected":false},"featured_media":0,"template":"","meta":{"_monsterinsights_skip_tracking":false,"_monsterinsights_sitenote_active":false,"_monsterinsights_sitenote_note":"","_monsterinsights_sitenote_category":0},"product_brand":[],"product_cat":[13072,12291],"product_tag":[],"class_list":{"0":"post-773648","1":"product","2":"type-product","3":"status-publish","5":"product_cat-arastirma-inceleme-referans","6":"product_cat-edebiyat","7":"pa_cilt-ciltsiz","8":"pa_tur-kitap","9":"pa_yayinevi-destek-yayinlari","10":"pa_yazar-neslihan-perker","12":"first","13":"instock","14":"sale","15":"shipping-taxable","16":"purchasable","17":"product-type-simple"},"_links":{"self":[{"href":"https:\/\/roveyayinevi.com.tr\/index.php\/wp-json\/wp\/v2\/product\/773648","targetHints":{"allow":["GET"]}}],"collection":[{"href":"https:\/\/roveyayinevi.com.tr\/index.php\/wp-json\/wp\/v2\/product"}],"about":[{"href":"https:\/\/roveyayinevi.com.tr\/index.php\/wp-json\/wp\/v2\/types\/product"}],"wp:attachment":[{"href":"https:\/\/roveyayinevi.com.tr\/index.php\/wp-json\/wp\/v2\/media?parent=773648"}],"wp:term":[{"taxonomy":"product_brand","embeddable":true,"href":"https:\/\/roveyayinevi.com.tr\/index.php\/wp-json\/wp\/v2\/product_brand?post=773648"},{"taxonomy":"product_cat","embeddable":true,"href":"https:\/\/roveyayinevi.com.tr\/index.php\/wp-json\/wp\/v2\/product_cat?post=773648"},{"taxonomy":"product_tag","embeddable":true,"href":"https:\/\/roveyayinevi.com.tr\/index.php\/wp-json\/wp\/v2\/product_tag?post=773648"}],"curies":[{"name":"wp","href":"https:\/\/api.w.org\/{rel}","templated":true}]}}