{"id":773646,"date":"2025-08-28T16:23:42","date_gmt":"2025-08-28T13:23:42","guid":{"rendered":"https:\/\/roveyayinevi.com.tr\/index.php\/urun\/batman-wayne-ailesi-maceralari-1\/"},"modified":"2026-04-15T03:39:52","modified_gmt":"2026-04-15T00:39:52","slug":"batman-wayne-ailesi-maceralari-1","status":"publish","type":"product","link":"https:\/\/roveyayinevi.com.tr\/index.php\/urun\/batman-wayne-ailesi-maceralari-1\/","title":{"rendered":"Batman: Wayne Ailesi Maceralar\u0131 1"},"content":{"rendered":"<p>BABA OLMAK, BATMAN OLMAKTAN ZOR DE\u011e\u0130LD\u0130R HERHALDE, DE\u011e\u0130L M\u0130?   Batman\u2019in i\u015fi ba\u015f\u0131ndan a\u015fk\u0131n. Nightwing, Batgirl, Red Hood, Orphan, Spoiler ve birka\u00e7 Robin&#8230; Biyolojik olsun, evlatl\u0131k olsun, Bruce Wayne i\u00e7in \u00e7ocuklar\u0131n haddi hesab\u0131 yok. \u015eimdi de yeni bir kanunsuz olan Duke Thomas, nam\u0131 di\u011fer Signal\u2019in aileye kat\u0131lmas\u0131yla Wayne Malikanesi daha da kalabal\u0131k hale geliyor. Bu \u00e7\u0131lg\u0131n ve s\u0131ms\u0131cak maceralara kat\u0131l\u0131n ve \u2018\u2018aile\u2019\u2019 s\u00f6zc\u00fc\u011f\u00fcn\u00fcn anlam\u0131n\u0131 \u00f6\u011frenmeye haz\u0131r olun. CRC Payne taraf\u0131ndan yaz\u0131lan, Starbite&#8217;\u0131n \u00e7izimleriyle hayat bulan bu cilt, WEBTOON\u2019un Eisner \u00d6d\u00fcl\u00fc\u2019ne aday g\u00f6sterilen serinin ilk 25 b\u00f6l\u00fcm\u00fcn\u00fc bir kitapta topluyor. Ayr\u0131ca serinin yarat\u0131c\u0131lar\u0131n\u0131n daha \u00f6nce hi\u00e7 payla\u015fmad\u0131\u011f\u0131 bonus i\u00e7erikler de burada! <\/p>\n","protected":false},"excerpt":{"rendered":"<p>BABA OLMAK, BATMAN OLMAKTAN ZOR DE\u011e\u0130LD\u0130R HERHALDE, DE\u011e\u0130L M\u0130? Batman\u2019in i\u015fi ba\u015f\u0131ndan a\u015fk\u0131n. Nightwing, Batgirl, Red Hood, Orphan, Spoiler ve birka\u00e7 Robin&#8230; Biyolojik olsun, evlatl\u0131k olsun,<span class=\"excerpt-hellip\"> [\u2026]<\/span><\/p>\n","protected":false},"featured_media":0,"template":"","meta":{"_monsterinsights_skip_tracking":false,"_monsterinsights_sitenote_active":false,"_monsterinsights_sitenote_note":"","_monsterinsights_sitenote_category":0},"product_brand":[],"product_cat":[12416,12291],"product_tag":[],"class_list":{"0":"post-773646","1":"product","2":"type-product","3":"status-publish","5":"product_cat-cizgi-roman","6":"product_cat-edebiyat","7":"pa_cilt-ciltsiz","8":"pa_tur-kitap","9":"pa_yayinevi-athica-yayinlari","10":"pa_yazar-payne","12":"first","13":"instock","14":"sale","15":"shipping-taxable","16":"purchasable","17":"product-type-simple"},"_links":{"self":[{"href":"https:\/\/roveyayinevi.com.tr\/index.php\/wp-json\/wp\/v2\/product\/773646","targetHints":{"allow":["GET"]}}],"collection":[{"href":"https:\/\/roveyayinevi.com.tr\/index.php\/wp-json\/wp\/v2\/product"}],"about":[{"href":"https:\/\/roveyayinevi.com.tr\/index.php\/wp-json\/wp\/v2\/types\/product"}],"wp:attachment":[{"href":"https:\/\/roveyayinevi.com.tr\/index.php\/wp-json\/wp\/v2\/media?parent=773646"}],"wp:term":[{"taxonomy":"product_brand","embeddable":true,"href":"https:\/\/roveyayinevi.com.tr\/index.php\/wp-json\/wp\/v2\/product_brand?post=773646"},{"taxonomy":"product_cat","embeddable":true,"href":"https:\/\/roveyayinevi.com.tr\/index.php\/wp-json\/wp\/v2\/product_cat?post=773646"},{"taxonomy":"product_tag","embeddable":true,"href":"https:\/\/roveyayinevi.com.tr\/index.php\/wp-json\/wp\/v2\/product_tag?post=773646"}],"curies":[{"name":"wp","href":"https:\/\/api.w.org\/{rel}","templated":true}]}}