{"id":773644,"date":"2025-08-28T16:23:37","date_gmt":"2025-08-28T13:23:37","guid":{"rendered":"https:\/\/roveyayinevi.com.tr\/index.php\/urun\/red-hood-kanunsuzlar-1\/"},"modified":"2026-04-15T03:39:52","modified_gmt":"2026-04-15T00:39:52","slug":"red-hood-kanunsuzlar-1","status":"publish","type":"product","link":"https:\/\/roveyayinevi.com.tr\/index.php\/urun\/red-hood-kanunsuzlar-1\/","title":{"rendered":"Red Hood: Kanunsuzlar 1"},"content":{"rendered":"<p>Herkesin g\u00f6zdesi Jason Todd\u2019un kara bahtl\u0131 kefaret yolculu\u011funu anlatan pop\u00fcler WEBTOON serisi, ilk kez kitapla\u015ft\u0131r\u0131lm\u0131\u015f \u015fekilde ra\ufb02arda! Ka\u00e7\u0131rmay\u0131n! Kanunsuzlar, i\u015fleri yasal yollardan halletmeye \u00e7al\u0131\u015f\u0131yor ama efsane bir \u015fekilde \u00e7uvall\u0131yorlar. Eski bir Robin, eski bir Wonder Woman ve, nas\u0131l desek, tuhaf bir Superman&#8230; Onlar Jason Todd, Artemis Grace ve Bizarro. Her zaman arka planda kald\u0131klar\u0131n\u0131 hissediyorlard\u0131. \u0130\u015fte bu y\u00fczden Kanunsuzlar ekibini kurup becerikli bir kiral\u0131k kahraman \u00fc\u00e7l\u00fcs\u00fc Woldular. Dinozor Adas\u0131\u2019ndan eski bir heykel \u00e7almay\u0131 denerken Adalet Birli\u011fi\u2019nin radar\u0131na tak\u0131l\u0131nca Red Hood, ekibini toplay\u0131p heykeli geri almak ve \u201cBiz ezik de\u011filiz!\u201d demek zorunda kalacak. Kanunsuzlar, DC\u2019nin en b\u00fcy\u00fck s\u00fcper k\u00f6t\u00fcleri ve s\u00fcper kahramanlar\u0131yla kar\u015f\u0131 kar\u015f\u0131ya gelecek ama en b\u00fcy\u00fck sava\u015flar\u0131 birbirleriyle olacak. Bu \u00fc\u00e7l\u00fc, bir ekip olmaya devam edebilecek mi? Batman, Wonder Woman ve Superman\u2019in g\u00f6lgesinden \u00e7\u0131k\u0131p kendi kimliklerini bulmay\u0131 ba\u015farabilecekler mi? Bu cilt, WEBTOON\u2019un efsane haline gelen serisinin 1-11. b\u00f6l\u00fcmlerini i\u00e7eriyor. \u00dcstelik serinin yarat\u0131c\u0131lar\u0131n\u0131n haz\u0131rlad\u0131\u011f\u0131 hi\u00e7 g\u00f6r\u00fclmemi\u015f bonus i\u00e7erikler de burada! Yeni favori seriniz ba\u015fl\u0131yor, ka\u00e7\u0131rmay\u0131n! <\/p>\n","protected":false},"excerpt":{"rendered":"<p>Herkesin g\u00f6zdesi Jason Todd\u2019un kara bahtl\u0131 kefaret yolculu\u011funu anlatan pop\u00fcler WEBTOON serisi, ilk kez kitapla\u015ft\u0131r\u0131lm\u0131\u015f \u015fekilde ra\ufb02arda! Ka\u00e7\u0131rmay\u0131n! Kanunsuzlar, i\u015fleri yasal yollardan halletmeye \u00e7al\u0131\u015f\u0131yor ama efsane<span class=\"excerpt-hellip\"> [\u2026]<\/span><\/p>\n","protected":false},"featured_media":0,"template":"","meta":{"_monsterinsights_skip_tracking":false,"_monsterinsights_sitenote_active":false,"_monsterinsights_sitenote_note":"","_monsterinsights_sitenote_category":0},"product_brand":[],"product_cat":[12416,12291],"product_tag":[],"class_list":{"0":"post-773644","1":"product","2":"type-product","3":"status-publish","5":"product_cat-cizgi-roman","6":"product_cat-edebiyat","7":"pa_cilt-ciltsiz","8":"pa_tur-kitap","9":"pa_yayinevi-athica-yayinlari","10":"pa_yazar-patrick-r-young","12":"first","13":"instock","14":"sale","15":"shipping-taxable","16":"purchasable","17":"product-type-simple"},"_links":{"self":[{"href":"https:\/\/roveyayinevi.com.tr\/index.php\/wp-json\/wp\/v2\/product\/773644","targetHints":{"allow":["GET"]}}],"collection":[{"href":"https:\/\/roveyayinevi.com.tr\/index.php\/wp-json\/wp\/v2\/product"}],"about":[{"href":"https:\/\/roveyayinevi.com.tr\/index.php\/wp-json\/wp\/v2\/types\/product"}],"wp:attachment":[{"href":"https:\/\/roveyayinevi.com.tr\/index.php\/wp-json\/wp\/v2\/media?parent=773644"}],"wp:term":[{"taxonomy":"product_brand","embeddable":true,"href":"https:\/\/roveyayinevi.com.tr\/index.php\/wp-json\/wp\/v2\/product_brand?post=773644"},{"taxonomy":"product_cat","embeddable":true,"href":"https:\/\/roveyayinevi.com.tr\/index.php\/wp-json\/wp\/v2\/product_cat?post=773644"},{"taxonomy":"product_tag","embeddable":true,"href":"https:\/\/roveyayinevi.com.tr\/index.php\/wp-json\/wp\/v2\/product_tag?post=773644"}],"curies":[{"name":"wp","href":"https:\/\/api.w.org\/{rel}","templated":true}]}}