{"id":773640,"date":"2025-08-28T16:23:29","date_gmt":"2025-08-28T13:23:29","guid":{"rendered":"https:\/\/roveyayinevi.com.tr\/index.php\/urun\/mavi-sakalin-satosu\/"},"modified":"2025-11-21T12:01:02","modified_gmt":"2025-11-21T09:01:02","slug":"mavi-sakalin-satosu","status":"publish","type":"product","link":"https:\/\/roveyayinevi.com.tr\/index.php\/urun\/mavi-sakalin-satosu\/","title":{"rendered":"Mavi Sakal\u2019\u0131n \u015eatosu"},"content":{"rendered":"<p>\u201cTerra Alta\u201d dizisinin ilk iki kitab\u0131nda polis memuru olarak tan\u0131d\u0131\u011f\u0131m\u0131z Melchor Mar\u00edn, aradan ge\u00e7en zamanda emekli olmu\u015ftur ve art\u0131k Terra Alta kasabas\u0131n\u0131n k\u00fct\u00fcphanesinde \u00e7al\u0131\u015fmaktad\u0131r. Gandesa\u2019da, k\u0131z\u0131 Cosette\u2019i tatilden getirecek otob\u00fcs\u00fc beklerken \u00e7\u0131kar kar\u015f\u0131m\u0131za. Gelgelelim arabadan inenler aras\u0131nda k\u0131z\u0131 yoktur. Cosette, bir multimilyarderin villas\u0131nda tutsakt\u0131r ve onu, halk\u0131n takt\u0131\u011f\u0131 isimle Barbazul \u015eatosu\u2019ndan; bu modern Mavi Sakal\u2019\u0131n elinden kurtarmak i\u00e7in \u00e7abalarken ke\u015ffettikleri, Mar\u00edn\u2019in ge\u00e7mi\u015findeki karanl\u0131klara da ba\u011flan\u0131r.   Hayat\u0131 b\u00fcy\u00fck \u00e7alkant\u0131lar, kay\u0131plar ve ac\u0131larla dolu olan Melchor Mar\u00edn en zorlu s\u0131nav\u0131yla kar\u015f\u0131 kar\u015f\u0131yad\u0131r. Bir baba k\u0131z\u0131 i\u00e7in ne kadar ileri gidebilir? Adalet u\u011fruna her \u015fey m\u00fcbah m\u0131d\u0131r? \u0130ntikamla adalet aras\u0131ndaki ayr\u0131m nerede ba\u015flar?   \u00c7a\u011fda\u015f edebiyat\u0131n en \u00f6nemli isimlerinden Javier Cercas, unutulmaz kahramanlar ve soluk solu\u011fa okunan bir hik\u00e2yeyle okuru iktidar h\u0131rs\u0131n\u0131n, g\u00fc\u00e7 sava\u015flar\u0131n\u0131n, kad\u0131nlara y\u00f6nelik korkun\u00e7 zalimli\u011fin en \u00e7\u0131plak haline edebiyatla bakmaya davet ediyor. <\/p>\n","protected":false},"excerpt":{"rendered":"<p>\u201cTerra Alta\u201d dizisinin ilk iki kitab\u0131nda polis memuru olarak tan\u0131d\u0131\u011f\u0131m\u0131z Melchor Mar\u00edn, aradan ge\u00e7en zamanda emekli olmu\u015ftur ve art\u0131k Terra Alta kasabas\u0131n\u0131n k\u00fct\u00fcphanesinde \u00e7al\u0131\u015fmaktad\u0131r. Gandesa\u2019da, k\u0131z\u0131<span class=\"excerpt-hellip\"> [\u2026]<\/span><\/p>\n","protected":false},"featured_media":0,"template":"","meta":{"_monsterinsights_skip_tracking":false,"_monsterinsights_sitenote_active":false,"_monsterinsights_sitenote_note":"","_monsterinsights_sitenote_category":0},"product_brand":[],"product_cat":[12291,12711],"product_tag":[],"class_list":{"0":"post-773640","1":"product","2":"type-product","3":"status-publish","5":"product_cat-edebiyat","6":"product_cat-roman-oyku","7":"pa_cilt-ciltsiz","8":"pa_tur-kitap","9":"pa_yayinevi-everest-yayinlari","10":"pa_yazar-javier-cercas","12":"first","13":"instock","14":"sale","15":"shipping-taxable","16":"purchasable","17":"product-type-simple"},"_links":{"self":[{"href":"https:\/\/roveyayinevi.com.tr\/index.php\/wp-json\/wp\/v2\/product\/773640","targetHints":{"allow":["GET"]}}],"collection":[{"href":"https:\/\/roveyayinevi.com.tr\/index.php\/wp-json\/wp\/v2\/product"}],"about":[{"href":"https:\/\/roveyayinevi.com.tr\/index.php\/wp-json\/wp\/v2\/types\/product"}],"wp:attachment":[{"href":"https:\/\/roveyayinevi.com.tr\/index.php\/wp-json\/wp\/v2\/media?parent=773640"}],"wp:term":[{"taxonomy":"product_brand","embeddable":true,"href":"https:\/\/roveyayinevi.com.tr\/index.php\/wp-json\/wp\/v2\/product_brand?post=773640"},{"taxonomy":"product_cat","embeddable":true,"href":"https:\/\/roveyayinevi.com.tr\/index.php\/wp-json\/wp\/v2\/product_cat?post=773640"},{"taxonomy":"product_tag","embeddable":true,"href":"https:\/\/roveyayinevi.com.tr\/index.php\/wp-json\/wp\/v2\/product_tag?post=773640"}],"curies":[{"name":"wp","href":"https:\/\/api.w.org\/{rel}","templated":true}]}}