{"id":773639,"date":"2025-08-28T16:23:27","date_gmt":"2025-08-28T13:23:27","guid":{"rendered":"https:\/\/roveyayinevi.com.tr\/index.php\/urun\/inka-uygarliginda-gunluk-hayat\/"},"modified":"2026-04-15T03:39:52","modified_gmt":"2026-04-15T00:39:52","slug":"inka-uygarliginda-gunluk-hayat","status":"publish","type":"product","link":"https:\/\/roveyayinevi.com.tr\/index.php\/urun\/inka-uygarliginda-gunluk-hayat\/","title":{"rendered":"\u0130nka Uygarl\u0131\u011f\u0131nda G\u00fcnl\u00fck Hayat"},"content":{"rendered":"<p>Avrupal\u0131lar taraf\u0131ndan s\u00f6m\u00fcrgele\u015ftirilmeden \u00f6nce bat\u0131 yar\u0131mk\u00fcredeki en b\u00fcy\u00fck imparatorluk olan \u0130nka \u0130mparatorlu\u011fu\u2019nun g\u00fcnl\u00fck hayat\u0131n\u0131 ke\u015ffedin. \u0130nkalar\u0131n G\u00fcney Amerika\u2019daki t\u00fcm k\u00fclt\u00fcrleri boyunduruk alt\u0131na almas\u0131, askeri liderlerden y\u00f6netici s\u0131n\u0131fa ve fethedilen topraklardaki halklara kadar \u00e7ok \u00e7e\u015fitli deneyimlere yol a\u00e7m\u0131\u015ft\u0131r. Okurlar bu kitapta politika ve sosyal hiyerar\u015fi, ya\u015fam d\u00f6ng\u00fcs\u00fc, tar\u0131m, mimari, kad\u0131nlar\u0131n rolleri, giyim ve s\u00fcslemeler, yiyecek ve i\u00e7ecekler, festivaller, dini rit\u00fceller, takvim ve benzersiz \u0130nka vergilendirme bi\u00e7imi de dahil olmak \u00fczere \u0130nka k\u00fclt\u00fcr\u00fcn\u00fcn t\u00fcm y\u00f6nlerini ke\u015ffedecekler. G\u00fcncel ara\u015ft\u0131rma ve kaz\u0131lar\u0131n en iyilerini temel alan bu g\u00fcncellenmi\u015f bask\u0131, Machu Picchu hakk\u0131nda yeni bir b\u00f6l\u00fcm\u00fcn yan\u0131 s\u0131ra Machu Picchu\u2019da bir \u0130nka ailesiyle onlara hizmet eden bir ailenin g\u00fcnl\u00fck hayatlar\u0131na odaklanan bir b\u00f6l\u00fcm de i\u00e7eriyor. Sonu\u00e7 b\u00f6l\u00fcmleri, \u0130nkalar\u0131n modern topluma katk\u0131lar\u0131n\u0131 ve arkeolojik alanlar\u0131n g\u00fcn\u00fcm\u00fczde yok edilmesinin tehlikelerini tart\u0131\u015f\u0131yor. Bu kitapta elliden fazla g\u00f6rsel, \u0130nka \u0130mparatorlu\u011fu\u2019nun tarihi zaman \u00e7izelgesi, bir s\u00f6zl\u00fck ve bibliyografya da bulacaks\u0131n\u0131z.<\/p>\n","protected":false},"excerpt":{"rendered":"<p>Avrupal\u0131lar taraf\u0131ndan s\u00f6m\u00fcrgele\u015ftirilmeden \u00f6nce bat\u0131 yar\u0131mk\u00fcredeki en b\u00fcy\u00fck imparatorluk olan \u0130nka \u0130mparatorlu\u011fu\u2019nun g\u00fcnl\u00fck hayat\u0131n\u0131 ke\u015ffedin. \u0130nkalar\u0131n G\u00fcney Amerika\u2019daki t\u00fcm k\u00fclt\u00fcrleri boyunduruk alt\u0131na almas\u0131, askeri liderlerden y\u00f6netici<span class=\"excerpt-hellip\"> [\u2026]<\/span><\/p>\n","protected":false},"featured_media":0,"template":"","meta":{"_monsterinsights_skip_tracking":false,"_monsterinsights_sitenote_active":false,"_monsterinsights_sitenote_note":"","_monsterinsights_sitenote_category":0},"product_brand":[],"product_cat":[12370,12304],"product_tag":[],"class_list":{"0":"post-773639","1":"product","2":"type-product","3":"status-publish","5":"product_cat-arastirma-inceleme","6":"product_cat-tarih","7":"pa_cilt-ciltsiz","8":"pa_tur-kitap","9":"pa_yayinevi-alfa-yayinlari","10":"pa_yazar-michael-a-malpass","12":"first","13":"instock","14":"sale","15":"shipping-taxable","16":"purchasable","17":"product-type-simple"},"_links":{"self":[{"href":"https:\/\/roveyayinevi.com.tr\/index.php\/wp-json\/wp\/v2\/product\/773639","targetHints":{"allow":["GET"]}}],"collection":[{"href":"https:\/\/roveyayinevi.com.tr\/index.php\/wp-json\/wp\/v2\/product"}],"about":[{"href":"https:\/\/roveyayinevi.com.tr\/index.php\/wp-json\/wp\/v2\/types\/product"}],"wp:attachment":[{"href":"https:\/\/roveyayinevi.com.tr\/index.php\/wp-json\/wp\/v2\/media?parent=773639"}],"wp:term":[{"taxonomy":"product_brand","embeddable":true,"href":"https:\/\/roveyayinevi.com.tr\/index.php\/wp-json\/wp\/v2\/product_brand?post=773639"},{"taxonomy":"product_cat","embeddable":true,"href":"https:\/\/roveyayinevi.com.tr\/index.php\/wp-json\/wp\/v2\/product_cat?post=773639"},{"taxonomy":"product_tag","embeddable":true,"href":"https:\/\/roveyayinevi.com.tr\/index.php\/wp-json\/wp\/v2\/product_tag?post=773639"}],"curies":[{"name":"wp","href":"https:\/\/api.w.org\/{rel}","templated":true}]}}