{"id":773638,"date":"2025-08-28T16:23:26","date_gmt":"2025-08-28T13:23:26","guid":{"rendered":"https:\/\/roveyayinevi.com.tr\/index.php\/urun\/iktisat-ve-toplum-dergisi-177-sayi-kapitalizm-ve-demokrasi\/"},"modified":"2026-04-15T03:39:52","modified_gmt":"2026-04-15T00:39:52","slug":"iktisat-ve-toplum-dergisi-177-sayi-kapitalizm-ve-demokrasi","status":"publish","type":"product","link":"https:\/\/roveyayinevi.com.tr\/index.php\/urun\/iktisat-ve-toplum-dergisi-177-sayi-kapitalizm-ve-demokrasi\/","title":{"rendered":"\u0130ktisat ve Toplum Dergisi 177. Say\u0131  Kapitalizm ve Demokrasi"},"content":{"rendered":"<p>Bu say\u0131da: Birle\u015fmi\u015f Milletler Verilerinde T\u00fcrkiye\u2019nin Siyasal Y\u00f6netim Performans\u0131 Ersin Kalayc\u0131o\u011flu Mutlak, K\u00fcresel ve Otoriter Kapitalizm: Kapitalist Algoritman\u0131n Son Dura\u011f\u0131na Do\u011fru Hardy Hanappi 19 Mart Operasyonu ve G\u00fcven Kayb\u0131 Nur Keyder Kapitalizmi Ba\u015fkan Mao \u00c7\u00f6kertemedi, Ba\u015fkan Trump Ba\u015farabilir mi? Ergun T\u00fcrkcan 1,5\u00b0C E\u015fi\u011fi A\u015f\u0131ld\u0131: K\u00fcresel Is\u0131nmada Yeni Bir D\u00f6neme mi Giriyoruz? R. Funda Barbaros (Alman) Devlet Sosyalizmi Tart\u0131\u015fmalar\u0131 (I): Ferdinand Lassalle (1825-1864) Ercan Eren T\u00fcrkiye\u2019de Oyunculu\u011fun Politik Ekonomisi V Sacit Hadi Akdede Jeotermal Enerjide Elli Y\u0131ll\u0131k Tan\u0131kl\u0131kla T\u00fcrkiye\u2019nin Ser\u00fcveni Ay\u015feg\u00fcl Turan Kamu Toplu \u0130\u015f S\u00f6zle\u015fmeleri \u00c7er\u00e7eve Anla\u015fma Protokollerinin Sendikal M\u00fccadeleye Etkileri Mahsun Turan T\u00fcrkiye Bir \u00dclke midir? Yas\u0327ar Tas\u0327k\u0131n Ko\u00e7 Orhan Kemal\u2019in Murtaza Roman\u0131nda Ekonomi Politik Temsiller: \u0130deoloji, Emek ve G\u00f6zetim G\u00fcl\u00e7in Elif Y\u00fccel<\/p>\n","protected":false},"excerpt":{"rendered":"<p>Bu say\u0131da: Birle\u015fmi\u015f Milletler Verilerinde T\u00fcrkiye\u2019nin Siyasal Y\u00f6netim Performans\u0131 Ersin Kalayc\u0131o\u011flu Mutlak, K\u00fcresel ve Otoriter Kapitalizm: Kapitalist Algoritman\u0131n Son Dura\u011f\u0131na Do\u011fru Hardy Hanappi 19 Mart Operasyonu<span class=\"excerpt-hellip\"> [\u2026]<\/span><\/p>\n","protected":false},"featured_media":0,"template":"","meta":{"_monsterinsights_skip_tracking":false,"_monsterinsights_sitenote_active":false,"_monsterinsights_sitenote_note":"","_monsterinsights_sitenote_category":0},"product_brand":[],"product_cat":[17574,13527],"product_tag":[],"class_list":{"0":"post-773638","1":"product","2":"type-product","3":"status-publish","5":"product_cat-politika","6":"product_cat-sureli-yayinlar","7":"pa_cilt-ciltsiz","8":"pa_tur-kitap","9":"pa_yayinevi-efil-yayinevi-dergi","10":"pa_yazar-kolektif","12":"first","13":"instock","14":"sale","15":"shipping-taxable","16":"purchasable","17":"product-type-simple"},"_links":{"self":[{"href":"https:\/\/roveyayinevi.com.tr\/index.php\/wp-json\/wp\/v2\/product\/773638","targetHints":{"allow":["GET"]}}],"collection":[{"href":"https:\/\/roveyayinevi.com.tr\/index.php\/wp-json\/wp\/v2\/product"}],"about":[{"href":"https:\/\/roveyayinevi.com.tr\/index.php\/wp-json\/wp\/v2\/types\/product"}],"wp:attachment":[{"href":"https:\/\/roveyayinevi.com.tr\/index.php\/wp-json\/wp\/v2\/media?parent=773638"}],"wp:term":[{"taxonomy":"product_brand","embeddable":true,"href":"https:\/\/roveyayinevi.com.tr\/index.php\/wp-json\/wp\/v2\/product_brand?post=773638"},{"taxonomy":"product_cat","embeddable":true,"href":"https:\/\/roveyayinevi.com.tr\/index.php\/wp-json\/wp\/v2\/product_cat?post=773638"},{"taxonomy":"product_tag","embeddable":true,"href":"https:\/\/roveyayinevi.com.tr\/index.php\/wp-json\/wp\/v2\/product_tag?post=773638"}],"curies":[{"name":"wp","href":"https:\/\/api.w.org\/{rel}","templated":true}]}}