{"id":773634,"date":"2025-08-28T16:23:15","date_gmt":"2025-08-28T13:23:15","guid":{"rendered":"https:\/\/roveyayinevi.com.tr\/index.php\/urun\/donmek\/"},"modified":"2026-04-15T03:39:52","modified_gmt":"2026-04-15T00:39:52","slug":"donmek","status":"publish","type":"product","link":"https:\/\/roveyayinevi.com.tr\/index.php\/urun\/donmek\/","title":{"rendered":"D\u00f6nmek"},"content":{"rendered":"<p>\u015eimdi Selanik\u2019teyim. Babamlar\u0131n evinin \u00f6n\u00fcndeyim ama ev orada de\u011fil; mezarlar\u0131n\u0131n \u00fczerindeyim ama mezarlar orada de\u011fil; Yeni Cami\u2019deyim ama oras\u0131 art\u0131k cami de\u011fil; b\u00fcy\u00fckbabam\u0131n tren istasyonunday\u0131m ama oras\u0131 art\u0131k tren istasyonu de\u011fil; Terakki Mektebi\u2019nin \u00f6n\u00fcndeyim ama oras\u0131 art\u0131k Terakki de\u011fil!   \u015eimdi Selanik\u2019teyim, hem M\u00fcsl\u00fcman\u0131m hem Yahudiyim, ne M\u00fcsl\u00fcman\u0131m ne Yahudiyim.   Kendisine, \u201cBen ben de\u011filmi\u015fim, bir benim haberim olmam\u0131\u015f,\u201d dedirten s\u0131rr\u0131 40 ya\u015f\u0131ndayken \u00f6\u011frenen;  mezar ta\u015flar\u0131nda, mektuplarda, kitaplarda, hayatta kalan akrabalar\u0131n\u0131n hik\u00e2yelerinde ge\u00e7mi\u015fini aramaya ba\u015flayan \u201cd\u00f6nme\u201d F. Nihan Hassan\u2019\u0131n \u00f6yk\u00fcs\u00fc elinizdeki\u2026 B\u00fcy\u00fckbabas\u0131 \u0130brahim\u2019in pe\u015finden Selanik Tren \u0130stasyonu\u2019na, babaannesi Fahriye\u2019nin pe\u015finden Ba\u011fdat\u2019taki kuma\u015f \u00e7ar\u015f\u0131lar\u0131na, b\u00fcy\u00fck teyzesi Nihan\u2019\u0131n pe\u015finden \u0130kinci D\u00fcnya Sava\u015f\u0131 Avrupa\u2019s\u0131na, anneannesi Sabiha\u2019n\u0131n pe\u015finden Pendik\u2019teki tuhafiye d\u00fckk\u00e2n\u0131na giden Nihan\u2019la birlikte biz de, bug\u00fcn\u00fcn T\u00fcrkiye\u2019sinde art\u0131k 60 ya\u015flar\u0131nda bir kad\u0131n\u0131n, kendisinden s\u0131r gibi saklanan aile hik\u00e2yesini ba\u015ftan yazmas\u0131na tan\u0131k oluyoruz.   Hayatta kalabilmek i\u00e7in inanc\u0131n\u0131 gizleyen Selanikli Yahudi bir ailenin ger\u00e7ek hik\u00e2yesini anlatan D\u00f6nmek, d\u00f6nemin m\u00fcbadele ve sava\u015flarla ge\u00e7en g\u00fcndelik hayat\u0131n\u0131, sakl\u0131 kalm\u0131\u015f bir ge\u00e7mi\u015fin i\u00e7inden \u00e7ekip \u00e7\u0131kar\u0131yor ve dam\u0131tt\u0131klar\u0131n\u0131 al\u0131\u015f\u0131k olmad\u0131\u011f\u0131m\u0131z bir perspektiften sunuyor.<\/p>\n","protected":false},"excerpt":{"rendered":"<p>\u015eimdi Selanik\u2019teyim. Babamlar\u0131n evinin \u00f6n\u00fcndeyim ama ev orada de\u011fil; mezarlar\u0131n\u0131n \u00fczerindeyim ama mezarlar orada de\u011fil; Yeni Cami\u2019deyim ama oras\u0131 art\u0131k cami de\u011fil; b\u00fcy\u00fckbabam\u0131n tren istasyonunday\u0131m ama<span class=\"excerpt-hellip\"> [\u2026]<\/span><\/p>\n","protected":false},"featured_media":0,"template":"","meta":{"_monsterinsights_skip_tracking":false,"_monsterinsights_sitenote_active":false,"_monsterinsights_sitenote_note":"","_monsterinsights_sitenote_category":0},"product_brand":[],"product_cat":[18545,12291],"product_tag":[],"class_list":{"0":"post-773634","1":"product","2":"type-product","3":"status-publish","5":"product_cat-anlati","6":"product_cat-edebiyat","7":"pa_cilt-ciltsiz","8":"pa_tur-kitap","9":"pa_yayinevi-mundi","10":"pa_yazar-f-nihan-hassan","12":"first","13":"instock","14":"sale","15":"shipping-taxable","16":"purchasable","17":"product-type-simple"},"_links":{"self":[{"href":"https:\/\/roveyayinevi.com.tr\/index.php\/wp-json\/wp\/v2\/product\/773634","targetHints":{"allow":["GET"]}}],"collection":[{"href":"https:\/\/roveyayinevi.com.tr\/index.php\/wp-json\/wp\/v2\/product"}],"about":[{"href":"https:\/\/roveyayinevi.com.tr\/index.php\/wp-json\/wp\/v2\/types\/product"}],"wp:attachment":[{"href":"https:\/\/roveyayinevi.com.tr\/index.php\/wp-json\/wp\/v2\/media?parent=773634"}],"wp:term":[{"taxonomy":"product_brand","embeddable":true,"href":"https:\/\/roveyayinevi.com.tr\/index.php\/wp-json\/wp\/v2\/product_brand?post=773634"},{"taxonomy":"product_cat","embeddable":true,"href":"https:\/\/roveyayinevi.com.tr\/index.php\/wp-json\/wp\/v2\/product_cat?post=773634"},{"taxonomy":"product_tag","embeddable":true,"href":"https:\/\/roveyayinevi.com.tr\/index.php\/wp-json\/wp\/v2\/product_tag?post=773634"}],"curies":[{"name":"wp","href":"https:\/\/api.w.org\/{rel}","templated":true}]}}