{"id":773631,"date":"2025-08-28T16:23:08","date_gmt":"2025-08-28T13:23:08","guid":{"rendered":"https:\/\/roveyayinevi.com.tr\/index.php\/urun\/kawaii-boyama-kitabi-6\/"},"modified":"2026-04-15T03:39:52","modified_gmt":"2026-04-15T00:39:52","slug":"kawaii-boyama-kitabi-6","status":"publish","type":"product","link":"https:\/\/roveyayinevi.com.tr\/index.php\/urun\/kawaii-boyama-kitabi-6\/","title":{"rendered":"Kawaii Boyama Kitab\u0131 &#8211; 6"},"content":{"rendered":"<p>Kawaii boyama kitaplar\u0131yla \u00e7ocuklar, sevimli karakterlerle renkleri ve \u015fekilleri ke\u015ffediyor. Boyarken el-g\u00f6z koordinasyonlar\u0131 geli\u015fiyor, motor becerileri gu\u0308\u00e7leniyor. Her sayfa, hayal gu\u0308cu\u0308nu\u0308 harekete ge\u00e7iren renkli bir macera! <\/p>\n","protected":false},"excerpt":{"rendered":"<p>Kawaii boyama kitaplar\u0131yla \u00e7ocuklar, sevimli karakterlerle renkleri ve \u015fekilleri ke\u015ffediyor. Boyarken el-g\u00f6z koordinasyonlar\u0131 geli\u015fiyor, motor becerileri gu\u0308\u00e7leniyor. Her sayfa, hayal gu\u0308cu\u0308nu\u0308 harekete ge\u00e7iren renkli bir macera!<\/p>\n","protected":false},"featured_media":0,"template":"","meta":{"_monsterinsights_skip_tracking":false,"_monsterinsights_sitenote_active":false,"_monsterinsights_sitenote_note":"","_monsterinsights_sitenote_category":0},"product_brand":[],"product_cat":[12644,12274],"product_tag":[],"class_list":{"0":"post-773631","1":"product","2":"type-product","3":"status-publish","5":"product_cat-boyama-kitaplari","6":"product_cat-cocuk-ve-genclik-kitaplari","7":"pa_cilt-ciltsiz","8":"pa_tur-kitap","9":"pa_yayinevi-eksik-parca-yayinlari","10":"pa_yazar-kolektif","12":"first","13":"instock","14":"sale","15":"shipping-taxable","16":"purchasable","17":"product-type-simple"},"_links":{"self":[{"href":"https:\/\/roveyayinevi.com.tr\/index.php\/wp-json\/wp\/v2\/product\/773631","targetHints":{"allow":["GET"]}}],"collection":[{"href":"https:\/\/roveyayinevi.com.tr\/index.php\/wp-json\/wp\/v2\/product"}],"about":[{"href":"https:\/\/roveyayinevi.com.tr\/index.php\/wp-json\/wp\/v2\/types\/product"}],"wp:attachment":[{"href":"https:\/\/roveyayinevi.com.tr\/index.php\/wp-json\/wp\/v2\/media?parent=773631"}],"wp:term":[{"taxonomy":"product_brand","embeddable":true,"href":"https:\/\/roveyayinevi.com.tr\/index.php\/wp-json\/wp\/v2\/product_brand?post=773631"},{"taxonomy":"product_cat","embeddable":true,"href":"https:\/\/roveyayinevi.com.tr\/index.php\/wp-json\/wp\/v2\/product_cat?post=773631"},{"taxonomy":"product_tag","embeddable":true,"href":"https:\/\/roveyayinevi.com.tr\/index.php\/wp-json\/wp\/v2\/product_tag?post=773631"}],"curies":[{"name":"wp","href":"https:\/\/api.w.org\/{rel}","templated":true}]}}