{"id":773627,"date":"2025-08-28T16:22:52","date_gmt":"2025-08-28T13:22:52","guid":{"rendered":"https:\/\/roveyayinevi.com.tr\/index.php\/urun\/alem-teyzenin-cantasi\/"},"modified":"2026-04-15T03:39:51","modified_gmt":"2026-04-15T00:39:51","slug":"alem-teyzenin-cantasi","status":"publish","type":"product","link":"https:\/\/roveyayinevi.com.tr\/index.php\/urun\/alem-teyzenin-cantasi\/","title":{"rendered":"Alem Teyzenin \u00c7antas\u0131"},"content":{"rendered":"<p>Mahallenin en gizemli kad\u0131n\u0131yd\u0131 Alem teyze. Soka\u011f\u0131n ortas\u0131nda, e\u011fri ad\u0131mlarla y\u00fcr\u00fcrken, \u00e7ocuklar yaln\u0131zca ona de\u011fil, yan\u0131ndan hi\u00e7 ay\u0131rmad\u0131\u011f\u0131 devasa \u00e7antas\u0131na da bakar, kendi aralar\u0131nda f\u0131s\u0131lda\u015f\u0131rlard\u0131: Kimdi? \ufe0f\u2640\ufe0f Nereden gelmi\u015fti?  Neden hep yaln\u0131zd\u0131? Ve\u2026 o \u00e7antan\u0131n i\u00e7inde ne vard\u0131\u2753\u2753\u2753 O \u00e7anta, yaln\u0131zca e\u015fyalar\u0131 de\u011fil; kocaman bir hayat\u0131, her rengiyle duygular\u0131 ta\u015f\u0131yordu asl\u0131nda. \u0130\u00e7inde \u00f6zlem dolu an\u0131lar, kahramanl\u0131klar, s\u0131rlar ve bolca hik\u00e2ye vard\u0131. \u00c7ocuklar\u0131 hayran b\u0131rakacak, b\u00fcy\u00fckleri ise g\u00fcne\u015fli sabahlar ve han\u0131meli kokulu y\u0131llara g\u00f6t\u00fcrecek an\u0131larla doluydu. Bu kitap, bir \u00e7ocu\u011fun g\u00f6z\u00fcnden g\u00f6r\u00fcnmeyenin pe\u015fine d\u00fc\u015fer. Ara\u015ft\u0131r\u0131r, sorgular, anlamaya \u00e7al\u0131\u015f\u0131r. Ve her sayfas\u0131nda bir ba\u015fkahraman daha do\u011far\u2026 \u2728 \u2728 \u2728 Alem teyzenin evine, ge\u00e7mi\u015fine ve kurabiye kokusuna a\u00e7\u0131lan bu sayfalar, belki sizin elinizde bir oyuna, bir hik\u00e2yeye, bir hayalden ger\u00e7e\u011fe d\u00f6n\u00fc\u015f\u00fcr.  Art\u0131k en \u00f6nemlisi\u2026 \u00c7anta burada! Hik\u00e2yeler , oyunlar \ufe0f, tarifler , etkinlikler \u2702\ufe0f ve senden bir par\u00e7a b\u0131rakabilece\u011fin s\u00fcrprizler de. S\u0131ra sende! Alem teyzenin \u00e7antas\u0131nda belki de senden birka\u00e7 tutam hayal , bir avu\u00e7 an\u0131   ve nice ya\u015fanm\u0131\u015fl\u0131k  i\u00e7in de yer vard\u0131r.  Haz\u0131rsan\u2026 a\u00e7 kapa\u011f\u0131n\u0131.  Hik\u00e2yenin ucu \u00e7oktan d\u0131\u015far\u0131 sarkm\u0131\u015f olabilir. <\/p>\n","protected":false},"excerpt":{"rendered":"<p>Mahallenin en gizemli kad\u0131n\u0131yd\u0131 Alem teyze. Soka\u011f\u0131n ortas\u0131nda, e\u011fri ad\u0131mlarla y\u00fcr\u00fcrken, \u00e7ocuklar yaln\u0131zca ona de\u011fil, yan\u0131ndan hi\u00e7 ay\u0131rmad\u0131\u011f\u0131 devasa \u00e7antas\u0131na da bakar, kendi aralar\u0131nda f\u0131s\u0131lda\u015f\u0131rlard\u0131: Kimdi?<span class=\"excerpt-hellip\"> [\u2026]<\/span><\/p>\n","protected":false},"featured_media":0,"template":"","meta":{"_monsterinsights_skip_tracking":false,"_monsterinsights_sitenote_active":false,"_monsterinsights_sitenote_note":"","_monsterinsights_sitenote_category":0},"product_brand":[],"product_cat":[12274,12284],"product_tag":[],"class_list":{"0":"post-773627","1":"product","2":"type-product","3":"status-publish","5":"product_cat-cocuk-ve-genclik-kitaplari","6":"product_cat-hikayeler","7":"pa_cilt-ciltsiz","8":"pa_tur-kitap","9":"pa_yayinevi-perseus","10":"pa_yazar-muge-toyran","12":"first","13":"instock","14":"sale","15":"shipping-taxable","16":"purchasable","17":"product-type-simple"},"_links":{"self":[{"href":"https:\/\/roveyayinevi.com.tr\/index.php\/wp-json\/wp\/v2\/product\/773627","targetHints":{"allow":["GET"]}}],"collection":[{"href":"https:\/\/roveyayinevi.com.tr\/index.php\/wp-json\/wp\/v2\/product"}],"about":[{"href":"https:\/\/roveyayinevi.com.tr\/index.php\/wp-json\/wp\/v2\/types\/product"}],"wp:attachment":[{"href":"https:\/\/roveyayinevi.com.tr\/index.php\/wp-json\/wp\/v2\/media?parent=773627"}],"wp:term":[{"taxonomy":"product_brand","embeddable":true,"href":"https:\/\/roveyayinevi.com.tr\/index.php\/wp-json\/wp\/v2\/product_brand?post=773627"},{"taxonomy":"product_cat","embeddable":true,"href":"https:\/\/roveyayinevi.com.tr\/index.php\/wp-json\/wp\/v2\/product_cat?post=773627"},{"taxonomy":"product_tag","embeddable":true,"href":"https:\/\/roveyayinevi.com.tr\/index.php\/wp-json\/wp\/v2\/product_tag?post=773627"}],"curies":[{"name":"wp","href":"https:\/\/api.w.org\/{rel}","templated":true}]}}