{"id":773623,"date":"2025-08-28T16:22:42","date_gmt":"2025-08-28T13:22:42","guid":{"rendered":"https:\/\/roveyayinevi.com.tr\/index.php\/urun\/hayat-sadece-bir-ruya\/"},"modified":"2026-04-15T03:39:51","modified_gmt":"2026-04-15T00:39:51","slug":"hayat-sadece-bir-ruya","status":"publish","type":"product","link":"https:\/\/roveyayinevi.com.tr\/index.php\/urun\/hayat-sadece-bir-ruya\/","title":{"rendered":"Hayat Sadece Bir R\u00fcya"},"content":{"rendered":"<p>Hayat\u0131n ve \u00f6l\u00fcm\u00fcn s\u0131n\u0131r \u00e7izgisi nereye kadar uzan\u0131r? R\u00fcyalar m\u0131 ger\u00e7ektir, yoksa ger\u00e7ek dedi\u011fimiz \u015fey bir ba\u015fka boyuttan s\u0131zan bir yan\u0131lsama m\u0131?   Bu roman, \u00f6l\u00fcmden sonras\u0131na dair yaln\u0131zca dini de\u011fil, felsefi ve bilimsel sorularla da y\u00fczle\u015fmeye \u00e7a\u011f\u0131r\u0131yor. Bir ruhun, tekrar tekrar do\u011fum-\u00f6l\u00fcm d\u00f6ng\u00fcs\u00fcnden ge\u00e7erek anlam aray\u0131\u015f\u0131n\u0131, inan\u00e7lar\u0131n nas\u0131l \u015fekillendi\u011fini, insan\u0131n \u00f6z\u00fcne yolculu\u011funu ve en nihayetinde b\u00fcy\u00fck birle\u015fmeye giden s\u00fcreci anlat\u0131yor.   Sim\u00fclasyonlardan r\u00fcya katmanlar\u0131na, yapay zek\u00e2l\u0131 d\u00fcnyalardan ilahi boyutlara uzanan bu hik\u00e2ye, hayat\u0131n tek y\u00f6nl\u00fc bir yol olmad\u0131\u011f\u0131n\u0131 iddia ediyor.   &#8220;\u00d6l\u00fcm bir son de\u011filse, ya ba\u015flang\u0131\u00e7 da de\u011filse? Ya sadece bir fark edi\u015fse?&#8221;   Kendini ve d\u00fcnyay\u0131 sorgulayan, ezberlerden s\u0131k\u0131lm\u0131\u015f, hakikatin \u00e7ok katmanl\u0131 olabilece\u011fine inanan her okura\u2026<\/p>\n","protected":false},"excerpt":{"rendered":"<p>Hayat\u0131n ve \u00f6l\u00fcm\u00fcn s\u0131n\u0131r \u00e7izgisi nereye kadar uzan\u0131r? R\u00fcyalar m\u0131 ger\u00e7ektir, yoksa ger\u00e7ek dedi\u011fimiz \u015fey bir ba\u015fka boyuttan s\u0131zan bir yan\u0131lsama m\u0131? Bu roman, \u00f6l\u00fcmden sonras\u0131na<span class=\"excerpt-hellip\"> [\u2026]<\/span><\/p>\n","protected":false},"featured_media":0,"template":"","meta":{"_monsterinsights_skip_tracking":false,"_monsterinsights_sitenote_active":false,"_monsterinsights_sitenote_note":"","_monsterinsights_sitenote_category":0},"product_brand":[],"product_cat":[12291,12711],"product_tag":[],"class_list":{"0":"post-773623","1":"product","2":"type-product","3":"status-publish","5":"product_cat-edebiyat","6":"product_cat-roman-oyku","7":"pa_cilt-ciltsiz","8":"pa_tur-kitap","9":"pa_yayinevi-elpis-yayinlari","10":"pa_yazar-suleyman-bozbay","12":"first","13":"instock","14":"sale","15":"shipping-taxable","16":"purchasable","17":"product-type-simple"},"_links":{"self":[{"href":"https:\/\/roveyayinevi.com.tr\/index.php\/wp-json\/wp\/v2\/product\/773623","targetHints":{"allow":["GET"]}}],"collection":[{"href":"https:\/\/roveyayinevi.com.tr\/index.php\/wp-json\/wp\/v2\/product"}],"about":[{"href":"https:\/\/roveyayinevi.com.tr\/index.php\/wp-json\/wp\/v2\/types\/product"}],"wp:attachment":[{"href":"https:\/\/roveyayinevi.com.tr\/index.php\/wp-json\/wp\/v2\/media?parent=773623"}],"wp:term":[{"taxonomy":"product_brand","embeddable":true,"href":"https:\/\/roveyayinevi.com.tr\/index.php\/wp-json\/wp\/v2\/product_brand?post=773623"},{"taxonomy":"product_cat","embeddable":true,"href":"https:\/\/roveyayinevi.com.tr\/index.php\/wp-json\/wp\/v2\/product_cat?post=773623"},{"taxonomy":"product_tag","embeddable":true,"href":"https:\/\/roveyayinevi.com.tr\/index.php\/wp-json\/wp\/v2\/product_tag?post=773623"}],"curies":[{"name":"wp","href":"https:\/\/api.w.org\/{rel}","templated":true}]}}