{"id":773618,"date":"2025-08-28T16:22:32","date_gmt":"2025-08-28T13:22:32","guid":{"rendered":"https:\/\/roveyayinevi.com.tr\/index.php\/urun\/marie-curie-ve-radiaktivite-bilimi\/"},"modified":"2026-04-15T03:39:51","modified_gmt":"2026-04-15T00:39:51","slug":"marie-curie-ve-radiaktivite-bilimi","status":"publish","type":"product","link":"https:\/\/roveyayinevi.com.tr\/index.php\/urun\/marie-curie-ve-radiaktivite-bilimi\/","title":{"rendered":"Marie Curie ve Radiaktivite Bilimi"},"content":{"rendered":"<p>Yirminci y\u00fczy\u0131l\u0131n en \u00fcnl\u00fc kad\u0131nlar\u0131ndan biri olan Marie Curie, ger\u00e7ek anlamda bir \u00f6nc\u00fcyd\u00fc. Radyum ve polonyum gibi iki radyoaktif elementi ke\u015ffetmesiyle tan\u0131nan Marie Curie, Nobel \u00d6d\u00fcl\u00fc kazanan ilk kad\u0131n olmas\u0131 yan\u0131nda iki ayr\u0131 bilim dal\u0131nda &#8211; 1903\u2019te kocas\u0131 Pierre ile birlikte Fizik ve 1911\u2019de tek ba\u015f\u0131na Kimya &#8211; Nobel \u00f6d\u00fcl\u00fc kazanan ilk bilim insan\u0131yd\u0131. Bu biyografide Marie Curie\u2019nin laboratuvarda ne kadar parlak ve yarat\u0131c\u0131 oldu\u011funun yan\u0131nda laboratuvar d\u0131\u015f\u0131nda da ayn\u0131 derecede tutkulu oldu\u011fu a\u00e7\u0131k\u00e7a ortaya konuyor. E\u015finin 1906\u2019daki zamans\u0131z \u00f6l\u00fcm\u00fcn\u00fcn yas\u0131n\u0131 tutarken, Sorbonne\u2019da fizik profes\u00f6r\u00fc olarak g\u00f6revlendirilen ilk kad\u0131n oldu; iki parlak k\u0131z\u0131n\u0131 \u00f6zveriyle yeti\u015ftirdi, r\u00f6ntgen ekipman\u0131yla donatt\u0131\u011f\u0131 \u00e7ok say\u0131da minib\u00fcs\u00fc Birinci D\u00fcnya Sava\u015f\u0131\u2019n\u0131n \u00f6n saflar\u0131na s\u00fcrd\u00fc; Albert Einstein ve yirminci y\u00fczy\u0131l fizi\u011finin di\u011fer kurucular\u0131yla arkada\u015f oldu; iki ABD ba\u015fkan\u0131n\u0131n deste\u011fini kazand\u0131 ve d\u00fcnyan\u0131n d\u00f6rt bir yan\u0131ndaki gen\u00e7 kad\u0131n nesillerine bilimi bir ya\u015fam bi\u00e7imi olarak s\u00fcrd\u00fcrmeleri i\u00e7in ilham verdi. O bir fizik\u00e7i, bir e\u015f, bir anne ve \u00e7\u0131\u011f\u0131r a\u00e7an bir profesyonel kad\u0131nd\u0131. Bu biyografi, bilimsel ke\u015fif ve ki\u015fisel ba\u011fl\u0131l\u0131\u011f\u0131n ilham ve heyecan verici bir \u00f6yk\u00fcs\u00fcd\u00fcr. 1934\u2019teki \u00f6l\u00fcm\u00fcn\u00fcn ard\u0131ndan Albert Einstein, \u201cMarie Curie, t\u00fcm \u00fcnl\u00fc ki\u015filer aras\u0131nda, \u015f\u00f6hretin yozla\u015ft\u0131rmad\u0131\u011f\u0131 tek ki\u015fidir\u201d diyecek kadar duygulanm\u0131\u015ft\u0131. <\/p>\n","protected":false},"excerpt":{"rendered":"<p>Yirminci y\u00fczy\u0131l\u0131n en \u00fcnl\u00fc kad\u0131nlar\u0131ndan biri olan Marie Curie, ger\u00e7ek anlamda bir \u00f6nc\u00fcyd\u00fc. Radyum ve polonyum gibi iki radyoaktif elementi ke\u015ffetmesiyle tan\u0131nan Marie Curie, Nobel \u00d6d\u00fcl\u00fc<span class=\"excerpt-hellip\"> [\u2026]<\/span><\/p>\n","protected":false},"featured_media":0,"template":"","meta":{"_monsterinsights_skip_tracking":false,"_monsterinsights_sitenote_active":false,"_monsterinsights_sitenote_note":"","_monsterinsights_sitenote_category":0},"product_brand":[],"product_cat":[13005],"product_tag":[],"class_list":{"0":"post-773618","1":"product","2":"type-product","3":"status-publish","5":"product_cat-bilim-muhendislik","6":"pa_cilt-ciltsiz","7":"pa_tur-kitap","8":"pa_yayinevi-vakifbank-kultur-yayinlari","9":"pa_yazar-naomi-pasachoff","11":"first","12":"instock","13":"sale","14":"shipping-taxable","15":"purchasable","16":"product-type-simple"},"_links":{"self":[{"href":"https:\/\/roveyayinevi.com.tr\/index.php\/wp-json\/wp\/v2\/product\/773618","targetHints":{"allow":["GET"]}}],"collection":[{"href":"https:\/\/roveyayinevi.com.tr\/index.php\/wp-json\/wp\/v2\/product"}],"about":[{"href":"https:\/\/roveyayinevi.com.tr\/index.php\/wp-json\/wp\/v2\/types\/product"}],"wp:attachment":[{"href":"https:\/\/roveyayinevi.com.tr\/index.php\/wp-json\/wp\/v2\/media?parent=773618"}],"wp:term":[{"taxonomy":"product_brand","embeddable":true,"href":"https:\/\/roveyayinevi.com.tr\/index.php\/wp-json\/wp\/v2\/product_brand?post=773618"},{"taxonomy":"product_cat","embeddable":true,"href":"https:\/\/roveyayinevi.com.tr\/index.php\/wp-json\/wp\/v2\/product_cat?post=773618"},{"taxonomy":"product_tag","embeddable":true,"href":"https:\/\/roveyayinevi.com.tr\/index.php\/wp-json\/wp\/v2\/product_tag?post=773618"}],"curies":[{"name":"wp","href":"https:\/\/api.w.org\/{rel}","templated":true}]}}