{"id":773615,"date":"2025-08-28T16:22:26","date_gmt":"2025-08-28T13:22:26","guid":{"rendered":"https:\/\/roveyayinevi.com.tr\/index.php\/urun\/mars-savascisi\/"},"modified":"2026-04-15T03:39:51","modified_gmt":"2026-04-15T00:39:51","slug":"mars-savascisi","status":"publish","type":"product","link":"https:\/\/roveyayinevi.com.tr\/index.php\/urun\/mars-savascisi\/","title":{"rendered":"Mars Sava\u015f\u00e7\u0131s\u0131"},"content":{"rendered":"<p>Edgar Rice Burroughs\u2019un yazd\u0131\u011f\u0131 bu heyecan verici roman, Mars\u2019\u0131n Kumandan\u0131 John Carter\u2019\u0131n hava filosuna tuhaf bir silahla sald\u0131r\u0131lmas\u0131 ve g\u00fczel bir kad\u0131n\u0131n ortadan kaybolmas\u0131yla ba\u015fl\u0131yor.   Carter\u2019\u0131n en iyi sava\u015f\u00e7\u0131lar\u0131ndan biri olan Hastorlu Hadron, Helium\u2019un \u00f6c\u00fcn\u00fc almak ve gizli d\u00fc\u015fman\u0131 bulmak i\u00e7in sava\u015f alan\u0131na \u00e7\u0131kar. Mars\u2019\u0131n pek bilinmeyen kadim kentlerindeki maceralar\u0131, cesur kad\u0131n sava\u015f\u00e7\u0131 Tavia\u2019yla yolda\u015fl\u0131\u011f\u0131 ve kurnaz bir h\u00fck\u00fcmdar\u0131n ordular\u0131na kar\u015f\u0131 birlikte verdikleri m\u00fccadele, MARS SAVA\u015e\u00c7ISI\u2019n\u0131 nefes kesen bir bilimkurgu klasi\u011fi haline getiriyor.<\/p>\n","protected":false},"excerpt":{"rendered":"<p>Edgar Rice Burroughs\u2019un yazd\u0131\u011f\u0131 bu heyecan verici roman, Mars\u2019\u0131n Kumandan\u0131 John Carter\u2019\u0131n hava filosuna tuhaf bir silahla sald\u0131r\u0131lmas\u0131 ve g\u00fczel bir kad\u0131n\u0131n ortadan kaybolmas\u0131yla ba\u015fl\u0131yor. Carter\u2019\u0131n<span class=\"excerpt-hellip\"> [\u2026]<\/span><\/p>\n","protected":false},"featured_media":0,"template":"","meta":{"_monsterinsights_skip_tracking":false,"_monsterinsights_sitenote_active":false,"_monsterinsights_sitenote_note":"","_monsterinsights_sitenote_category":0},"product_brand":[],"product_cat":[12540,12291],"product_tag":[],"class_list":{"0":"post-773615","1":"product","2":"type-product","3":"status-publish","5":"product_cat-bilim-kurgu","6":"product_cat-edebiyat","7":"pa_cilt-ciltsiz","8":"pa_tur-kitap","9":"pa_yayinevi-bilgesu-yayincilik","10":"pa_yazar-edgar-rice-burroughs","12":"first","13":"instock","14":"sale","15":"shipping-taxable","16":"purchasable","17":"product-type-simple"},"_links":{"self":[{"href":"https:\/\/roveyayinevi.com.tr\/index.php\/wp-json\/wp\/v2\/product\/773615","targetHints":{"allow":["GET"]}}],"collection":[{"href":"https:\/\/roveyayinevi.com.tr\/index.php\/wp-json\/wp\/v2\/product"}],"about":[{"href":"https:\/\/roveyayinevi.com.tr\/index.php\/wp-json\/wp\/v2\/types\/product"}],"wp:attachment":[{"href":"https:\/\/roveyayinevi.com.tr\/index.php\/wp-json\/wp\/v2\/media?parent=773615"}],"wp:term":[{"taxonomy":"product_brand","embeddable":true,"href":"https:\/\/roveyayinevi.com.tr\/index.php\/wp-json\/wp\/v2\/product_brand?post=773615"},{"taxonomy":"product_cat","embeddable":true,"href":"https:\/\/roveyayinevi.com.tr\/index.php\/wp-json\/wp\/v2\/product_cat?post=773615"},{"taxonomy":"product_tag","embeddable":true,"href":"https:\/\/roveyayinevi.com.tr\/index.php\/wp-json\/wp\/v2\/product_tag?post=773615"}],"curies":[{"name":"wp","href":"https:\/\/api.w.org\/{rel}","templated":true}]}}