{"id":773614,"date":"2025-08-28T16:22:25","date_gmt":"2025-08-28T13:22:25","guid":{"rendered":"https:\/\/roveyayinevi.com.tr\/index.php\/urun\/heidegger-felsefesinin-sozde-somutlugu-uzerine\/"},"modified":"2026-04-15T03:39:51","modified_gmt":"2026-04-15T00:39:51","slug":"heidegger-felsefesinin-sozde-somutlugu-uzerine","status":"publish","type":"product","link":"https:\/\/roveyayinevi.com.tr\/index.php\/urun\/heidegger-felsefesinin-sozde-somutlugu-uzerine\/","title":{"rendered":"Heidegger Felsefesinin S\u00f6zde Somutlu\u011fu \u00dczerine"},"content":{"rendered":"<p>Heidegger Felsefesinin S\u00f6zde-Somutlu\u011fu \u00dczerine, (\u201cOn the Pseudo-Concreteness of Heidegger\u2019s Philosophy\u201d) \u0130lk kez 1948 Mart\u0131nda Philosophy and Phenomenological Research\u2019te bas\u0131ld\u0131. Kitap Varl\u0131k ve Zaman\u2019da sunuldu\u011fu gibi, \u0130kinci D\u00fcnya Sava\u015f\u0131 \u00f6ncesi metinlerde Heideggerci ontolojinin k\u00f6kl\u00fc bir ele\u015ftirisidir. Bu deneme boyunca Anders, 1933-1934\u2019de Freibourg \u00fcniversitesi rekt\u00f6r\u00fc Heidegger\u2019e al\u0131\u015f\u0131ld\u0131\u011f\u0131 \u00fczere yap\u0131ld\u0131\u011f\u0131 gibi sata\u015fmaz; kamusal m\u00fcdahalelerini yorumlamaz, \u201cAlman \u00fcniversitesinin kendini onaylamas\u0131\u201dnda oldu\u011fu gibi ve Nazi y\u00f6netimiyle \u201c\u00dcstat\u201d\u0131n uzla\u015fma derecesi \u00fczerine polemik yapmaz. Heidegger\u2019i bizzat Heideggerci ontolojiyi sorgulayarak ele\u015ftirir..<\/p>\n","protected":false},"excerpt":{"rendered":"<p>Heidegger Felsefesinin S\u00f6zde-Somutlu\u011fu \u00dczerine, (\u201cOn the Pseudo-Concreteness of Heidegger\u2019s Philosophy\u201d) \u0130lk kez 1948 Mart\u0131nda Philosophy and Phenomenological Research\u2019te bas\u0131ld\u0131. Kitap Varl\u0131k ve Zaman\u2019da sunuldu\u011fu gibi, \u0130kinci<span class=\"excerpt-hellip\"> [\u2026]<\/span><\/p>\n","protected":false},"featured_media":0,"template":"","meta":{"_monsterinsights_skip_tracking":false,"_monsterinsights_sitenote_active":false,"_monsterinsights_sitenote_note":"","_monsterinsights_sitenote_category":0},"product_brand":[],"product_cat":[12388],"product_tag":[],"class_list":{"0":"post-773614","1":"product","2":"type-product","3":"status-publish","5":"product_cat-felsefe","6":"pa_cilt-ciltsiz","7":"pa_tur-kitap","8":"pa_yayinevi-bilgesu-yayincilik","9":"pa_yazar-gunther-anders","11":"first","12":"instock","13":"sale","14":"shipping-taxable","15":"purchasable","16":"product-type-simple"},"_links":{"self":[{"href":"https:\/\/roveyayinevi.com.tr\/index.php\/wp-json\/wp\/v2\/product\/773614","targetHints":{"allow":["GET"]}}],"collection":[{"href":"https:\/\/roveyayinevi.com.tr\/index.php\/wp-json\/wp\/v2\/product"}],"about":[{"href":"https:\/\/roveyayinevi.com.tr\/index.php\/wp-json\/wp\/v2\/types\/product"}],"wp:attachment":[{"href":"https:\/\/roveyayinevi.com.tr\/index.php\/wp-json\/wp\/v2\/media?parent=773614"}],"wp:term":[{"taxonomy":"product_brand","embeddable":true,"href":"https:\/\/roveyayinevi.com.tr\/index.php\/wp-json\/wp\/v2\/product_brand?post=773614"},{"taxonomy":"product_cat","embeddable":true,"href":"https:\/\/roveyayinevi.com.tr\/index.php\/wp-json\/wp\/v2\/product_cat?post=773614"},{"taxonomy":"product_tag","embeddable":true,"href":"https:\/\/roveyayinevi.com.tr\/index.php\/wp-json\/wp\/v2\/product_tag?post=773614"}],"curies":[{"name":"wp","href":"https:\/\/api.w.org\/{rel}","templated":true}]}}