{"id":773612,"date":"2025-08-28T16:22:21","date_gmt":"2025-08-28T13:22:21","guid":{"rendered":"https:\/\/roveyayinevi.com.tr\/index.php\/urun\/iktisatcinin-zanaati\/"},"modified":"2026-04-15T03:39:51","modified_gmt":"2026-04-15T00:39:51","slug":"iktisatcinin-zanaati","status":"publish","type":"product","link":"https:\/\/roveyayinevi.com.tr\/index.php\/urun\/iktisatcinin-zanaati\/","title":{"rendered":"\u0130ktisat\u00e7\u0131n\u0131n Zanaat\u0131"},"content":{"rendered":"<p>Akademik bir \u201cavc\u0131\u201d olun. Yan\u0131t\u0131n\u0131 \u00f6\u011frenmek istedi\u011finiz bir soruyu ele al\u0131n ve bu soruya ili\u015fkin i\u00e7g\u00f6r\u00fcler elde etmenize imk\u00e2n sa\u011flayacak yakla\u015f\u0131mlar\u0131 aray\u0131n. Konular\u0131n sizin aya\u011f\u0131n\u0131za gelmesini beklemeyin; ilginizi \u00e7eken meseleler \u00f6zelinde siz ara\u015ft\u0131rma sorular\u0131 bulun. \u00dczerinde \u00e7al\u0131\u015fmak istedi\u011finiz meseleyi merkeze alan, yap\u0131lm\u0131\u015f b\u00fct\u00fcn \u00e7al\u0131\u015fmalar\u0131n bir \u201cpiyasa haritas\u0131n\u0131\u201d \u00e7\u0131kar\u0131n ve konu \u00f6zelinde en yeni i\u00e7g\u00f6r\u00fcleri elde edebilece\u011finiz \u015fekilde bu haritadan istifade edin. \u0130ktisat ve sosyal bilimler alan\u0131nda akademisyenlik, sadece bilgi \u00fcretmek de\u011fil, ayn\u0131 zamanda bilgiyi nas\u0131l in\u015fa edece\u011fini, payla\u015faca\u011f\u0131n\u0131 ve mesle\u011fe nas\u0131l katk\u0131 sunaca\u011f\u0131n\u0131 da bilmeyi gerektirir. \u0130ktisat\u00e7\u0131n\u0131n Zanaat\u0131, akademik d\u00fcnyada yolunu arayan hem gen\u00e7 hem de k\u0131demli iktisat\u00e7\u0131lar ve sosyal bilimciler i\u00e7in mesleklerini yeniden d\u00fc\u015f\u00fcnme f\u0131rsat\u0131 sunuyor. Michael S. Weisbach, kendi kariyerinden s\u00fczd\u00fc\u011f\u00fc tecr\u00fcbe ve g\u00f6zlemlerini ustal\u0131kla bir araya getirerek, ara\u015ft\u0131rma s\u00fcrecinin teknik oldu\u011fu kadar estetik, edeb\u00ee, etik ve pratik boyutlar\u0131n\u0131 da g\u00f6z \u00f6n\u00fcne seriyor. Akademik ba\u015far\u0131n\u0131n sadece yetenek ve azimle gelmedi\u011fini, yaz\u0131 yazmaya bir sanat \u015fuuruyla yakla\u015fman\u0131n bir anahtar oldu\u011funu \u00f6ne s\u00fcren bu kitap, akademik yaz\u0131m\u0131n dili, ara\u015ft\u0131rma sorusu se\u00e7imi, makale kurgusu, sunum teknikleri ve yay\u0131n s\u00fcre\u00e7leri gibi pek \u00e7ok ba\u015fl\u0131\u011f\u0131 ad\u0131m ad\u0131m ele al\u0131n\u0131yor. Akademisyenlik kariyerinde \u00e7\u0131k\u0131lan yolculuk ayn\u0131 zamanda iyi bir yazar olma yolculu\u011fu olarak da g\u00f6r\u00fclmelidir. K\u00f6kl\u00fc etki olu\u015fturacak konular\u0131n se\u00e7ilmesi, fikirlerin ve ara\u015ft\u0131rma bulgular\u0131n\u0131n berrak ve ikna edici bir \u015fekilde yaz\u0131ya d\u00f6k\u00fclmesi ve bunlar\u0131n akademik i\u015f piyasas\u0131na uygun olarak yay\u0131mlanmas\u0131 meselelerini derinlemesine ele alan bu kitap, kariyerinin hangi a\u015famas\u0131nda olursa olsun, s\u00f6z konusu alanlar\u0131n akademisyen ve \u00f6\u011frencileri i\u00e7in benzersiz bir rehber. <\/p>\n","protected":false},"excerpt":{"rendered":"<p>Akademik bir \u201cavc\u0131\u201d olun. Yan\u0131t\u0131n\u0131 \u00f6\u011frenmek istedi\u011finiz bir soruyu ele al\u0131n ve bu soruya ili\u015fkin i\u00e7g\u00f6r\u00fcler elde etmenize imk\u00e2n sa\u011flayacak yakla\u015f\u0131mlar\u0131 aray\u0131n. Konular\u0131n sizin aya\u011f\u0131n\u0131za gelmesini<span class=\"excerpt-hellip\"> [\u2026]<\/span><\/p>\n","protected":false},"featured_media":0,"template":"","meta":{"_monsterinsights_skip_tracking":false,"_monsterinsights_sitenote_active":false,"_monsterinsights_sitenote_note":"","_monsterinsights_sitenote_category":0},"product_brand":[],"product_cat":[14787,13488],"product_tag":[],"class_list":{"0":"post-773612","1":"product","2":"type-product","3":"status-publish","5":"product_cat-diger-toplum-ve-insan","6":"product_cat-toplum-ve-insan","7":"pa_cilt-ciltsiz","8":"pa_tur-kitap","9":"pa_yayinevi-vakifbank-kultur-yayinlari","10":"pa_yazar-michael-s-weisbach","12":"first","13":"instock","14":"sale","15":"shipping-taxable","16":"purchasable","17":"product-type-simple"},"_links":{"self":[{"href":"https:\/\/roveyayinevi.com.tr\/index.php\/wp-json\/wp\/v2\/product\/773612","targetHints":{"allow":["GET"]}}],"collection":[{"href":"https:\/\/roveyayinevi.com.tr\/index.php\/wp-json\/wp\/v2\/product"}],"about":[{"href":"https:\/\/roveyayinevi.com.tr\/index.php\/wp-json\/wp\/v2\/types\/product"}],"wp:attachment":[{"href":"https:\/\/roveyayinevi.com.tr\/index.php\/wp-json\/wp\/v2\/media?parent=773612"}],"wp:term":[{"taxonomy":"product_brand","embeddable":true,"href":"https:\/\/roveyayinevi.com.tr\/index.php\/wp-json\/wp\/v2\/product_brand?post=773612"},{"taxonomy":"product_cat","embeddable":true,"href":"https:\/\/roveyayinevi.com.tr\/index.php\/wp-json\/wp\/v2\/product_cat?post=773612"},{"taxonomy":"product_tag","embeddable":true,"href":"https:\/\/roveyayinevi.com.tr\/index.php\/wp-json\/wp\/v2\/product_tag?post=773612"}],"curies":[{"name":"wp","href":"https:\/\/api.w.org\/{rel}","templated":true}]}}