{"id":773611,"date":"2025-08-28T16:22:20","date_gmt":"2025-08-28T13:22:20","guid":{"rendered":"https:\/\/roveyayinevi.com.tr\/index.php\/urun\/iliskilerde-anda-kalmak\/"},"modified":"2026-04-15T03:39:51","modified_gmt":"2026-04-15T00:39:51","slug":"iliskilerde-anda-kalmak","status":"publish","type":"product","link":"https:\/\/roveyayinevi.com.tr\/index.php\/urun\/iliskilerde-anda-kalmak\/","title":{"rendered":"\u0130li\u015fkilerde Anda Kalmak"},"content":{"rendered":"<p>Hayat ba\u015fka yerde de\u011fil, \u201cAn\u201dda ve ili\u015fkilerde&#8230; Ya\u015fam, yery\u00fcz\u00fcne yay\u0131lm\u0131\u015f g\u00f6r\u00fcnmez bir ili\u015fkiler a\u011f\u0131. Bizi besleyen, g\u00fc\u00e7lendiren bu a\u011f\u0131 canl\u0131 tutman\u0131n en sade ve en derin yolu da ili\u015fkilerde anda kalmak. Anda Kalmak ve Anda Kalarak, Olmak \u00dczere Ya\u015famak kitaplar\u0131n\u0131n yazar\u0131 Rana Beri, bu kez \u0130li\u015fkilerde Anda Kalmak ile kar\u015f\u0131m\u0131zda. Bu kitapta, anda kalman\u0131n, bireysel bir i\u00e7e d\u00f6n\u00fc\u015f de\u011fil, insan ili\u015fkileriyle i\u00e7 i\u00e7e ge\u00e7mi\u015f bir fark\u0131ndal\u0131k h\u00e2li oldu\u011funu anlat\u0131yor. Ger\u00e7ek ya\u015famdan al\u0131nm\u0131\u015f s\u00fcr\u00fckleyici hik\u00e2yeler ve derinlikli \u00e7\u00f6z\u00fcmlemelerle ili\u015fkilerin t\u0131kand\u0131\u011f\u0131, kopma noktas\u0131na geldi\u011fi anlara, okurla birlikte yak\u0131ndan bak\u0131yor. Ailemizle, e\u015fimizle, arkada\u015flar\u0131m\u0131zla, i\u015f arkada\u015flar\u0131m\u0131zla ve en \u00f6nemlisi kendimizle olan ili\u015fkilerimizde anda kalmak m\u00fcmk\u00fcn m\u00fc? Bu kitap, \u201cevet\u201d cevab\u0131n\u0131 sadece d\u00fc\u015f\u00fcnsel de\u011fil, ya\u015famsal bir deneyim olarak sunuyor. \u0130li\u015fkilerde Anda Kalmak, hayat\u0131n karma\u015fas\u0131nda kaybolmu\u015flara bir pusula; hayat\u0131ndaki insanlarla anda kalmaya niyet edenlere ise yolda\u015f olacak&#8230;<\/p>\n","protected":false},"excerpt":{"rendered":"<p>Hayat ba\u015fka yerde de\u011fil, \u201cAn\u201dda ve ili\u015fkilerde&#8230; Ya\u015fam, yery\u00fcz\u00fcne yay\u0131lm\u0131\u015f g\u00f6r\u00fcnmez bir ili\u015fkiler a\u011f\u0131. Bizi besleyen, g\u00fc\u00e7lendiren bu a\u011f\u0131 canl\u0131 tutman\u0131n en sade ve en derin<span class=\"excerpt-hellip\"> [\u2026]<\/span><\/p>\n","protected":false},"featured_media":0,"template":"","meta":{"_monsterinsights_skip_tracking":false,"_monsterinsights_sitenote_active":false,"_monsterinsights_sitenote_note":"","_monsterinsights_sitenote_category":0},"product_brand":[],"product_cat":[12357],"product_tag":[],"class_list":{"0":"post-773611","1":"product","2":"type-product","3":"status-publish","5":"product_cat-psikoloji","6":"pa_cilt-ciltsiz","7":"pa_tur-kitap","8":"pa_yayinevi-remzi-kitabevi","9":"pa_yazar-rana-beri","11":"first","12":"instock","13":"sale","14":"shipping-taxable","15":"purchasable","16":"product-type-simple"},"_links":{"self":[{"href":"https:\/\/roveyayinevi.com.tr\/index.php\/wp-json\/wp\/v2\/product\/773611","targetHints":{"allow":["GET"]}}],"collection":[{"href":"https:\/\/roveyayinevi.com.tr\/index.php\/wp-json\/wp\/v2\/product"}],"about":[{"href":"https:\/\/roveyayinevi.com.tr\/index.php\/wp-json\/wp\/v2\/types\/product"}],"wp:attachment":[{"href":"https:\/\/roveyayinevi.com.tr\/index.php\/wp-json\/wp\/v2\/media?parent=773611"}],"wp:term":[{"taxonomy":"product_brand","embeddable":true,"href":"https:\/\/roveyayinevi.com.tr\/index.php\/wp-json\/wp\/v2\/product_brand?post=773611"},{"taxonomy":"product_cat","embeddable":true,"href":"https:\/\/roveyayinevi.com.tr\/index.php\/wp-json\/wp\/v2\/product_cat?post=773611"},{"taxonomy":"product_tag","embeddable":true,"href":"https:\/\/roveyayinevi.com.tr\/index.php\/wp-json\/wp\/v2\/product_tag?post=773611"}],"curies":[{"name":"wp","href":"https:\/\/api.w.org\/{rel}","templated":true}]}}