{"id":773610,"date":"2025-08-28T16:22:19","date_gmt":"2025-08-28T13:22:19","guid":{"rendered":"https:\/\/roveyayinevi.com.tr\/index.php\/urun\/fizik-felsefesi\/"},"modified":"2026-04-15T03:39:51","modified_gmt":"2026-04-15T00:39:51","slug":"fizik-felsefesi","status":"publish","type":"product","link":"https:\/\/roveyayinevi.com.tr\/index.php\/urun\/fizik-felsefesi\/","title":{"rendered":"Fizik Felsefesi"},"content":{"rendered":"<p>Fizik\u00e7i olmayanlar\u0131 uzay ve zaman\u0131n do\u011fas\u0131 ile yap\u0131s\u0131n\u0131 \u00e7evreleyen temel felsefi konularla tan\u0131\u015ft\u0131ran bu kitap, uzay-zaman teorisinin kavramsal temelleriyle ilgilenen fizik\u00e7iler i\u00e7in de ideal bir kaynak niteli\u011finde. Maudlin, Aristoteles\u2019in yer ve hareket anlay\u0131\u015f\u0131ndan ba\u015flayarak Newtoncu mutlak uzay ve zaman kavramlar\u0131na, Galileo\u2019nun g\u00f6relilik yakla\u015f\u0131m\u0131 arac\u0131l\u0131\u011f\u0131yla Einstein\u2019\u0131n G\u00f6relilik teorilerine uzanan felsefi geli\u015fim \u00e7izgisini incelikli bir \u015fekilde izlemektedir. Maudlin, \u00d6zel G\u00f6relili\u011fi somut fiziksel problemleri \u00e7\u00f6zebilecek d\u00fczeyde aktar\u0131rken, Genel G\u00f6relili\u011fi ise daha kavramsal d\u00fczeyde ele almaktad\u0131r. \u0130\u015fledi\u011fi di\u011fer konular aras\u0131nda \u0130kizler Paradoksu, Lorentz-FitzGerald daralmas\u0131n\u0131n fiziksel y\u00f6nleri, \u0131\u015f\u0131k h\u0131z\u0131n\u0131n sabitli\u011fi, zamanda yolculuk, zaman\u0131n y\u00f6n\u00fc ve daha fazlas\u0131 yer almaktad\u0131r. <\/p>\n","protected":false},"excerpt":{"rendered":"<p>Fizik\u00e7i olmayanlar\u0131 uzay ve zaman\u0131n do\u011fas\u0131 ile yap\u0131s\u0131n\u0131 \u00e7evreleyen temel felsefi konularla tan\u0131\u015ft\u0131ran bu kitap, uzay-zaman teorisinin kavramsal temelleriyle ilgilenen fizik\u00e7iler i\u00e7in de ideal bir kaynak<span class=\"excerpt-hellip\"> [\u2026]<\/span><\/p>\n","protected":false},"featured_media":0,"template":"","meta":{"_monsterinsights_skip_tracking":false,"_monsterinsights_sitenote_active":false,"_monsterinsights_sitenote_note":"","_monsterinsights_sitenote_category":0},"product_brand":[],"product_cat":[13005],"product_tag":[],"class_list":{"0":"post-773610","1":"product","2":"type-product","3":"status-publish","5":"product_cat-bilim-muhendislik","6":"pa_cilt-ciltsiz","7":"pa_tur-kitap","8":"pa_yayinevi-vakifbank-kultur-yayinlari","9":"pa_yazar-tim-maudlin","11":"first","12":"instock","13":"sale","14":"shipping-taxable","15":"purchasable","16":"product-type-simple"},"_links":{"self":[{"href":"https:\/\/roveyayinevi.com.tr\/index.php\/wp-json\/wp\/v2\/product\/773610","targetHints":{"allow":["GET"]}}],"collection":[{"href":"https:\/\/roveyayinevi.com.tr\/index.php\/wp-json\/wp\/v2\/product"}],"about":[{"href":"https:\/\/roveyayinevi.com.tr\/index.php\/wp-json\/wp\/v2\/types\/product"}],"wp:attachment":[{"href":"https:\/\/roveyayinevi.com.tr\/index.php\/wp-json\/wp\/v2\/media?parent=773610"}],"wp:term":[{"taxonomy":"product_brand","embeddable":true,"href":"https:\/\/roveyayinevi.com.tr\/index.php\/wp-json\/wp\/v2\/product_brand?post=773610"},{"taxonomy":"product_cat","embeddable":true,"href":"https:\/\/roveyayinevi.com.tr\/index.php\/wp-json\/wp\/v2\/product_cat?post=773610"},{"taxonomy":"product_tag","embeddable":true,"href":"https:\/\/roveyayinevi.com.tr\/index.php\/wp-json\/wp\/v2\/product_tag?post=773610"}],"curies":[{"name":"wp","href":"https:\/\/api.w.org\/{rel}","templated":true}]}}