{"id":773595,"date":"2025-08-28T16:21:47","date_gmt":"2025-08-28T13:21:47","guid":{"rendered":"https:\/\/roveyayinevi.com.tr\/index.php\/urun\/kultur-ne-ise-yarar-the-school-of-life-hayat-okulu\/"},"modified":"2026-04-12T03:31:18","modified_gmt":"2026-04-12T00:31:18","slug":"kultur-ne-ise-yarar-the-school-of-life-hayat-okulu","status":"publish","type":"product","link":"https:\/\/roveyayinevi.com.tr\/index.php\/urun\/kultur-ne-ise-yarar-the-school-of-life-hayat-okulu\/","title":{"rendered":"K\u00fclt\u00fcr Ne \u0130\u015fe Yarar? &#8211; The School of Life \/ Hayat Okulu"},"content":{"rendered":"<p>M\u00fczik, edebiyat, sinema ve g\u00f6rsel sanatlar\u2026 Toplum olarak k\u00fclt\u00fcr\u00fc hayat\u0131n anlam\u0131na en \u00e7ok yakla_an alanlardan biri olarak g\u00f6r\u00fcr\u00fcz. Peki k\u00fclt\u00fcr insan i\u00e7in ger\u00e7ekten ne ifade eder? K\u00fclt\u00fcr Ne I_e Yarar?, sanat\u0131n ve k\u00fclt\u00fcrel ba_yap\u0131tlar\u0131n asl\u0131nda daha iyi bir ya_am kurma niyetiyle \u00fcretildigini savunuyor. A_k, i_ ve toplumla ilgili ya_ad\u0131g\u0131m\u0131z \u00e7\u0131kmazlara sanat\u0131n nas\u0131l \u0131_\u0131k tuttugunu g\u00f6steriyor. K\u00fclt\u00fcr\u00fc, insan olman\u0131n karma_\u0131k ac\u0131lar\u0131na cevap ararken ba_vurabilecegimiz bir kaynak olarak ele al\u0131yor. Bu kitap, k\u00fclt\u00fcr\u00fc yaln\u0131zca estetik bir begeni nesnesi olarak degil, hayat\u0131 d\u00f6n\u00fc_t\u00fcrme g\u00fcc\u00fcne sahip bir terap\u00f6tik ara\u00e7 olarak g\u00f6rmemizi sagl\u0131yor. Yaln\u0131zl\u0131k, korku, utan\u00e7 ve hayal k\u0131r\u0131kl\u0131g\u0131 gibi evrensel insan deneyimlerine sanat arac\u0131l\u0131g\u0131yla farkl\u0131 bir g\u00f6zle bakabilmenin kap\u0131s\u0131n\u0131 aral\u0131yor. <\/p>\n","protected":false},"excerpt":{"rendered":"<p>M\u00fczik, edebiyat, sinema ve g\u00f6rsel sanatlar\u2026 Toplum olarak k\u00fclt\u00fcr\u00fc hayat\u0131n anlam\u0131na en \u00e7ok yakla_an alanlardan biri olarak g\u00f6r\u00fcr\u00fcz. Peki k\u00fclt\u00fcr insan i\u00e7in ger\u00e7ekten ne ifade eder?<span class=\"excerpt-hellip\"> [\u2026]<\/span><\/p>\n","protected":false},"featured_media":0,"template":"","meta":{"_monsterinsights_skip_tracking":false,"_monsterinsights_sitenote_active":false,"_monsterinsights_sitenote_note":"","_monsterinsights_sitenote_category":0},"product_brand":[],"product_cat":[12364,12376],"product_tag":[],"class_list":{"0":"post-773595","1":"product","2":"type-product","3":"status-publish","5":"product_cat-genel-konular","6":"product_cat-kisisel-gelisim","7":"pa_cilt-ciltsiz","8":"pa_tur-kitap","9":"pa_yayinevi-mona-kitap","10":"pa_yazar-kolektif","12":"first","13":"instock","14":"sale","15":"shipping-taxable","16":"purchasable","17":"product-type-simple"},"_links":{"self":[{"href":"https:\/\/roveyayinevi.com.tr\/index.php\/wp-json\/wp\/v2\/product\/773595","targetHints":{"allow":["GET"]}}],"collection":[{"href":"https:\/\/roveyayinevi.com.tr\/index.php\/wp-json\/wp\/v2\/product"}],"about":[{"href":"https:\/\/roveyayinevi.com.tr\/index.php\/wp-json\/wp\/v2\/types\/product"}],"wp:attachment":[{"href":"https:\/\/roveyayinevi.com.tr\/index.php\/wp-json\/wp\/v2\/media?parent=773595"}],"wp:term":[{"taxonomy":"product_brand","embeddable":true,"href":"https:\/\/roveyayinevi.com.tr\/index.php\/wp-json\/wp\/v2\/product_brand?post=773595"},{"taxonomy":"product_cat","embeddable":true,"href":"https:\/\/roveyayinevi.com.tr\/index.php\/wp-json\/wp\/v2\/product_cat?post=773595"},{"taxonomy":"product_tag","embeddable":true,"href":"https:\/\/roveyayinevi.com.tr\/index.php\/wp-json\/wp\/v2\/product_tag?post=773595"}],"curies":[{"name":"wp","href":"https:\/\/api.w.org\/{rel}","templated":true}]}}