{"id":773594,"date":"2025-08-28T16:21:45","date_gmt":"2025-08-28T13:21:45","guid":{"rendered":"https:\/\/roveyayinevi.com.tr\/index.php\/urun\/avni-tek-ve-biricik\/"},"modified":"2026-04-15T03:39:51","modified_gmt":"2026-04-15T00:39:51","slug":"avni-tek-ve-biricik","status":"publish","type":"product","link":"https:\/\/roveyayinevi.com.tr\/index.php\/urun\/avni-tek-ve-biricik\/","title":{"rendered":"Avni &#8211; Tek ve Biricik"},"content":{"rendered":"<p>Avni \u00e7ok \u00f6zel bir \u00e7ocuk: O ger\u00e7ekten ne oldu\u011fu bilinmeyen bir hayvan! Ondan bir tane daha yok&#8230; Avni \u00f6devlerini yapmas\u0131 i\u00e7in kendinden bir kopya yaratmaya karar verince i\u015fler kar\u0131\u015f\u0131yor! \u00c7\u00fcnk\u00fc Avni \u00e7ok kibar ve iyi niyetli olsa da t\u00fcm \u015fehri birbirine katan kopyalar\u0131 i\u00e7in ayn\u0131 \u015feyleri s\u00f6ylemek m\u00fcmk\u00fcn de\u011fil!<\/p>\n","protected":false},"excerpt":{"rendered":"<p>Avni \u00e7ok \u00f6zel bir \u00e7ocuk: O ger\u00e7ekten ne oldu\u011fu bilinmeyen bir hayvan! Ondan bir tane daha yok&#8230; Avni \u00f6devlerini yapmas\u0131 i\u00e7in kendinden bir kopya yaratmaya karar<span class=\"excerpt-hellip\"> [\u2026]<\/span><\/p>\n","protected":false},"featured_media":0,"template":"","meta":{"_monsterinsights_skip_tracking":false,"_monsterinsights_sitenote_active":false,"_monsterinsights_sitenote_note":"","_monsterinsights_sitenote_category":0},"product_brand":[],"product_cat":[12274,12284],"product_tag":[],"class_list":{"0":"post-773594","1":"product","2":"type-product","3":"status-publish","5":"product_cat-cocuk-ve-genclik-kitaplari","6":"product_cat-hikayeler","7":"pa_cilt-ciltsiz","8":"pa_tur-kitap","9":"pa_yayinevi-buyulu-fener-yayinlari","10":"pa_yazar-romain-pujol-vincent-caut","12":"first","13":"instock","14":"sale","15":"shipping-taxable","16":"purchasable","17":"product-type-simple"},"_links":{"self":[{"href":"https:\/\/roveyayinevi.com.tr\/index.php\/wp-json\/wp\/v2\/product\/773594","targetHints":{"allow":["GET"]}}],"collection":[{"href":"https:\/\/roveyayinevi.com.tr\/index.php\/wp-json\/wp\/v2\/product"}],"about":[{"href":"https:\/\/roveyayinevi.com.tr\/index.php\/wp-json\/wp\/v2\/types\/product"}],"wp:attachment":[{"href":"https:\/\/roveyayinevi.com.tr\/index.php\/wp-json\/wp\/v2\/media?parent=773594"}],"wp:term":[{"taxonomy":"product_brand","embeddable":true,"href":"https:\/\/roveyayinevi.com.tr\/index.php\/wp-json\/wp\/v2\/product_brand?post=773594"},{"taxonomy":"product_cat","embeddable":true,"href":"https:\/\/roveyayinevi.com.tr\/index.php\/wp-json\/wp\/v2\/product_cat?post=773594"},{"taxonomy":"product_tag","embeddable":true,"href":"https:\/\/roveyayinevi.com.tr\/index.php\/wp-json\/wp\/v2\/product_tag?post=773594"}],"curies":[{"name":"wp","href":"https:\/\/api.w.org\/{rel}","templated":true}]}}