{"id":773587,"date":"2025-08-28T16:21:31","date_gmt":"2025-08-28T13:21:31","guid":{"rendered":"https:\/\/roveyayinevi.com.tr\/index.php\/urun\/ic-sesim-ile-uzlasma\/"},"modified":"2026-04-08T03:36:39","modified_gmt":"2026-04-08T00:36:39","slug":"ic-sesim-ile-uzlasma","status":"publish","type":"product","link":"https:\/\/roveyayinevi.com.tr\/index.php\/urun\/ic-sesim-ile-uzlasma\/","title":{"rendered":"\u0130\u00e7 Sesim ile Uzla\u015fma"},"content":{"rendered":"<p>Hayat, sand\u0131\u011f\u0131m\u0131z kadar zorlu bir oyun de\u011fildir. Bizler, basit \u00e7\u00f6z\u00fcmleri g\u00f6remeyecek kadar \u00e7ok bilgi ile doluyuz. Bu nedenle kendimiz hakk\u0131ndaki bilgilerden s\u0131yr\u0131larak; \u00e7ocuk safl\u0131\u011f\u0131nda yeniden bilmeye ihtiyac\u0131m\u0131z vard\u0131r. Her \u015fey s\u00f6zd\u00fcr. S\u00f6zle ba\u015flar. Bildiklerimizin \u00f6tesinde g\u00f6remediklerimizi \u0130\u00c7 SES\u0130M\u0130Z ile ke\u015ffedebiliriz. Her \u015feye ra\u011fmen kendimizin uzman\u0131, \u015fimdinin mimar\u0131 olabiliriz.   Ya\u015fam sahnemizde arzu etti\u011fimiz herhangi bir potansiyeli d\u00fc\u015f\u00fcnerek var etme f\u0131rsat\u0131m\u0131z vard\u0131r. Yeter ki i\u00e7imizdeki sesin, \u00d6Z\u00dcN SES\u0130 oldu\u011funu fark edip, onunla uzla\u015fmaya niyet edelim.   \u201cHi\u00e7birinizden bir fark\u0131m yok. Tek fark\u0131m\u0131z bu kitapta yazanlar\u0131 sizden \u00f6nce uygulam\u0131\u015f olmamd\u0131r. Yazd\u0131klar\u0131m \u00f6nce beni d\u00f6n\u00fc\u015ft\u00fcrd\u00fc, \u015fimdi sizlere de bunun m\u00fcmk\u00fcnl\u00fc\u011f\u00fcn\u00fc hat\u0131rlatmaya niyet ediyorum. \u00c7\u00fcnk\u00fc art\u0131k biliyorum ki, gelecek her g\u00fcn yeniden yaz\u0131l\u0131yor. Yeter ki bug\u00fcnden itibaren \u201cben\u201d dedi\u011fimiz al\u0131\u015f\u0131lm\u0131\u015f ki\u015fili\u011fimizi sahiplenmeyelim.\u201d   Kurucusu oldu\u011fu \u201cKim Demi\u015f Yapamazs\u0131n\u201d b\u00fct\u00fcnsel d\u00f6n\u00fc\u015f\u00fcm akademisi arac\u0131l\u0131\u011f\u0131yla bireylerin i\u00e7 sesleriyle uzla\u015fmalar\u0131na yard\u0131mc\u0131 olan \u00c7iler Ezgi Odaba\u015fo\u011flu, okuyucuyu kendi i\u00e7 sesiyle uzla\u015f\u0131p ya\u015famlar\u0131n\u0131 d\u00f6n\u00fc\u015ft\u00fcrmeye davet ediyor. Anahtar bu kitapta; fark\u0131ndal\u0131\u011f\u0131n kap\u0131s\u0131n\u0131 aralay\u0131p i\u00e7eri girecek olan sensin!<\/p>\n","protected":false},"excerpt":{"rendered":"<p>Hayat, sand\u0131\u011f\u0131m\u0131z kadar zorlu bir oyun de\u011fildir. Bizler, basit \u00e7\u00f6z\u00fcmleri g\u00f6remeyecek kadar \u00e7ok bilgi ile doluyuz. Bu nedenle kendimiz hakk\u0131ndaki bilgilerden s\u0131yr\u0131larak; \u00e7ocuk safl\u0131\u011f\u0131nda yeniden bilmeye<span class=\"excerpt-hellip\"> [\u2026]<\/span><\/p>\n","protected":false},"featured_media":0,"template":"","meta":{"_monsterinsights_skip_tracking":false,"_monsterinsights_sitenote_active":false,"_monsterinsights_sitenote_note":"","_monsterinsights_sitenote_category":0},"product_brand":[],"product_cat":[12364,12376],"product_tag":[],"class_list":{"0":"post-773587","1":"product","2":"type-product","3":"status-publish","5":"product_cat-genel-konular","6":"product_cat-kisisel-gelisim","7":"pa_cilt-ciltsiz","8":"pa_tur-kitap","9":"pa_yayinevi-luna-yayinlari","10":"pa_yazar-ciler-ezgi-odabasoglu","12":"first","13":"instock","14":"sale","15":"shipping-taxable","16":"purchasable","17":"product-type-simple"},"_links":{"self":[{"href":"https:\/\/roveyayinevi.com.tr\/index.php\/wp-json\/wp\/v2\/product\/773587","targetHints":{"allow":["GET"]}}],"collection":[{"href":"https:\/\/roveyayinevi.com.tr\/index.php\/wp-json\/wp\/v2\/product"}],"about":[{"href":"https:\/\/roveyayinevi.com.tr\/index.php\/wp-json\/wp\/v2\/types\/product"}],"wp:attachment":[{"href":"https:\/\/roveyayinevi.com.tr\/index.php\/wp-json\/wp\/v2\/media?parent=773587"}],"wp:term":[{"taxonomy":"product_brand","embeddable":true,"href":"https:\/\/roveyayinevi.com.tr\/index.php\/wp-json\/wp\/v2\/product_brand?post=773587"},{"taxonomy":"product_cat","embeddable":true,"href":"https:\/\/roveyayinevi.com.tr\/index.php\/wp-json\/wp\/v2\/product_cat?post=773587"},{"taxonomy":"product_tag","embeddable":true,"href":"https:\/\/roveyayinevi.com.tr\/index.php\/wp-json\/wp\/v2\/product_tag?post=773587"}],"curies":[{"name":"wp","href":"https:\/\/api.w.org\/{rel}","templated":true}]}}