{"id":773585,"date":"2025-08-28T16:21:26","date_gmt":"2025-08-28T13:21:26","guid":{"rendered":"https:\/\/roveyayinevi.com.tr\/index.php\/urun\/gordun-mu-turnam\/"},"modified":"2026-04-15T03:39:50","modified_gmt":"2026-04-15T00:39:50","slug":"gordun-mu-turnam","status":"publish","type":"product","link":"https:\/\/roveyayinevi.com.tr\/index.php\/urun\/gordun-mu-turnam\/","title":{"rendered":"G\u00f6rd\u00fcn m\u00fc Turnam"},"content":{"rendered":"<p>A\u00e7\u0131lan kap\u0131dan i\u00e7eri girdik Erenler kat\u0131nda ikrar\u0131 verdik Pirin elinden bir dolu ald\u0131k \u015e\u00fck\u00fcr k\u0131smetimiz geldi erenler   Hakikat kap\u0131s\u0131 i\u00e7erde imi\u015f B\u00fct\u00fcn dertlerin derman\u0131 buymu\u015f K\u0131rklar\u0131n Cemi\u2019nde bir \u00fcz\u00fcm yenmi\u015f \u015e\u00fck\u00fcr bug\u00fcn\u00fc de g\u00f6rd\u00fck erenler   Bu Cem\u2019de rehberlik Ali\u2019ye verildi Muhammed Mustafa vekil k\u0131l\u0131nd\u0131 G\u00f6r\u00fcnmeyen y\u00fczler burda g\u00f6r\u00fcld\u00fc \u015e\u00fck\u00fcr bug\u00fcn\u00fc de g\u00f6rd\u00fck erenler   Cennet-i Al\u00e2\u2019dan bir elma geldi Yenilmesi i\u00e7in meydana kondu Cem\u2019de olanlar nasibini ald\u0131 Bizim de k\u0131smetimiz geldi erenler   Erenler Cem etti Hakk\u2019\u0131n yolunda \u00c2\u015f\u0131klar \u00e7ald\u0131 sazlar elinde Sefil D\u00f6nd\u00fc dersen kendi h\u00e2linde \u015e\u00fck\u00fcr bug\u00fcn\u00fc de g\u00f6rd\u00fck erenler<\/p>\n","protected":false},"excerpt":{"rendered":"<p>A\u00e7\u0131lan kap\u0131dan i\u00e7eri girdik Erenler kat\u0131nda ikrar\u0131 verdik Pirin elinden bir dolu ald\u0131k \u015e\u00fck\u00fcr k\u0131smetimiz geldi erenler Hakikat kap\u0131s\u0131 i\u00e7erde imi\u015f B\u00fct\u00fcn dertlerin derman\u0131 buymu\u015f K\u0131rklar\u0131n<span class=\"excerpt-hellip\"> [\u2026]<\/span><\/p>\n","protected":false},"featured_media":0,"template":"","meta":{"_monsterinsights_skip_tracking":false,"_monsterinsights_sitenote_active":false,"_monsterinsights_sitenote_note":"","_monsterinsights_sitenote_category":0},"product_brand":[],"product_cat":[12291,12509],"product_tag":[],"class_list":{"0":"post-773585","1":"product","2":"type-product","3":"status-publish","5":"product_cat-edebiyat","6":"product_cat-siir","7":"pa_cilt-ciltsiz","8":"pa_tur-kitap","9":"pa_yayinevi-luna-yayinlari","10":"pa_yazar-dondu-haydaroglu","12":"first","13":"instock","14":"sale","15":"shipping-taxable","16":"purchasable","17":"product-type-simple"},"_links":{"self":[{"href":"https:\/\/roveyayinevi.com.tr\/index.php\/wp-json\/wp\/v2\/product\/773585","targetHints":{"allow":["GET"]}}],"collection":[{"href":"https:\/\/roveyayinevi.com.tr\/index.php\/wp-json\/wp\/v2\/product"}],"about":[{"href":"https:\/\/roveyayinevi.com.tr\/index.php\/wp-json\/wp\/v2\/types\/product"}],"wp:attachment":[{"href":"https:\/\/roveyayinevi.com.tr\/index.php\/wp-json\/wp\/v2\/media?parent=773585"}],"wp:term":[{"taxonomy":"product_brand","embeddable":true,"href":"https:\/\/roveyayinevi.com.tr\/index.php\/wp-json\/wp\/v2\/product_brand?post=773585"},{"taxonomy":"product_cat","embeddable":true,"href":"https:\/\/roveyayinevi.com.tr\/index.php\/wp-json\/wp\/v2\/product_cat?post=773585"},{"taxonomy":"product_tag","embeddable":true,"href":"https:\/\/roveyayinevi.com.tr\/index.php\/wp-json\/wp\/v2\/product_tag?post=773585"}],"curies":[{"name":"wp","href":"https:\/\/api.w.org\/{rel}","templated":true}]}}