{"id":773584,"date":"2025-08-28T16:21:23","date_gmt":"2025-08-28T13:21:23","guid":{"rendered":"https:\/\/roveyayinevi.com.tr\/index.php\/urun\/dilden-dokulenler\/"},"modified":"2026-04-15T03:39:50","modified_gmt":"2026-04-15T00:39:50","slug":"dilden-dokulenler","status":"publish","type":"product","link":"https:\/\/roveyayinevi.com.tr\/index.php\/urun\/dilden-dokulenler\/","title":{"rendered":"Dilden D\u00f6k\u00fclenler"},"content":{"rendered":"<p>Ye\u015fillikler i\u00e7inde tatl\u0131 na\u011fmelerle Mavi sular akarken k\u00f6p\u00fck k\u00f6p\u00fck. Bo\u015fa akmas\u0131n nazl\u0131 ya\u015fam suyu, Doldur kovan\u0131 ta\u015f\u0131 g\u00f6n\u00fcl bah\u00e7ene.   Doya doya i\u00e7sin arzulu dudaklar, G\u00fcne\u015f \u0131\u015f\u0131\u011f\u0131ndan yans\u0131n yanaklar. Serinlemek i\u00e7in gir k\u00f6p\u00fckl\u00fc suya, Seni seyreden g\u00f6zler, Huri san\u0131rlar.   S\u00fcl\u00fcn kadar \u00e7ekici narin bedenin, Mavi sular ok\u015farken senin tenini Neden bo\u015f b\u0131rakay\u0131m ki ellerimi? Seni sevip ok\u015famak benim de hakk\u0131m.   Dere, i\u00e7indeki g\u00fczeli seyrederken Papatyalar r\u00fczg\u00e2rlarla e\u011filirken Seni sevip ok\u015famak benim de hakk\u0131m. Seni su gibi kavramak benim de hakk\u0131m!<\/p>\n","protected":false},"excerpt":{"rendered":"<p>Ye\u015fillikler i\u00e7inde tatl\u0131 na\u011fmelerle Mavi sular akarken k\u00f6p\u00fck k\u00f6p\u00fck. Bo\u015fa akmas\u0131n nazl\u0131 ya\u015fam suyu, Doldur kovan\u0131 ta\u015f\u0131 g\u00f6n\u00fcl bah\u00e7ene. Doya doya i\u00e7sin arzulu dudaklar, G\u00fcne\u015f \u0131\u015f\u0131\u011f\u0131ndan<span class=\"excerpt-hellip\"> [\u2026]<\/span><\/p>\n","protected":false},"featured_media":0,"template":"","meta":{"_monsterinsights_skip_tracking":false,"_monsterinsights_sitenote_active":false,"_monsterinsights_sitenote_note":"","_monsterinsights_sitenote_category":0},"product_brand":[],"product_cat":[12291,12509],"product_tag":[],"class_list":{"0":"post-773584","1":"product","2":"type-product","3":"status-publish","5":"product_cat-edebiyat","6":"product_cat-siir","7":"pa_cilt-ciltsiz","8":"pa_tur-kitap","9":"pa_yayinevi-luna-yayinlari","10":"pa_yazar-adem-ali-komurcu","12":"first","13":"instock","14":"sale","15":"shipping-taxable","16":"purchasable","17":"product-type-simple"},"_links":{"self":[{"href":"https:\/\/roveyayinevi.com.tr\/index.php\/wp-json\/wp\/v2\/product\/773584","targetHints":{"allow":["GET"]}}],"collection":[{"href":"https:\/\/roveyayinevi.com.tr\/index.php\/wp-json\/wp\/v2\/product"}],"about":[{"href":"https:\/\/roveyayinevi.com.tr\/index.php\/wp-json\/wp\/v2\/types\/product"}],"wp:attachment":[{"href":"https:\/\/roveyayinevi.com.tr\/index.php\/wp-json\/wp\/v2\/media?parent=773584"}],"wp:term":[{"taxonomy":"product_brand","embeddable":true,"href":"https:\/\/roveyayinevi.com.tr\/index.php\/wp-json\/wp\/v2\/product_brand?post=773584"},{"taxonomy":"product_cat","embeddable":true,"href":"https:\/\/roveyayinevi.com.tr\/index.php\/wp-json\/wp\/v2\/product_cat?post=773584"},{"taxonomy":"product_tag","embeddable":true,"href":"https:\/\/roveyayinevi.com.tr\/index.php\/wp-json\/wp\/v2\/product_tag?post=773584"}],"curies":[{"name":"wp","href":"https:\/\/api.w.org\/{rel}","templated":true}]}}