{"id":773583,"date":"2025-08-28T16:21:21","date_gmt":"2025-08-28T13:21:21","guid":{"rendered":"https:\/\/roveyayinevi.com.tr\/index.php\/urun\/one-punch-mantek-yumruk-cilt-28\/"},"modified":"2026-04-15T03:39:50","modified_gmt":"2026-04-15T00:39:50","slug":"one-punch-mantek-yumruk-cilt-28","status":"publish","type":"product","link":"https:\/\/roveyayinevi.com.tr\/index.php\/urun\/one-punch-mantek-yumruk-cilt-28\/","title":{"rendered":"One-Punch ManTek Yumruk \u2013 Cilt 28"},"content":{"rendered":"<p>Psykos ile Kas\u0131rga\u2019n\u0131n \u015fiddetli psi\u015fik sava\u015f\u0131 kald\u0131\u011f\u0131 yerden devam ediyor. Genos\u2019un yard\u0131m\u0131yla kahramanlar\u0131 ba\u015far\u0131lar\u0131yla kurtaran Kas\u0131rga\u2019n\u0131n g\u00fcc\u00fc, \u015fehri b\u00fckecek boyuta ula\u015ft\u0131. Bu sava\u015fa tan\u0131k olan S s\u0131n\u0131f\u0131 kahramanlar\u0131n kalbinde bir de\u011fi\u015fim mi k\u0131v\u0131lc\u0131mlan\u0131yor?<\/p>\n","protected":false},"excerpt":{"rendered":"<p>Psykos ile Kas\u0131rga\u2019n\u0131n \u015fiddetli psi\u015fik sava\u015f\u0131 kald\u0131\u011f\u0131 yerden devam ediyor. Genos\u2019un yard\u0131m\u0131yla kahramanlar\u0131 ba\u015far\u0131lar\u0131yla kurtaran Kas\u0131rga\u2019n\u0131n g\u00fcc\u00fc, \u015fehri b\u00fckecek boyuta ula\u015ft\u0131. Bu sava\u015fa tan\u0131k olan S<span class=\"excerpt-hellip\"> [\u2026]<\/span><\/p>\n","protected":false},"featured_media":0,"template":"","meta":{"_monsterinsights_skip_tracking":false,"_monsterinsights_sitenote_active":false,"_monsterinsights_sitenote_note":"","_monsterinsights_sitenote_category":0},"product_brand":[],"product_cat":[12416,12291],"product_tag":[],"class_list":{"0":"post-773583","1":"product","2":"type-product","3":"status-publish","5":"product_cat-cizgi-roman","6":"product_cat-edebiyat","7":"pa_cilt-ciltsiz","8":"pa_tur-kitap","9":"pa_yayinevi-akil-celen-kitaplar","10":"pa_yazar-one","12":"first","13":"instock","14":"sale","15":"shipping-taxable","16":"purchasable","17":"product-type-simple"},"_links":{"self":[{"href":"https:\/\/roveyayinevi.com.tr\/index.php\/wp-json\/wp\/v2\/product\/773583","targetHints":{"allow":["GET"]}}],"collection":[{"href":"https:\/\/roveyayinevi.com.tr\/index.php\/wp-json\/wp\/v2\/product"}],"about":[{"href":"https:\/\/roveyayinevi.com.tr\/index.php\/wp-json\/wp\/v2\/types\/product"}],"wp:attachment":[{"href":"https:\/\/roveyayinevi.com.tr\/index.php\/wp-json\/wp\/v2\/media?parent=773583"}],"wp:term":[{"taxonomy":"product_brand","embeddable":true,"href":"https:\/\/roveyayinevi.com.tr\/index.php\/wp-json\/wp\/v2\/product_brand?post=773583"},{"taxonomy":"product_cat","embeddable":true,"href":"https:\/\/roveyayinevi.com.tr\/index.php\/wp-json\/wp\/v2\/product_cat?post=773583"},{"taxonomy":"product_tag","embeddable":true,"href":"https:\/\/roveyayinevi.com.tr\/index.php\/wp-json\/wp\/v2\/product_tag?post=773583"}],"curies":[{"name":"wp","href":"https:\/\/api.w.org\/{rel}","templated":true}]}}