{"id":773581,"date":"2025-08-28T16:21:16","date_gmt":"2025-08-28T13:21:16","guid":{"rendered":"https:\/\/roveyayinevi.com.tr\/index.php\/urun\/blue-box-mavi-kutu-1\/"},"modified":"2026-04-15T03:39:50","modified_gmt":"2026-04-15T00:39:50","slug":"blue-box-mavi-kutu-1","status":"publish","type":"product","link":"https:\/\/roveyayinevi.com.tr\/index.php\/urun\/blue-box-mavi-kutu-1\/","title":{"rendered":"Blue Box \u2013 Mavi Kutu 1"},"content":{"rendered":"<p>Badminton kul\u00fcb\u00fcn\u00fcn bir \u00fcyesi olan Taiki \u0130nomata, k\u0131z basketbol tak\u0131m\u0131ndan \u00fcst s\u0131n\u0131f \u00f6\u011frencisi \u00c7inatsu Kano&#8217;dan ho\u015flan\u0131yor. Onun kendini antrenmanlar\u0131na adayan kararl\u0131 duru\u015funa hayran. Derken beklenmedik bir olay her \u015feyi de\u011fi\u015ftiriyor. Yol uzun, ama hisleri \u00e7ok yak\u0131n. Bir gen\u00e7lik a\u015fk hik\u00e2yesi ba\u015fl\u0131yor!<\/p>\n","protected":false},"excerpt":{"rendered":"<p>Badminton kul\u00fcb\u00fcn\u00fcn bir \u00fcyesi olan Taiki \u0130nomata, k\u0131z basketbol tak\u0131m\u0131ndan \u00fcst s\u0131n\u0131f \u00f6\u011frencisi \u00c7inatsu Kano&#8217;dan ho\u015flan\u0131yor. Onun kendini antrenmanlar\u0131na adayan kararl\u0131 duru\u015funa hayran. Derken beklenmedik bir<span class=\"excerpt-hellip\"> [\u2026]<\/span><\/p>\n","protected":false},"featured_media":0,"template":"","meta":{"_monsterinsights_skip_tracking":false,"_monsterinsights_sitenote_active":false,"_monsterinsights_sitenote_note":"","_monsterinsights_sitenote_category":0},"product_brand":[],"product_cat":[12416,12291],"product_tag":[],"class_list":{"0":"post-773581","1":"product","2":"type-product","3":"status-publish","5":"product_cat-cizgi-roman","6":"product_cat-edebiyat","7":"pa_cilt-ciltsiz","8":"pa_tur-kitap","9":"pa_yayinevi-akil-celen-kitaplar","10":"pa_yazar-kouji-miura","12":"first","13":"instock","14":"sale","15":"shipping-taxable","16":"purchasable","17":"product-type-simple"},"_links":{"self":[{"href":"https:\/\/roveyayinevi.com.tr\/index.php\/wp-json\/wp\/v2\/product\/773581","targetHints":{"allow":["GET"]}}],"collection":[{"href":"https:\/\/roveyayinevi.com.tr\/index.php\/wp-json\/wp\/v2\/product"}],"about":[{"href":"https:\/\/roveyayinevi.com.tr\/index.php\/wp-json\/wp\/v2\/types\/product"}],"wp:attachment":[{"href":"https:\/\/roveyayinevi.com.tr\/index.php\/wp-json\/wp\/v2\/media?parent=773581"}],"wp:term":[{"taxonomy":"product_brand","embeddable":true,"href":"https:\/\/roveyayinevi.com.tr\/index.php\/wp-json\/wp\/v2\/product_brand?post=773581"},{"taxonomy":"product_cat","embeddable":true,"href":"https:\/\/roveyayinevi.com.tr\/index.php\/wp-json\/wp\/v2\/product_cat?post=773581"},{"taxonomy":"product_tag","embeddable":true,"href":"https:\/\/roveyayinevi.com.tr\/index.php\/wp-json\/wp\/v2\/product_tag?post=773581"}],"curies":[{"name":"wp","href":"https:\/\/api.w.org\/{rel}","templated":true}]}}