{"id":773579,"date":"2025-08-28T16:21:11","date_gmt":"2025-08-28T13:21:11","guid":{"rendered":"https:\/\/roveyayinevi.com.tr\/index.php\/urun\/katilin-guncesi\/"},"modified":"2026-04-15T03:39:50","modified_gmt":"2026-04-15T00:39:50","slug":"katilin-guncesi","status":"publish","type":"product","link":"https:\/\/roveyayinevi.com.tr\/index.php\/urun\/katilin-guncesi\/","title":{"rendered":"Katilin G\u00fcncesi"},"content":{"rendered":"<p>Bir defter bulundu. Kirli sayfalar\u0131nda, ge\u00e7mi\u015fte i\u015flenmi\u015f cinayetlerin korkun\u00e7 ayr\u0131nt\u0131lar\u0131 ve gelecekte at\u0131lacak \u00f6l\u00fcmc\u00fcl ad\u0131mlar gizliydi. Her sat\u0131r, bilinmeyen bir el taraf\u0131ndan yaz\u0131lm\u0131\u015f so\u011fuk ve ac\u0131mas\u0131z bir \u00f6l\u00fcm ilan\u0131 gibiydi. O defteri okuyan ise art\u0131k sadece ger\u00e7e\u011fi bilen biri de\u011fil, av listesine eklenen yeni bir hedefti.  Zaman daral\u0131yor. G\u00f6lge gibi bir ad\u0131m, solu\u011funu kesen bir karanl\u0131k gibi pe\u015finde&#8230; Katil izliyor, bekliyor\u2026 Ve s\u0131radaki kurban \u00e7oktan se\u00e7ildi. Ka\u00e7\u0131\u015f yok. Sadece sessiz bir son var. <\/p>\n","protected":false},"excerpt":{"rendered":"<p>Bir defter bulundu. Kirli sayfalar\u0131nda, ge\u00e7mi\u015fte i\u015flenmi\u015f cinayetlerin korkun\u00e7 ayr\u0131nt\u0131lar\u0131 ve gelecekte at\u0131lacak \u00f6l\u00fcmc\u00fcl ad\u0131mlar gizliydi. Her sat\u0131r, bilinmeyen bir el taraf\u0131ndan yaz\u0131lm\u0131\u015f so\u011fuk ve ac\u0131mas\u0131z<span class=\"excerpt-hellip\"> [\u2026]<\/span><\/p>\n","protected":false},"featured_media":0,"template":"","meta":{"_monsterinsights_skip_tracking":false,"_monsterinsights_sitenote_active":false,"_monsterinsights_sitenote_note":"","_monsterinsights_sitenote_category":0},"product_brand":[],"product_cat":[12291,12711],"product_tag":[],"class_list":{"0":"post-773579","1":"product","2":"type-product","3":"status-publish","5":"product_cat-edebiyat","6":"product_cat-roman-oyku","7":"pa_cilt-ciltsiz","8":"pa_tur-kitap","9":"pa_yayinevi-ulysses-yayinlari","10":"pa_yazar-kevser-deveci","12":"first","13":"instock","14":"sale","15":"shipping-taxable","16":"purchasable","17":"product-type-simple"},"_links":{"self":[{"href":"https:\/\/roveyayinevi.com.tr\/index.php\/wp-json\/wp\/v2\/product\/773579","targetHints":{"allow":["GET"]}}],"collection":[{"href":"https:\/\/roveyayinevi.com.tr\/index.php\/wp-json\/wp\/v2\/product"}],"about":[{"href":"https:\/\/roveyayinevi.com.tr\/index.php\/wp-json\/wp\/v2\/types\/product"}],"wp:attachment":[{"href":"https:\/\/roveyayinevi.com.tr\/index.php\/wp-json\/wp\/v2\/media?parent=773579"}],"wp:term":[{"taxonomy":"product_brand","embeddable":true,"href":"https:\/\/roveyayinevi.com.tr\/index.php\/wp-json\/wp\/v2\/product_brand?post=773579"},{"taxonomy":"product_cat","embeddable":true,"href":"https:\/\/roveyayinevi.com.tr\/index.php\/wp-json\/wp\/v2\/product_cat?post=773579"},{"taxonomy":"product_tag","embeddable":true,"href":"https:\/\/roveyayinevi.com.tr\/index.php\/wp-json\/wp\/v2\/product_tag?post=773579"}],"curies":[{"name":"wp","href":"https:\/\/api.w.org\/{rel}","templated":true}]}}