{"id":773578,"date":"2025-08-28T16:21:09","date_gmt":"2025-08-28T13:21:09","guid":{"rendered":"https:\/\/roveyayinevi.com.tr\/index.php\/urun\/sonsuz-eglence-kralligi\/"},"modified":"2026-04-15T03:39:50","modified_gmt":"2026-04-15T00:39:50","slug":"sonsuz-eglence-kralligi","status":"publish","type":"product","link":"https:\/\/roveyayinevi.com.tr\/index.php\/urun\/sonsuz-eglence-kralligi\/","title":{"rendered":"Sonsuz E\u011flence Krall\u0131\u011f\u0131"},"content":{"rendered":"<p>Yakla\u015f\u0131k 15 y\u0131ld\u0131r Eski\u015fehir\u2019de faaliyet g\u00f6steren ESEM Eski\u015fehir Satran\u00e7 E\u011fitim Merkezi Spor Kul\u00fcb\u00fc\u2019n\u00fcn kurucusu Emel Karab\u0131y\u0131k\u2019\u0131n ilk kitab\u0131 olan Sonsuz E\u011flence Krall\u0131\u011f\u0131, satranca ilgi duyan ve temel d\u00fczeyde bilgi sahibi olan \u00e7ocuklar i\u00e7in \u00f6zenle haz\u0131rland\u0131. Bu e\u011flenceli ve fantastik macera dolu hikaye, \u00e7ocuklar\u0131n satran\u00e7 sevgisini art\u0131r\u0131rken bilgisini de geli\u015ftirmeyi ama\u00e7l\u0131yor. \u015eimdi satran\u00e7la dolu bu b\u00fcy\u00fcl\u00fc d\u00fcnyaya ad\u0131m atmaya haz\u0131r m\u0131s\u0131n\u0131z? Keyifli okumalar! <\/p>\n","protected":false},"excerpt":{"rendered":"<p>Yakla\u015f\u0131k 15 y\u0131ld\u0131r Eski\u015fehir\u2019de faaliyet g\u00f6steren ESEM Eski\u015fehir Satran\u00e7 E\u011fitim Merkezi Spor Kul\u00fcb\u00fc\u2019n\u00fcn kurucusu Emel Karab\u0131y\u0131k\u2019\u0131n ilk kitab\u0131 olan Sonsuz E\u011flence Krall\u0131\u011f\u0131, satranca ilgi duyan ve<span class=\"excerpt-hellip\"> [\u2026]<\/span><\/p>\n","protected":false},"featured_media":0,"template":"","meta":{"_monsterinsights_skip_tracking":false,"_monsterinsights_sitenote_active":false,"_monsterinsights_sitenote_note":"","_monsterinsights_sitenote_category":0},"product_brand":[],"product_cat":[12274,15842],"product_tag":[],"class_list":{"0":"post-773578","1":"product","2":"type-product","3":"status-publish","5":"product_cat-cocuk-ve-genclik-kitaplari","6":"product_cat-egitici-kitaplar","7":"pa_cilt-ciltsiz","8":"pa_tur-kitap","9":"pa_yayinevi-ulysses-yayinlari","10":"pa_yazar-emel-karabiyik","12":"first","13":"instock","14":"sale","15":"shipping-taxable","16":"purchasable","17":"product-type-simple"},"_links":{"self":[{"href":"https:\/\/roveyayinevi.com.tr\/index.php\/wp-json\/wp\/v2\/product\/773578","targetHints":{"allow":["GET"]}}],"collection":[{"href":"https:\/\/roveyayinevi.com.tr\/index.php\/wp-json\/wp\/v2\/product"}],"about":[{"href":"https:\/\/roveyayinevi.com.tr\/index.php\/wp-json\/wp\/v2\/types\/product"}],"wp:attachment":[{"href":"https:\/\/roveyayinevi.com.tr\/index.php\/wp-json\/wp\/v2\/media?parent=773578"}],"wp:term":[{"taxonomy":"product_brand","embeddable":true,"href":"https:\/\/roveyayinevi.com.tr\/index.php\/wp-json\/wp\/v2\/product_brand?post=773578"},{"taxonomy":"product_cat","embeddable":true,"href":"https:\/\/roveyayinevi.com.tr\/index.php\/wp-json\/wp\/v2\/product_cat?post=773578"},{"taxonomy":"product_tag","embeddable":true,"href":"https:\/\/roveyayinevi.com.tr\/index.php\/wp-json\/wp\/v2\/product_tag?post=773578"}],"curies":[{"name":"wp","href":"https:\/\/api.w.org\/{rel}","templated":true}]}}