{"id":773577,"date":"2025-08-28T16:21:08","date_gmt":"2025-08-28T13:21:08","guid":{"rendered":"https:\/\/roveyayinevi.com.tr\/index.php\/urun\/bir-osmanli-fizyonomi-ve-okult-metni-firdevsi-i-tavilin-firaset-namesi\/"},"modified":"2026-04-15T03:39:50","modified_gmt":"2026-04-15T00:39:50","slug":"bir-osmanli-fizyonomi-ve-okult-metni-firdevsi-i-tavilin-firaset-namesi","status":"publish","type":"product","link":"https:\/\/roveyayinevi.com.tr\/index.php\/urun\/bir-osmanli-fizyonomi-ve-okult-metni-firdevsi-i-tavilin-firaset-namesi\/","title":{"rendered":"Bir Osmanl\u0131 Fizyonomi ve Ok\u00fclt Metni: Firdevsi-\u0130 Tavil\u2019in Firaset-Name\u2019si"},"content":{"rendered":"<p>Bu kitap, Firdevs\u00ee-i Tavil\u2019in Fir\u00e2set-n\u00e2me eseri \u00fczerinden gizli bilimler ve ok\u00fcltizmin Osmanl\u0131 k\u00fclt\u00fcr\u00fcndeki yerini anlamak i\u00e7in bir \u00e7er\u00e7eve sunmay\u0131 ama\u00e7lamaktad\u0131r. \u00c7al\u0131\u015fma, Firdevs\u00ee\u2019nin d\u00fc\u015f\u00fcnce d\u00fcnyas\u0131n\u0131 ve onun eserlerinin g\u00fcn\u00fcm\u00fcz \u00fczerindeki etkisini anlamak i\u00e7in bir ba\u015flang\u0131\u00e7 noktas\u0131 olu\u015fturmay\u0131 ummaktad\u0131r. Gizli bilimler ve ok\u00fcltizmin, insanl\u0131k tarihindeki yeri ve \u00f6nemi, bu t\u00fcr \u00e7al\u0131\u015fmalarla daha iyi anla\u015f\u0131lacak ve gelecekteki ara\u015ft\u0131rmalara ilham verecektir. Bu kapsamda, \u00e7al\u0131\u015fman\u0131n giri\u015f b\u00f6l\u00fcm\u00fcnde, bat\u0131 k\u00fclt\u00fcr\u00fcndeki gizli bilimlerin ve ok\u00fcltizmin tarihsel geli\u015fimi ele al\u0131n\u0131p ok\u00fcltizm, gizem bilim, ezoterizm, spirit\u00fcalizm ve metapsi\u015fik kavramlar\u0131 hakk\u0131nda bilgi verilmi\u015f; ard\u0131ndan Osmanl\u0131 d\u00f6neminde uygulanan fizyonomi, ilm-i fir\u00e2set, ilm-i k\u0131y\u00e2fet gibi gizli bilimlerle benzer y\u00f6nlerine temas edilmi\u015ftir. Birinci b\u00f6l\u00fcmde, Firdevs\u00ee\u2019nin g\u00fcncel biyografisine yer verilmi\u015ftir. \u0130kinci b\u00f6l\u00fcmde ise Firdevs\u00ee\u2019nin Fir\u00e2set-n\u00e2me adl\u0131 eseri, \u00e7e\u015fitli a\u00e7\u0131lardan kapsaml\u0131 bir incelemeye tabi tutulmu\u015ftur. Son olarak \u00fc\u00e7\u00fcnc\u00fc b\u00f6l\u00fcmde, Fir\u00e2set-n\u00e2me\u2019nin mevcut n\u00fcshas\u0131 Latin harflerine transkribe edilmi\u015ftir. <\/p>\n","protected":false},"excerpt":{"rendered":"<p>Bu kitap, Firdevs\u00ee-i Tavil\u2019in Fir\u00e2set-n\u00e2me eseri \u00fczerinden gizli bilimler ve ok\u00fcltizmin Osmanl\u0131 k\u00fclt\u00fcr\u00fcndeki yerini anlamak i\u00e7in bir \u00e7er\u00e7eve sunmay\u0131 ama\u00e7lamaktad\u0131r. \u00c7al\u0131\u015fma, Firdevs\u00ee\u2019nin d\u00fc\u015f\u00fcnce d\u00fcnyas\u0131n\u0131 ve onun<span class=\"excerpt-hellip\"> [\u2026]<\/span><\/p>\n","protected":false},"featured_media":0,"template":"","meta":{"_monsterinsights_skip_tracking":false,"_monsterinsights_sitenote_active":false,"_monsterinsights_sitenote_note":"","_monsterinsights_sitenote_category":0},"product_brand":[],"product_cat":[12370,12304],"product_tag":[],"class_list":{"0":"post-773577","1":"product","2":"type-product","3":"status-publish","5":"product_cat-arastirma-inceleme","6":"product_cat-tarih","7":"pa_cilt-ciltsiz","8":"pa_tur-kitap","9":"pa_yayinevi-soncag-akademik-kitaplar","10":"pa_yazar-sedat-kardas","12":"first","13":"instock","14":"sale","15":"shipping-taxable","16":"purchasable","17":"product-type-simple"},"_links":{"self":[{"href":"https:\/\/roveyayinevi.com.tr\/index.php\/wp-json\/wp\/v2\/product\/773577","targetHints":{"allow":["GET"]}}],"collection":[{"href":"https:\/\/roveyayinevi.com.tr\/index.php\/wp-json\/wp\/v2\/product"}],"about":[{"href":"https:\/\/roveyayinevi.com.tr\/index.php\/wp-json\/wp\/v2\/types\/product"}],"wp:attachment":[{"href":"https:\/\/roveyayinevi.com.tr\/index.php\/wp-json\/wp\/v2\/media?parent=773577"}],"wp:term":[{"taxonomy":"product_brand","embeddable":true,"href":"https:\/\/roveyayinevi.com.tr\/index.php\/wp-json\/wp\/v2\/product_brand?post=773577"},{"taxonomy":"product_cat","embeddable":true,"href":"https:\/\/roveyayinevi.com.tr\/index.php\/wp-json\/wp\/v2\/product_cat?post=773577"},{"taxonomy":"product_tag","embeddable":true,"href":"https:\/\/roveyayinevi.com.tr\/index.php\/wp-json\/wp\/v2\/product_tag?post=773577"}],"curies":[{"name":"wp","href":"https:\/\/api.w.org\/{rel}","templated":true}]}}