{"id":773573,"date":"2025-08-28T16:21:00","date_gmt":"2025-08-28T13:21:00","guid":{"rendered":"https:\/\/roveyayinevi.com.tr\/index.php\/urun\/turkce-okunuslu-aciklamali-ve-duali-yasin-i-serif-cep-boy\/"},"modified":"2026-04-15T03:39:50","modified_gmt":"2026-04-15T00:39:50","slug":"turkce-okunuslu-aciklamali-ve-duali-yasin-i-serif-cep-boy","status":"publish","type":"product","link":"https:\/\/roveyayinevi.com.tr\/index.php\/urun\/turkce-okunuslu-aciklamali-ve-duali-yasin-i-serif-cep-boy\/","title":{"rendered":"T\u00fcrk\u00e7e Okunu\u015flu, A\u00e7\u0131klamal\u0131 ve Dual\u0131 Yasin-i \u015eerif (Cep Boy)"},"content":{"rendered":"<p>Fatiha Suresi                                                  Beyyine Suresi \u0130hlas Suresi                                                    Zilzal Suresi Y\u00e2sin Suresi                                                   Adiyat Suresi M\u00fclk-Tebareke Suresi                                   Karia Suresi Nebe-Amme Suresi                                       Tekas\u00fcr Suresi Elif Lam Mim                                                Asr Suresi Ayete\u2019l K\u00fcrsi                                                 H\u00fcmeze Suresi Amenerras\u00fcl\u00fc                                                 Fil Suresi H\u00fcvellezi Ersele Rasulehu                             Kurey\u015f Suresi H\u00fcvellah\u00fcllezi                                    Ma\u2019un Suresi \u015eems Suresi                                        Kevser Suresi Leyl Suresi                                         Kafirun Suresi Duha Suresi                                        Nasr Suresi \u0130n\u015firah Suresi                                     Tebbet Suresi Tin Suresi                                           \u0130hlas Suresi Alak Suresi                                         Felak Suresi Kadir Suresi                                       Nas Suresi Muavvizeteyn S\u00fbrelerinin Fazileti Kur\u2019an\u2019dan ve Peygamberimizden Dualar <\/p>\n","protected":false},"excerpt":{"rendered":"<p>Fatiha Suresi Beyyine Suresi \u0130hlas Suresi Zilzal Suresi Y\u00e2sin Suresi Adiyat Suresi M\u00fclk-Tebareke Suresi Karia Suresi Nebe-Amme Suresi Tekas\u00fcr Suresi Elif Lam Mim Asr Suresi Ayete\u2019l<span class=\"excerpt-hellip\"> [\u2026]<\/span><\/p>\n","protected":false},"featured_media":0,"template":"","meta":{"_monsterinsights_skip_tracking":false,"_monsterinsights_sitenote_active":false,"_monsterinsights_sitenote_note":"","_monsterinsights_sitenote_category":0},"product_brand":[],"product_cat":[12718],"product_tag":[],"class_list":{"0":"post-773573","1":"product","2":"type-product","3":"status-publish","5":"product_cat-din","6":"pa_cilt-ciltsiz","7":"pa_tur-kitap","8":"pa_yayinevi-doksan-dokuz-yayinlari","9":"pa_yazar-said-erdemli","11":"first","12":"instock","13":"sale","14":"shipping-taxable","15":"purchasable","16":"product-type-simple"},"_links":{"self":[{"href":"https:\/\/roveyayinevi.com.tr\/index.php\/wp-json\/wp\/v2\/product\/773573","targetHints":{"allow":["GET"]}}],"collection":[{"href":"https:\/\/roveyayinevi.com.tr\/index.php\/wp-json\/wp\/v2\/product"}],"about":[{"href":"https:\/\/roveyayinevi.com.tr\/index.php\/wp-json\/wp\/v2\/types\/product"}],"wp:attachment":[{"href":"https:\/\/roveyayinevi.com.tr\/index.php\/wp-json\/wp\/v2\/media?parent=773573"}],"wp:term":[{"taxonomy":"product_brand","embeddable":true,"href":"https:\/\/roveyayinevi.com.tr\/index.php\/wp-json\/wp\/v2\/product_brand?post=773573"},{"taxonomy":"product_cat","embeddable":true,"href":"https:\/\/roveyayinevi.com.tr\/index.php\/wp-json\/wp\/v2\/product_cat?post=773573"},{"taxonomy":"product_tag","embeddable":true,"href":"https:\/\/roveyayinevi.com.tr\/index.php\/wp-json\/wp\/v2\/product_tag?post=773573"}],"curies":[{"name":"wp","href":"https:\/\/api.w.org\/{rel}","templated":true}]}}